{"id":416,"date":"2012-07-13T13:48:13","date_gmt":"2012-07-13T10:48:13","guid":{"rendered":"https:\/\/mydrink.ee\/product\/cointreau-40-50cl\/"},"modified":"2026-01-14T16:43:09","modified_gmt":"2026-01-14T14:43:09","slug":"cointreau-40-50cl","status":"publish","type":"product","link":"https:\/\/mydrink.ee\/et\/product\/cointreau-40-50cl\/","title":{"rendered":"COINTREAU 40% vol 50CL"},"content":{"rendered":"<p>Cointreaul on kaks n\u00e4gu: puhas Cointreau on selge, kirgas ja rahulik, samas j\u00f5uline ning aromaatne. Maitse on sensuaalne ja p\u00fcsib kaua suus. Oma teist n\u00e4gu n\u00e4itab Cointreau kokkupuutes j\u00e4\u00e4ga: klaasi, j\u00e4\u00e4t\u00fcki \u00fcmber, tekivad &#8220;\u00f5lised&#8221; ringid, mis muutuvad tihedamaks, kuni kogu klaasi sisu on l\u00e4bipaistmatu ja sirab. See on nn &#8220;opalestsentsi efekt&#8221;. Selle efekti olemasolu t\u00f5estab Cointreaus sisalduvate eeterlike \u00f5lide rohkust ja joogi naturaalsust. J\u00e4\u00e4ga saadab Cointreaud ka uute aroomide plahvatuslik esiletulek ning uus kerge maitse ja j\u00e4lle pikk j\u00e4relmaitse. Nii muutub Cointreau igal ajal kergelt nauditavaks.<br \/>\nKui panna j\u00e4\u00e4t\u00fckk m\u00f5ne triple sec lik\u00f6\u00f6ri hulka, j\u00e4\u00e4b see kristallselgeks. Miks? Kuna need ei sisalda nii palju eeterlikke \u00f5lisid, sest nende algmaterjalid on tavaliselt aromaatsed pulbrid ja tootmises puudub destilleerimisprotsess.<\/p>\n<p>Et meister saaks segada perfektselt tasakaalustatud Cointreaud, vajab ta v\u00e4ga head algmaterjali. Cointreau neli p\u00f5hikomponenti on:<br \/>\n&#8211; magusate ja m\u00f5rude apelsinide koored, mida toodetakse Cointreau istandustes Haitil, Hispaanias ja Brasiilias<br \/>\n&#8211; alkohol &#8211; k\u00f5rgekvaliteediline, naturaalne ja neutraalne, alc. 96\u00ba<br \/>\n&#8211; suhkur &#8211; puhtaim ja valgeim, mida v\u00f5ib leida nn &#8220;Sugar No 1&#8221;<br \/>\n&#8211; vesi &#8211; 2 korda filtreeritud, kristallselge, l\u00f5hnatu, sest sellest oleneb ka Cointreau selgus <\/p>\n<p>\u201cCointreau\u201d nimelise destilleerimistehase asutajateks olid XIX sajandi keskel kaks venda Adolphe ja Edouard-Jean Cointreau. Nende \u00e4riidee sai alguse kommipoest, kus m\u00fc\u00fcdi esialgu Adolphe Cointreau valmistatud kompvekke, hiljem aga oma \u201ctehases\u201d kohalikest marjadest valmistatud lik\u00f6\u00f6re.<br \/>\nEdu tuli kohe &#8211; sellest r\u00e4\u00e4givad \u00fcle maailma v\u00f5idetud arvukad medalid ja auhinnad.<br \/>\nT\u00e4nu mitmete generatsioonide p\u00fc\u00fcetele nii tootmises kui m\u00fc\u00fcgis, on t\u00e4nap\u00e4eval Cointreau baarmenite lemmik ja h\u00e4sti tuntud k\u00f5ikidel kontinentidel, esindades igal pool luksust, kvaliteeti ja head maitset.<\/p>\n","protected":false},"excerpt":{"rendered":"<p>Liik: Lik\u00f6\u00f6r<br \/>\nKastis: 12<br \/>\nMaht: 50CL<br \/>\nAlkoholisisaldus: 40% vol<br \/>\nP\u00e4ritolumaa: Prantsusmaa<\/p>\n<p>Valik kokteile:<br \/>\nMARGARITA<br \/>\nMANHATTAN<br \/>\nCOSMOPOLITAN<br \/>\nDAIQUIRI<br \/>\nCOINTREAU FIZZ<br \/>\nB52<br \/>\nCARRIBEAN<br \/>\nKAMIKAZE<\/p>\n","protected":false},"featured_media":409,"template":"","meta":{"_acf_changed":false,"_kadence_starter_templates_imported_post":false,"_kad_post_transparent":"","_kad_post_title":"","_kad_post_layout":"","_kad_post_sidebar_id":"","_kad_post_content_style":"","_kad_post_vertical_padding":"","_kad_post_feature":"","_kad_post_feature_position":"","_kad_post_header":false,"_kad_post_footer":false},"product_brand":[],"product_cat":[43,26],"product_tag":[],"class_list":{"0":"post-416","1":"product","2":"type-product","3":"status-publish","4":"has-post-thumbnail","6":"product_cat-likoor","7":"product_cat-kange-alkohol","9":"first","10":"instock","11":"taxable","12":"shipping-taxable","13":"purchasable","14":"product-type-simple","15":"entry","16":"content-bg","17":"loop-entry"},"acf":[],"_links":{"self":[{"href":"https:\/\/mydrink.ee\/et\/wp-json\/wp\/v2\/product\/416","targetHints":{"allow":["GET"]}}],"collection":[{"href":"https:\/\/mydrink.ee\/et\/wp-json\/wp\/v2\/product"}],"about":[{"href":"https:\/\/mydrink.ee\/et\/wp-json\/wp\/v2\/types\/product"}],"wp:featuredmedia":[{"embeddable":true,"href":"https:\/\/mydrink.ee\/et\/wp-json\/wp\/v2\/media\/409"}],"wp:attachment":[{"href":"https:\/\/mydrink.ee\/et\/wp-json\/wp\/v2\/media?parent=416"}],"wp:term":[{"taxonomy":"product_brand","embeddable":true,"href":"https:\/\/mydrink.ee\/et\/wp-json\/wp\/v2\/product_brand?post=416"},{"taxonomy":"product_cat","embeddable":true,"href":"https:\/\/mydrink.ee\/et\/wp-json\/wp\/v2\/product_cat?post=416"},{"taxonomy":"product_tag","embeddable":true,"href":"https:\/\/mydrink.ee\/et\/wp-json\/wp\/v2\/product_tag?post=416"}],"curies":[{"name":"wp","href":"https:\/\/api.w.org\/{rel}","templated":true}]}}