{"id":4161,"date":"2019-03-28T21:37:11","date_gmt":"2019-03-28T19:37:11","guid":{"rendered":"https:\/\/mydrink.ee\/product\/piper-heidsieck-brut-vintage-2012-12-75cl\/"},"modified":"2025-12-01T10:55:59","modified_gmt":"2025-12-01T08:55:59","slug":"piper-heidsieck-brut-vintage-2012-12-75cl","status":"publish","type":"product","link":"https:\/\/mydrink.ee\/et\/product\/piper-heidsieck-brut-vintage-2012-12-75cl\/","title":{"rendered":"PIPER HEIDSIECK BRUT VINTAGE 2018 12% 75CL"},"content":{"rendered":"<p><strong style=\"font-weight: bold; color: #000000; font-family: open-sans, sans-serif; font-size: 14px; font-style: normal; font-variant-ligatures: normal; font-variant-caps: normal; letter-spacing: normal; orphans: 2; text-align: justify; text-indent: 0px; text-transform: none; white-space: normal; widows: 2; word-spacing: 0px; -webkit-text-stroke-width: 0px; background-color: #ffffff; text-decoration-style: initial; text-decoration-color: initial;\">Tootekirjeldus:<\/strong><strong style=\"font-weight: bold; color: #000000; font-family: open-sans, sans-serif; font-size: 14px; font-style: normal; font-variant-ligatures: normal; font-variant-caps: normal; letter-spacing: normal; orphans: 2; text-align: justify; text-indent: 0px; text-transform: none; white-space: normal; widows: 2; word-spacing: 0px; -webkit-text-stroke-width: 0px; background-color: #ffffff; text-decoration-style: initial; text-decoration-color: initial;\"><br \/><\/strong><span style=\"color: #000000; font-family: open-sans, sans-serif; font-size: 14px; font-style: normal; font-variant-ligatures: normal; font-variant-caps: normal; font-weight: 400; letter-spacing: normal; orphans: 2; text-align: justify; text-indent: 0px; text-transform: none; white-space: normal; widows: 2; word-spacing: 0px; -webkit-text-stroke-width: 0px; background-color: #ffffff; text-decoration-style: initial; text-decoration-color: initial; display: inline !important; float: none;\">Piper-Heidsiecki \u0161ampanjat armastas Prantsusmaa kuninganna Marie Antoinette, seda joovad filmimaailma legendid Cannes\u2019i filmifestivalil ja Oscari galal ning just selle \u0161ampanjaga alustas oma p\u00e4eva ka Marilyn Monroe. Piper-Heidsiecki \u0161ampanjabr\u00e4nd on \u00fcks maailma vanematest, mille ajalugu ulatub 1785. aastasse.<\/span><\/p>\n\n<style>.wp-block-kadence-advancedheading.kt-adv-heading4161_3f145d-7f, .wp-block-kadence-advancedheading.kt-adv-heading4161_3f145d-7f[data-kb-block=\"kb-adv-heading4161_3f145d-7f\"]{font-style:normal;}.wp-block-kadence-advancedheading.kt-adv-heading4161_3f145d-7f mark.kt-highlight, .wp-block-kadence-advancedheading.kt-adv-heading4161_3f145d-7f[data-kb-block=\"kb-adv-heading4161_3f145d-7f\"] mark.kt-highlight{font-style:normal;color:#f76a0c;-webkit-box-decoration-break:clone;box-decoration-break:clone;padding-top:0px;padding-right:0px;padding-bottom:0px;padding-left:0px;}<\/style>\n<p class=\"kt-adv-heading4161_3f145d-7f wp-block-kadence-advancedheading\" data-kb-block=\"kb-adv-heading4161_3f145d-7f\"><\/p>\n","protected":false},"excerpt":{"rendered":"<p>Tooteliik: Shampanja<br \/>\nAastak\u00e4ik: 2018<br \/>\nMagususe aste: Kuiv<br \/>\nP\u00e4ritolumaa: Prantsusmaa<br \/>\nPiirkond: Champagne<br \/>\nViinamarjasort: 52% Pinot Noir, 48% Chardonnay<br \/>\nAlkoholisisaldus: 12%<br \/>\nV\u00e4rvus: Kuldne<br \/>\nAroom: Esile t\u00f5usevad v\u00e4rsked laimi-ja mandariinilehtede aroomid, mida seej\u00e4rel t\u00e4iustavad suitsused noodid.<br \/>\nMaitse: granaat\u00f5una ja mandli noodid, k\u00fcpsed marjad \u2013 must kirss ja mustikad. Pikk ja siidine j\u00e4rlemaitse.<br \/>\nSaadaolevad m\u00f5\u00f5dud: 75cl<\/p>\n","protected":false},"featured_media":8631,"template":"","meta":{"_acf_changed":false,"_kadence_starter_templates_imported_post":false,"_kad_post_transparent":"","_kad_post_title":"","_kad_post_layout":"","_kad_post_sidebar_id":"","_kad_post_content_style":"","_kad_post_vertical_padding":"","_kad_post_feature":"","_kad_post_feature_position":"","_kad_post_header":false,"_kad_post_footer":false},"product_brand":[],"product_cat":[122,24,115,22],"product_tag":[],"class_list":{"0":"post-4161","1":"product","2":"type-product","3":"status-publish","4":"has-post-thumbnail","6":"product_cat-shampanjad","7":"product_cat-vahuveinid","8":"product_cat-shampanja","9":"product_cat-kingiideed","11":"first","12":"instock","13":"taxable","14":"shipping-taxable","15":"purchasable","16":"product-type-simple","17":"entry","18":"content-bg","19":"loop-entry"},"acf":[],"_links":{"self":[{"href":"https:\/\/mydrink.ee\/et\/wp-json\/wp\/v2\/product\/4161","targetHints":{"allow":["GET"]}}],"collection":[{"href":"https:\/\/mydrink.ee\/et\/wp-json\/wp\/v2\/product"}],"about":[{"href":"https:\/\/mydrink.ee\/et\/wp-json\/wp\/v2\/types\/product"}],"wp:featuredmedia":[{"embeddable":true,"href":"https:\/\/mydrink.ee\/et\/wp-json\/wp\/v2\/media\/8631"}],"wp:attachment":[{"href":"https:\/\/mydrink.ee\/et\/wp-json\/wp\/v2\/media?parent=4161"}],"wp:term":[{"taxonomy":"product_brand","embeddable":true,"href":"https:\/\/mydrink.ee\/et\/wp-json\/wp\/v2\/product_brand?post=4161"},{"taxonomy":"product_cat","embeddable":true,"href":"https:\/\/mydrink.ee\/et\/wp-json\/wp\/v2\/product_cat?post=4161"},{"taxonomy":"product_tag","embeddable":true,"href":"https:\/\/mydrink.ee\/et\/wp-json\/wp\/v2\/product_tag?post=4161"}],"curies":[{"name":"wp","href":"https:\/\/api.w.org\/{rel}","templated":true}]}}