{"id":4251,"date":"2020-05-21T23:40:53","date_gmt":"2020-05-21T20:40:53","guid":{"rendered":"https:\/\/mydrink.ee\/product\/yellow-rose-rye-whiskey-45-70cl\/"},"modified":"2020-05-21T23:40:53","modified_gmt":"2020-05-21T20:40:53","slug":"yellow-rose-rye-whiskey-45-70cl","status":"publish","type":"product","link":"https:\/\/mydrink.ee\/et\/product\/yellow-rose-rye-whiskey-45-70cl\/","title":{"rendered":"YELLOW ROSE RYE WHISKEY 45%70CL"},"content":{"rendered":"<h2 style=\"font-weight: 300; margin-bottom: 1.1em; font-size: 30px; color: #0c4692; font-family: open-sans, sans-serif; font-style: normal; font-variant-ligatures: normal; font-variant-caps: normal; letter-spacing: normal; orphans: 2; text-align: justify; text-indent: 0px; text-transform: none; white-space: normal; widows: 2; word-spacing: 0px; -webkit-text-stroke-width: 0px; background-color: #ffffff; text-decoration-thickness: initial; text-decoration-style: initial; text-decoration-color: initial;\">Kirjeldus<\/h2>\n<p style=\"margin-bottom: 1.47em; line-height: 1.8; margin-top: -15px; color: #000000; font-family: open-sans, sans-serif; font-size: 14px; font-style: normal; font-variant-ligatures: normal; font-variant-caps: normal; font-weight: 400; letter-spacing: normal; orphans: 2; text-align: justify; text-indent: 0px; text-transform: none; white-space: normal; widows: 2; word-spacing: 0px; -webkit-text-stroke-width: 0px; background-color: #ffffff; text-decoration-thickness: initial; text-decoration-style: initial; text-decoration-color: initial;\"><strong style=\"font-weight: bold;\">Yellow Rose Rye rukkiviskit<\/strong><span>\u00a0<\/span>valmistatakse hoolikalt valitud v\u00e4ikestes partiides. Toote valmistamisel kasutatakse 95% rukist ja 5% odralinnaseid. See viski on t\u00f5eline Ameerika klassika, mis sobib suurep\u00e4raselt kokteilide valmistamiseks.<\/p>\n<p style=\"margin-bottom: 1.47em; line-height: 1.8; color: #000000; font-family: open-sans, sans-serif; font-size: 14px; font-style: normal; font-variant-ligatures: normal; font-variant-caps: normal; font-weight: 400; letter-spacing: normal; orphans: 2; text-align: justify; text-indent: 0px; text-transform: none; white-space: normal; widows: 2; word-spacing: 0px; -webkit-text-stroke-width: 0px; background-color: #ffffff; text-decoration-thickness: initial; text-decoration-style: initial; text-decoration-color: initial;\">Serveerimine:\u00a0Naudi puhtalt, j\u00e4\u00e4ga v\u00f5i kokteilides (Manhattans, Old-Fashioned)<\/p>\n<p style=\"margin-bottom: 1.47em; line-height: 1.8; color: #000000; font-family: open-sans, sans-serif; font-size: 14px; font-style: normal; font-variant-ligatures: normal; font-variant-caps: normal; font-weight: 400; letter-spacing: normal; orphans: 2; text-align: justify; text-indent: 0px; text-transform: none; white-space: normal; widows: 2; word-spacing: 0px; -webkit-text-stroke-width: 0px; background-color: #ffffff; text-decoration-thickness: initial; text-decoration-style: initial; text-decoration-color: initial;\"><em><strong style=\"font-weight: bold;\">Yellow Rose Distillery<\/strong>\u00a0asutati 2010 aastal Houston\u2019is, mis oli ka esimene legaalne viskivabrik selles linnas. \u00a0Br\u00e4nd on nimetatud Emily West Morgani auks, keda tuntakse kui \u201cThe Yellow Rose of Texas\u201d \u2013 tegelaskuju folkloorist, kes on kuulus oma rolli eest, mis aitas Texasel kindlustada s\u00f5ltumatus Mehhikost.<\/em><\/p>\n<p style=\"margin-bottom: 1.47em; line-height: 1.8; color: #000000; font-family: open-sans, sans-serif; font-size: 14px; font-style: normal; font-variant-ligatures: normal; font-variant-caps: normal; font-weight: 400; letter-spacing: normal; orphans: 2; text-align: justify; text-indent: 0px; text-transform: none; white-space: normal; widows: 2; word-spacing: 0px; -webkit-text-stroke-width: 0px; background-color: #ffffff; text-decoration-thickness: initial; text-decoration-style: initial; text-decoration-color: initial;\"><em>Yellow Rose saab alguse Texase pinnasest, on valmistatud teraviljadest mis kasvatatud Texase farmerite poolt ja on nii m\u00e4rkimisv\u00e4\u00e4rselt m\u00f5jutatud Texase ilmastiku ise\u00e4rasustest, et eristub selgelt teistest viskidest.<\/em><br \/><em>90% ajast on Huostonis kuum ja niiske ning see Kariibidele sarnane keskkond v\u00f5ib p\u00f5hjustada 10-15\u00b0 C temperatuuri k\u00f5ikumisi aasta l\u00e4bi. Yellow Rose l\u00f5ikab sellest k\u00f5ikumisest kasu, v\u00f5imaldades viskil Ameerika valges tammevaadis paisuda ja kokku t\u00f5mbuda looduslikult, reguleerimata temperatuuriga laos\u00a0nii, nagu termomeeter t\u00f5useb ja langeb: see f\u00fc\u00fcsiline n\u00e4htus aitab suurendada puiduga kokkupuudet, kiirendades vananemisprotsessi, andes n\u00fcansse ja maitseid, mis tagavad maheda ning nauditava toote. Ainus negatiivne k\u00fclg selle juures on tavalisest suurem \u201cinglite osa\u201d, mis v\u00f5ib ulatuda kuni 30%ni vaadi kohta, kuid mis muudab selle viski veelgi v\u00e4\u00e4rtuslikumaks.<\/em><\/p>\n<p style=\"margin-bottom: 1.47em; line-height: 1.8; color: #000000; font-family: open-sans, sans-serif; font-size: 14px; font-style: normal; font-variant-ligatures: normal; font-variant-caps: normal; font-weight: 400; letter-spacing: normal; orphans: 2; text-align: justify; text-indent: 0px; text-transform: none; white-space: normal; widows: 2; word-spacing: 0px; -webkit-text-stroke-width: 0px; background-color: #ffffff; text-decoration-thickness: initial; text-decoration-style: initial; text-decoration-color: initial;\"><em>Erinevalt mujal maailmas toodetud viskidest, ei m\u00e4\u00e4ra Yellow Rose\u2019i maitseprofiili mitte vaadis k\u00fcpsemise aeg, vaid see, kuidas v\u00e4lised ilmastikutingimused m\u00f5jutavad vedelikku vaadis.<\/em><\/p>\n","protected":false},"excerpt":{"rendered":"<p>Tooteliik: Whiskey<br \/>\nP\u00e4ritolumaa: USA<br \/>\nPiirkond: Houston, Texas<br \/>\nAlkoholisisaldus: 45%<br \/>\nV\u00e4rvus: Vask, merevaik<br \/>\nAroom: Mahe vanilje ja m\u00e4nd, kerged karamellised noodid<br \/>\nMaitse: Kergelt magusa alatooniga, m\u00fcnt, pehme v\u00fcrts ja vaher. Keskmine j\u00e4relmaitse, milles on v\u00e4hem v\u00fcrtsikust kui enamikel rukkiviskidel<\/p>\n","protected":false},"featured_media":4250,"template":"","meta":{"_acf_changed":false,"_kadence_starter_templates_imported_post":false,"_kad_post_transparent":"","_kad_post_title":"","_kad_post_layout":"","_kad_post_sidebar_id":"","_kad_post_content_style":"","_kad_post_vertical_padding":"","_kad_post_feature":"","_kad_post_feature_position":"","_kad_post_header":false,"_kad_post_footer":false},"product_brand":[],"product_cat":[45],"product_tag":[],"class_list":{"0":"post-4251","1":"product","2":"type-product","3":"status-publish","4":"has-post-thumbnail","6":"product_cat-viski","8":"first","9":"instock","10":"taxable","11":"shipping-taxable","12":"purchasable","13":"product-type-simple","14":"entry","15":"content-bg","16":"loop-entry"},"acf":[],"_links":{"self":[{"href":"https:\/\/mydrink.ee\/et\/wp-json\/wp\/v2\/product\/4251","targetHints":{"allow":["GET"]}}],"collection":[{"href":"https:\/\/mydrink.ee\/et\/wp-json\/wp\/v2\/product"}],"about":[{"href":"https:\/\/mydrink.ee\/et\/wp-json\/wp\/v2\/types\/product"}],"wp:featuredmedia":[{"embeddable":true,"href":"https:\/\/mydrink.ee\/et\/wp-json\/wp\/v2\/media\/4250"}],"wp:attachment":[{"href":"https:\/\/mydrink.ee\/et\/wp-json\/wp\/v2\/media?parent=4251"}],"wp:term":[{"taxonomy":"product_brand","embeddable":true,"href":"https:\/\/mydrink.ee\/et\/wp-json\/wp\/v2\/product_brand?post=4251"},{"taxonomy":"product_cat","embeddable":true,"href":"https:\/\/mydrink.ee\/et\/wp-json\/wp\/v2\/product_cat?post=4251"},{"taxonomy":"product_tag","embeddable":true,"href":"https:\/\/mydrink.ee\/et\/wp-json\/wp\/v2\/product_tag?post=4251"}],"curies":[{"name":"wp","href":"https:\/\/api.w.org\/{rel}","templated":true}]}}