{"id":4253,"date":"2020-05-21T23:40:55","date_gmt":"2020-05-21T20:40:55","guid":{"rendered":"https:\/\/mydrink.ee\/product\/yellow-rose-outlaw-bourbonwhiskey-46-70cl\/"},"modified":"2020-05-21T23:40:55","modified_gmt":"2020-05-21T20:40:55","slug":"yellow-rose-outlaw-bourbonwhiskey-46-70cl","status":"publish","type":"product","link":"https:\/\/mydrink.ee\/et\/product\/yellow-rose-outlaw-bourbonwhiskey-46-70cl\/","title":{"rendered":"YELLOW ROSE OUTLAW BOURBON WHISKEY 46% 70CL"},"content":{"rendered":"<p>Kirjeldus<br \/>Viskivabriku lipulaev on Yellow Rose Outlaw \u2013 k\u00f5ige esimene toode, mis turule toodi ja mis on sellise nime saanud, kuna murrab k\u00f5iki traditsioonilise burbooni reegleid:<\/p>\n<p>Burboon peab olema valmistatud v\u00e4hemalt 51% ulatuses maisist \u2013 Yellow Rose Outlaw on valmistatud 100% maisist<br \/>Seda toodetakse traditsioonilisel kahekordse padadestillatsiooni meetodil (double pot-still), et destilleerimisprotsessi k\u00e4igus s\u00e4ilitada enam maitset<br \/>Serveerimine: Naudi puhtalt v\u00f5i j\u00e4\u00e4ga<\/p>\n<p>Yellow Rose Distillery asutati 2010 aastal Houston\u2019is, mis oli ka esimene legaalne viskivabrik selles linnas.\u00a0 Br\u00e4nd on nimetatud Emily West Morgani auks, keda tuntakse kui \u201cThe Yellow Rose of Texas\u201d \u2013 tegelaskuju folkloorist, kes on kuulus oma rolli eest, mis aitas Texasel kindlustada s\u00f5ltumatus Mehhikost.<\/p>\n<p>Yellow Rose saab alguse Texase pinnasest, on valmistatud teraviljadest mis kasvatatud Texase farmerite poolt ja on nii m\u00e4rkimisv\u00e4\u00e4rselt m\u00f5jutatud Texase ilmastiku ise\u00e4rasustest, et eristub selgelt teistest viskidest.<br \/>90% ajast on Huostonis kuum ja niiske ning see Kariibidele sarnane keskkond v\u00f5ib p\u00f5hjustada 10-15\u00b0 C temperatuuri k\u00f5ikumisi aasta l\u00e4bi. Yellow Rose l\u00f5ikab sellest k\u00f5ikumisest kasu, v\u00f5imaldades viskil Ameerika valges tammevaadis paisuda ja kokku t\u00f5mbuda looduslikult, reguleerimata temperatuuriga laos nii, nagu termomeeter t\u00f5useb ja langeb: see f\u00fc\u00fcsiline n\u00e4htus aitab suurendada puiduga kokkupuudet, kiirendades vananemisprotsessi, andes n\u00fcansse ja maitseid, mis tagavad maheda ning nauditava toote. Ainus negatiivne k\u00fclg selle juures on tavalisest suurem \u201cinglite osa\u201d, mis v\u00f5ib ulatuda kuni 30%ni vaadi kohta, kuid mis muudab selle viski veelgi v\u00e4\u00e4rtuslikumaks.<\/p>\n<p>Erinevalt mujal maailmas toodetud viskidest, ei m\u00e4\u00e4ra Yellow Rose\u2019i maitseprofiili mitte vaadis k\u00fcpsemise aeg, vaid see, kuidas v\u00e4lised ilmastikutingimused m\u00f5jutavad vedelikku vaadis.<\/p>\n","protected":false},"excerpt":{"rendered":"<p>Tooteliik: Whiskey<br \/>\nP\u00e4ritolumaa: USA<br \/>\nPiirkond: Houston, Texas<br \/>\nAlkoholisisaldus: 46%<br \/>\nV\u00e4rvus: Vask<br \/>\nAroom: Intensiivne aroom, karamellja vanilje, lillelised noodid<br \/>\nMaitse: Kergelt magusa alatooniga, v\u00e4ga rikkalik. Pikk karamelline j\u00e4relmaitse<\/p>\n","protected":false},"featured_media":4252,"template":"","meta":{"_acf_changed":false,"_kadence_starter_templates_imported_post":false,"_kad_post_transparent":"","_kad_post_title":"","_kad_post_layout":"","_kad_post_sidebar_id":"","_kad_post_content_style":"","_kad_post_vertical_padding":"","_kad_post_feature":"","_kad_post_feature_position":"","_kad_post_header":false,"_kad_post_footer":false},"product_brand":[],"product_cat":[45],"product_tag":[],"class_list":{"0":"post-4253","1":"product","2":"type-product","3":"status-publish","4":"has-post-thumbnail","6":"product_cat-viski","8":"first","9":"instock","10":"taxable","11":"shipping-taxable","12":"purchasable","13":"product-type-simple","14":"entry","15":"content-bg","16":"loop-entry"},"acf":[],"_links":{"self":[{"href":"https:\/\/mydrink.ee\/et\/wp-json\/wp\/v2\/product\/4253","targetHints":{"allow":["GET"]}}],"collection":[{"href":"https:\/\/mydrink.ee\/et\/wp-json\/wp\/v2\/product"}],"about":[{"href":"https:\/\/mydrink.ee\/et\/wp-json\/wp\/v2\/types\/product"}],"wp:featuredmedia":[{"embeddable":true,"href":"https:\/\/mydrink.ee\/et\/wp-json\/wp\/v2\/media\/4252"}],"wp:attachment":[{"href":"https:\/\/mydrink.ee\/et\/wp-json\/wp\/v2\/media?parent=4253"}],"wp:term":[{"taxonomy":"product_brand","embeddable":true,"href":"https:\/\/mydrink.ee\/et\/wp-json\/wp\/v2\/product_brand?post=4253"},{"taxonomy":"product_cat","embeddable":true,"href":"https:\/\/mydrink.ee\/et\/wp-json\/wp\/v2\/product_cat?post=4253"},{"taxonomy":"product_tag","embeddable":true,"href":"https:\/\/mydrink.ee\/et\/wp-json\/wp\/v2\/product_tag?post=4253"}],"curies":[{"name":"wp","href":"https:\/\/api.w.org\/{rel}","templated":true}]}}