{"id":4304,"date":"2020-12-11T09:29:23","date_gmt":"2020-12-11T07:29:23","guid":{"rendered":"https:\/\/mydrink.ee\/product\/maxime-trijol-fins-bois-vintage-1980-40-vol-box-70cl\/"},"modified":"2025-11-21T14:19:28","modified_gmt":"2025-11-21T12:19:28","slug":"maxime-trijol-fins-bois-vintage-1980-40-vol-box-70cl","status":"publish","type":"product","link":"https:\/\/mydrink.ee\/et\/product\/maxime-trijol-fins-bois-vintage-1980-40-vol-box-70cl\/","title":{"rendered":"Maxime Trijol Fins Bois Vintage 1980 40% vol BOX 70CL"},"content":{"rendered":"<p>Distilled in 1980 and bottled in 2019, this exceptionally old vintage dated release resulted in a limited run of 484 bottles. 40% Alc.\/Vol.<br \/>\nSince the Trijol family originally settled as growers and distillers in St Martial Sur N\u00e9, in the heart of the Cognac region they have built on their expertise as growers and distillers, becoming full time distillers in 1962. An independent family firm, Maxime Trijol has twenty 2,500 litre charentais pot stills and is now one of the largest distillers of cognac supplying many of the larger houses. In recent times the company has concentrated on releasing more of its own cognacs, which have been building a great reputation for quality, including rare vintage bottlings. This example is all the more unusual being produced exclusively from fruit sourced from &#8216;Fins Bois&#8217; &#8211; a lesser known appellation that surrounds all three of the major crus making it the largest zone in the region (354,200ha). Chalky soils over a hard limestone base produce brandies that are known to peak fairly quickly, around 10-12 years, so they&#8217;re often used to soften the harder edge of the better Cognacs when young.<\/p>\n<p>TASTING SUGGESTIONS<br \/>\nTo taste pure at 20\u00b0C (70\u00b0)<\/p>\n","protected":false},"excerpt":{"rendered":"<p>Liik: Kange alkohol, Konjak<br \/>\nKastis: 12<br \/>\nMaht: 70CL<br \/>\nAlkoholisisaldus: 40% vol<br \/>\nP\u00e4ritolumaa: Prantsusmaa<br \/>\nV\u00e4rv: Ilmekas mahagoniv\u00e4rv, vaskse tooniga. V\u00e4ljapeetud viskoossus.<br \/>\nAroom: Heas tasakaalus j\u00f5uline, keedetud puuviljade, kuivatatud aprikoosi, lillede ja s\u00fcgisese metsa aroomidega.<br \/>\nMaitse: V\u00f5imas ja mahlakas, kuivatatud ploom, kakao, tammepuu, alusmets.<br \/>\nJ\u00e4relmaitse on vahetu, s\u00e4ilitades selle eau-de-vie v\u00e4\u00e4rika puidulisuse, mis j\u00e4\u00e4b kestma nautimaks n\u00fcansside rikkust.<\/p>\n","protected":false},"featured_media":4303,"template":"","meta":{"_acf_changed":false,"_kadence_starter_templates_imported_post":false,"_kad_post_transparent":"","_kad_post_title":"","_kad_post_layout":"","_kad_post_sidebar_id":"","_kad_post_content_style":"","_kad_post_vertical_padding":"","_kad_post_feature":"","_kad_post_feature_position":"","_kad_post_header":false,"_kad_post_footer":false},"product_brand":[],"product_cat":[42,112,26,22],"product_tag":[],"class_list":{"0":"post-4304","1":"product","2":"type-product","3":"status-publish","4":"has-post-thumbnail","6":"product_cat-konjak","7":"product_cat-konjak-1","8":"product_cat-kange-alkohol","9":"product_cat-kingiideed","11":"first","12":"instock","13":"taxable","14":"shipping-taxable","15":"purchasable","16":"product-type-simple","17":"entry","18":"content-bg","19":"loop-entry"},"acf":[],"_links":{"self":[{"href":"https:\/\/mydrink.ee\/et\/wp-json\/wp\/v2\/product\/4304","targetHints":{"allow":["GET"]}}],"collection":[{"href":"https:\/\/mydrink.ee\/et\/wp-json\/wp\/v2\/product"}],"about":[{"href":"https:\/\/mydrink.ee\/et\/wp-json\/wp\/v2\/types\/product"}],"wp:featuredmedia":[{"embeddable":true,"href":"https:\/\/mydrink.ee\/et\/wp-json\/wp\/v2\/media\/4303"}],"wp:attachment":[{"href":"https:\/\/mydrink.ee\/et\/wp-json\/wp\/v2\/media?parent=4304"}],"wp:term":[{"taxonomy":"product_brand","embeddable":true,"href":"https:\/\/mydrink.ee\/et\/wp-json\/wp\/v2\/product_brand?post=4304"},{"taxonomy":"product_cat","embeddable":true,"href":"https:\/\/mydrink.ee\/et\/wp-json\/wp\/v2\/product_cat?post=4304"},{"taxonomy":"product_tag","embeddable":true,"href":"https:\/\/mydrink.ee\/et\/wp-json\/wp\/v2\/product_tag?post=4304"}],"curies":[{"name":"wp","href":"https:\/\/api.w.org\/{rel}","templated":true}]}}