{"id":4332,"date":"2025-11-27T13:33:54","date_gmt":"2025-11-27T11:33:54","guid":{"rendered":"https:\/\/mydrink.ee\/?post_type=product&#038;p=4332"},"modified":"2026-01-29T19:11:40","modified_gmt":"2026-01-29T17:11:40","slug":"arran-18yo-single-malt-scotch-whisky-tuubis-46-70cl-disabled","status":"publish","type":"product","link":"https:\/\/mydrink.ee\/et\/product\/arran-18yo-single-malt-scotch-whisky-tuubis-46-70cl-disabled\/","title":{"rendered":"ARRAN 18YO SINGLE MALT SCOTCH WHISKY TUUBIS 46% 70CL"},"content":{"rendered":"<p style=\"margin-bottom: 1.47em; line-height: 1.8; color: #000000; font-family: open-sans, sans-serif; font-size: 14px; font-style: normal; font-variant-ligatures: normal; font-variant-caps: normal; font-weight: 400; letter-spacing: normal; orphans: 2; text-align: justify; text-indent: 0px; text-transform: none; white-space: normal; widows: 2; word-spacing: 0px; -webkit-text-stroke-width: 0px; background-color: #ffffff; text-decoration-thickness: initial; text-decoration-style: initial; text-decoration-color: initial;\"><em>Arran Single Malt \u0160oti viski s\u00fcndis kaunil Arrani saarel. Saar on Atlandi ookeani maru eest peidus \u201cKintyre\u201d-i poolsaare taga.<br \/><\/em><em>Arran Distillery asutaja Harold Currie otsustas 1993ndal aastal saare p\u00f5hjaosas t\u00f6\u00f6le panna esimese legaalse destilleerimisvabriku aastast 1836. P\u00f5hjuse selleks andis \u201cLoch Na Davie\u201d m\u00e4gedes avastatud veeallikas.<br \/><\/em><em>Uue tehase ehitus tuli peatada kui kaks Kuldset Kotkast otsustasid oma pesa teha destilleerimispaja otsa. Nad k\u00fclastavad seda asukohta siiani, vaadates k\u00f5rgustest alla oma vanale h\u00e4llile.<\/em><\/p>\n<p style=\"margin-bottom: 1.47em; line-height: 1.8; color: #000000; font-family: open-sans, sans-serif; font-size: 14px; font-style: normal; font-variant-ligatures: normal; font-variant-caps: normal; font-weight: 400; letter-spacing: normal; orphans: 2; text-align: justify; text-indent: 0px; text-transform: none; white-space: normal; widows: 2; word-spacing: 0px; -webkit-text-stroke-width: 0px; background-color: #ffffff; text-decoration-thickness: initial; text-decoration-style: initial; text-decoration-color: initial;\"><em>Arran viskimaja on iseseisev ja traditsioonilisi meetmeid modernses v\u00f5tmes kasutav ettev\u00f5te.<\/em><\/p>\n","protected":false},"excerpt":{"rendered":"<p>Tooteliik: Viski<br \/>\nP\u00e4ritolumaa: \u0160otimaa<br \/>\nAlkoholisisaldus: 46%<br \/>\nAroom: Puuviljad siirupi ja r\u00f6stitud tammega.<br \/>\nMaitse: karamelliseeritud apelsin, tume \u0161okolaad, k\u00fcpsetatud virsikud.<br \/>\nJ\u00e4relmaitse: Magusus, v\u00fcrts, tsitrus, k\u00fcpsetatud virsikud.<\/p>\n","protected":false},"featured_media":9376,"template":"","meta":{"_acf_changed":false,"_kadence_starter_templates_imported_post":false,"_kad_post_transparent":"","_kad_post_title":"","_kad_post_layout":"","_kad_post_sidebar_id":"","_kad_post_content_style":"","_kad_post_vertical_padding":"","_kad_post_feature":"","_kad_post_feature_position":"","_kad_post_header":false,"_kad_post_footer":false},"product_brand":[],"product_cat":[111,45,26,22],"product_tag":[],"class_list":{"0":"post-4332","1":"product","2":"type-product","3":"status-publish","4":"has-post-thumbnail","6":"product_cat-viski-1","7":"product_cat-viski","8":"product_cat-kange-alkohol","9":"product_cat-kingiideed","11":"first","12":"instock","13":"taxable","14":"shipping-taxable","15":"purchasable","16":"product-type-simple","17":"entry","18":"content-bg","19":"loop-entry"},"acf":[],"_links":{"self":[{"href":"https:\/\/mydrink.ee\/et\/wp-json\/wp\/v2\/product\/4332","targetHints":{"allow":["GET"]}}],"collection":[{"href":"https:\/\/mydrink.ee\/et\/wp-json\/wp\/v2\/product"}],"about":[{"href":"https:\/\/mydrink.ee\/et\/wp-json\/wp\/v2\/types\/product"}],"wp:featuredmedia":[{"embeddable":true,"href":"https:\/\/mydrink.ee\/et\/wp-json\/wp\/v2\/media\/9376"}],"wp:attachment":[{"href":"https:\/\/mydrink.ee\/et\/wp-json\/wp\/v2\/media?parent=4332"}],"wp:term":[{"taxonomy":"product_brand","embeddable":true,"href":"https:\/\/mydrink.ee\/et\/wp-json\/wp\/v2\/product_brand?post=4332"},{"taxonomy":"product_cat","embeddable":true,"href":"https:\/\/mydrink.ee\/et\/wp-json\/wp\/v2\/product_cat?post=4332"},{"taxonomy":"product_tag","embeddable":true,"href":"https:\/\/mydrink.ee\/et\/wp-json\/wp\/v2\/product_tag?post=4332"}],"curies":[{"name":"wp","href":"https:\/\/api.w.org\/{rel}","templated":true}]}}