{"id":4342,"date":"2021-03-17T08:10:34","date_gmt":"2021-03-17T06:10:34","guid":{"rendered":"https:\/\/mydrink.ee\/product\/desom-millesime-cremant-deluxembourg-brut-15-12-5-75cl\/"},"modified":"2025-11-17T11:25:53","modified_gmt":"2025-11-17T09:25:53","slug":"desom-millesime-cremant-deluxembourg-brut-15-12-5-75cl","status":"publish","type":"product","link":"https:\/\/mydrink.ee\/et\/product\/desom-millesime-cremant-deluxembourg-brut-15-12-5-75cl\/","title":{"rendered":"DESOM MILLESIME CREMANT DELUXEMBOURG BRUT 12,5% 75CL"},"content":{"rendered":"","protected":false},"excerpt":{"rendered":"<p>Tooteliik:\tKaitstud p\u00e4ritolunimetusega kvaliteetvahuvein<br \/>\nMaht: 75CL<br \/>\nP\u00e4ritolumaa:\tLuksemburg<br \/>\nPiirkond:\tRemich<br \/>\nViinamarjasort:\t33% Auxerrois, 33% Pinot Blanc, 34% Chardonnay<br \/>\nValmistamine:\tValmis k\u00e4\u00e4ritatud vein on pandud pudelitesse koos p\u00e4rmi ja v\u00e4ikese koguse suhkruga, suletud ajutise kroonkorgiga ning hoiustatud horisontaalses asendis. Vein laagerdub p\u00e4rmisettel 3 aastat. Aastak\u00e4igu Cr\u00e9mant\u00b4i valmistatakse ainult v\u00e4ga headel aastatel, kui viinamarjad saavutavad maksimaalse kontsentratsiooni.<br \/>\nV\u00e4rvus:\tV\u00e4rvus on helekollane, peene mullijoaga.<br \/>\nAroom:\tAroom on puuviljane, tunda kollaseid luuvilju, k\u00fcpseid pirne ja \u00f5unu, ning eksootilisi v\u00fcrtse.<br \/>\nMaitse\tMaitse on kuiv, puuviljane, tunda k\u00fcpseid kollaseid \u00f5unu, r\u00f6stsaia, keskmise t\u00e4idlusega ja hea happesusega, j\u00e4relmaitse sametiselt puuviljane.<br \/>\nToidusoovitus:\tAperitiiv, mereannid ja koorikloomad, k\u00fcpsetatud ja grillitud kalatoidud, linnuliha, k\u00f5vad laabijuustud.<br \/>\nServeerimistemperatuur:\tjahutatult 8-10\u00b0C vahuveini pokaalist v\u00f5i klassikalisest Bordeaux\u00b4i valge veini pokaalist.<\/p>\n","protected":false},"featured_media":4341,"template":"","meta":{"_acf_changed":false,"_kadence_starter_templates_imported_post":false,"_kad_post_transparent":"","_kad_post_title":"","_kad_post_layout":"","_kad_post_sidebar_id":"","_kad_post_content_style":"","_kad_post_vertical_padding":"","_kad_post_feature":"","_kad_post_feature_position":"","_kad_post_header":false,"_kad_post_footer":false},"product_brand":[],"product_cat":[24,85],"product_tag":[],"class_list":{"0":"post-4342","1":"product","2":"type-product","3":"status-publish","4":"has-post-thumbnail","6":"product_cat-vahuveinid","7":"product_cat-muu-1-2","9":"first","10":"instock","11":"taxable","12":"shipping-taxable","13":"purchasable","14":"product-type-simple","15":"entry","16":"content-bg","17":"loop-entry"},"acf":[],"_links":{"self":[{"href":"https:\/\/mydrink.ee\/et\/wp-json\/wp\/v2\/product\/4342","targetHints":{"allow":["GET"]}}],"collection":[{"href":"https:\/\/mydrink.ee\/et\/wp-json\/wp\/v2\/product"}],"about":[{"href":"https:\/\/mydrink.ee\/et\/wp-json\/wp\/v2\/types\/product"}],"wp:featuredmedia":[{"embeddable":true,"href":"https:\/\/mydrink.ee\/et\/wp-json\/wp\/v2\/media\/4341"}],"wp:attachment":[{"href":"https:\/\/mydrink.ee\/et\/wp-json\/wp\/v2\/media?parent=4342"}],"wp:term":[{"taxonomy":"product_brand","embeddable":true,"href":"https:\/\/mydrink.ee\/et\/wp-json\/wp\/v2\/product_brand?post=4342"},{"taxonomy":"product_cat","embeddable":true,"href":"https:\/\/mydrink.ee\/et\/wp-json\/wp\/v2\/product_cat?post=4342"},{"taxonomy":"product_tag","embeddable":true,"href":"https:\/\/mydrink.ee\/et\/wp-json\/wp\/v2\/product_tag?post=4342"}],"curies":[{"name":"wp","href":"https:\/\/api.w.org\/{rel}","templated":true}]}}