{"id":4344,"date":"2021-04-20T15:01:04","date_gmt":"2021-04-20T12:01:04","guid":{"rendered":"https:\/\/mydrink.ee\/product\/g-h-mumm-grand-cordon-rose-brut-12-75cl-box\/"},"modified":"2025-11-24T17:01:18","modified_gmt":"2025-11-24T15:01:18","slug":"g-h-mumm-grand-cordon-rose-brut-12-75cl-box","status":"publish","type":"product","link":"https:\/\/mydrink.ee\/et\/product\/g-h-mumm-grand-cordon-rose-brut-12-75cl-box\/","title":{"rendered":"G.H. Mumm Grand Cordon Rose Brut 12% 75CL BOX"},"content":{"rendered":"<p>Mumm Cordon Rouge valmistamiseks kasutatud ligemale 77 erineva \u201csingle crus\u201d aedade marju: 45% Pinot Noir, 30% Chardonnay ja 25% Pinot Meunier. Stiilis Pinot Noir kerge \u00fclekaal, meisterlik reserve veinide segamine, vanemate veinide osakaal 20% (koostises \u00fcle 25 veini, 5-aastase vanuse erinevusega veinidest). K\u00fcpsenud 2,5 aastat keldris, madal suhkru sisaldus 8g\/L. <br \/>Mumm Cordon Rouge Brut on stiililt v\u00e4rske, tasakaalus ja intensiivne.<\/p>\n","protected":false},"excerpt":{"rendered":"<p>Liik: \u0160ampanja<br \/>\nKastis: 6<br \/>\nMaht: 75CL<br \/>\nAlkoholisisaldus: 12%<br \/>\nP\u00e4ritolumaa: Prantsusmaa Champagne AOC<br \/>\nViinamarjad: 45% Pinot Noir, 30% Chadonnay,  25% Pinot Meunier<br \/>\nV\u00e4rvus: S\u00e4rav, kirgas helekollane<br \/>\nAroom: V\u00e4rske, kergelt aprikoosi, kollast virsikut ja vanilli<br \/>\nMaitse: Maitses rikkalikult k\u00fcpseid puuvilju, p\u00e4hkleid, pikk kreemjas j\u00e4relmaitse. Ideaalne tasakaal puhta v\u00e4rskuse, kerguse, karge ja magusa \u00fcmaruse vahel.<\/p>\n","protected":false},"featured_media":4343,"template":"","meta":{"_acf_changed":false,"_kadence_starter_templates_imported_post":false,"_kad_post_transparent":"","_kad_post_title":"","_kad_post_layout":"","_kad_post_sidebar_id":"","_kad_post_content_style":"","_kad_post_vertical_padding":"","_kad_post_feature":"","_kad_post_feature_position":"","_kad_post_header":false,"_kad_post_footer":false},"product_brand":[],"product_cat":[122,24],"product_tag":[],"class_list":{"0":"post-4344","1":"product","2":"type-product","3":"status-publish","4":"has-post-thumbnail","6":"product_cat-shampanjad","7":"product_cat-vahuveinid","9":"first","10":"instock","11":"taxable","12":"shipping-taxable","13":"purchasable","14":"product-type-simple","15":"entry","16":"content-bg","17":"loop-entry"},"acf":[],"_links":{"self":[{"href":"https:\/\/mydrink.ee\/et\/wp-json\/wp\/v2\/product\/4344","targetHints":{"allow":["GET"]}}],"collection":[{"href":"https:\/\/mydrink.ee\/et\/wp-json\/wp\/v2\/product"}],"about":[{"href":"https:\/\/mydrink.ee\/et\/wp-json\/wp\/v2\/types\/product"}],"wp:featuredmedia":[{"embeddable":true,"href":"https:\/\/mydrink.ee\/et\/wp-json\/wp\/v2\/media\/4343"}],"wp:attachment":[{"href":"https:\/\/mydrink.ee\/et\/wp-json\/wp\/v2\/media?parent=4344"}],"wp:term":[{"taxonomy":"product_brand","embeddable":true,"href":"https:\/\/mydrink.ee\/et\/wp-json\/wp\/v2\/product_brand?post=4344"},{"taxonomy":"product_cat","embeddable":true,"href":"https:\/\/mydrink.ee\/et\/wp-json\/wp\/v2\/product_cat?post=4344"},{"taxonomy":"product_tag","embeddable":true,"href":"https:\/\/mydrink.ee\/et\/wp-json\/wp\/v2\/product_tag?post=4344"}],"curies":[{"name":"wp","href":"https:\/\/api.w.org\/{rel}","templated":true}]}}