{"id":4388,"date":"2021-08-31T08:24:55","date_gmt":"2021-08-31T05:24:55","guid":{"rendered":"https:\/\/mydrink.ee\/product\/barone-montalto-pinot-grigio-12-300cl-bib\/"},"modified":"2021-08-31T08:24:55","modified_gmt":"2021-08-31T05:24:55","slug":"barone-montalto-pinot-grigio-12-300cl-bib","status":"publish","type":"product","link":"https:\/\/mydrink.ee\/et\/product\/barone-montalto-pinot-grigio-12-300cl-bib\/","title":{"rendered":"Barone Montalto Pinot Grigio 12% 300cl BIB"},"content":{"rendered":"<p><span style=\"color: #656361; font-family: 'Open Sans', sans-serif; font-size: 13px; font-style: normal; font-variant-ligatures: normal; font-variant-caps: normal; font-weight: 400; letter-spacing: normal; orphans: 2; text-align: start; text-indent: 0px; text-transform: none; white-space: normal; widows: 2; word-spacing: 0px; -webkit-text-stroke-width: 0px; background-color: #ffffff; text-decoration-thickness: initial; text-decoration-style: initial; text-decoration-color: initial; display: inline !important; float: none;\">Juhtiv Sitsiilia veinitootja, kel on \u00f5nnestunud \u00fchendada sitsiilia veinitraditsioonid kaasaegse veinivalmistamise tehnoloogiaga.Sellise s\u00fcmbioosi tulemusena s\u00fcnnivad v\u00e4rske ja iseloomuliku karakteriga veinid Santa Ninfa, Agrigento ja Noto piirkondadest. <br \/>Traditsiooniliste kohalike marjasortide k\u00f5rval leiame ka \u00fcle maailma tuntud veinimarju, kuid veinidel on p\u00f5nev kohalik isikup\u00e4ra. <\/p>\n<p>Parim Itaalia tootja aastal 2015 (AWC Vienna International Wine Challenge).<\/span><\/p>\n","protected":false},"excerpt":{"rendered":"<p>Liik:\tGeograafilise t\u00e4hisega vein<br \/>\nKastis: 4<br \/>\nMaht: 300CL<br \/>\nAlkoholisisaldus: 12%<br \/>\nP\u00e4ritolumaa: Itaalia<br \/>\nPiirkond: Sitsiilia<br \/>\nViinamari: Pinot Grigio<br \/>\nV\u00e4rvus: \u00d5rna kuldkollase tooniga.<br \/>\nAroom: Veini aroomis m\u00e4rkame v\u00e4rskeid puuvilju nagu pirn, rohelised \u00f5unad, valged virsikud.<br \/>\nMaitse: Kerge happesusega ning Pinot Grigio\u2019le iseloomulik vihje koriandrile ja laimile.<br \/>\nBarone Montalto on nr.1 Itaalia veini kaubam\u00e4rk Eestis (AC Nielsen 2019).<br \/>\nServeerimine:\t7-9 C<\/p>\n","protected":false},"featured_media":4387,"template":"","meta":{"_acf_changed":false,"_kadence_starter_templates_imported_post":false,"_kad_post_transparent":"","_kad_post_title":"","_kad_post_layout":"","_kad_post_sidebar_id":"","_kad_post_content_style":"","_kad_post_vertical_padding":"","_kad_post_feature":"","_kad_post_feature_position":"","_kad_post_header":false,"_kad_post_footer":false},"product_brand":[],"product_cat":[21,182,55,120],"product_tag":[],"class_list":{"0":"post-4388","1":"product","2":"type-product","3":"status-publish","4":"has-post-thumbnail","6":"product_cat-valged-veinid","7":"product_cat-pakiveinid-1-veinid","8":"product_cat-itaalia-1","9":"product_cat-pakiveinid-1","11":"first","12":"instock","13":"taxable","14":"shipping-taxable","15":"purchasable","16":"product-type-simple","17":"entry","18":"content-bg","19":"loop-entry"},"acf":[],"_links":{"self":[{"href":"https:\/\/mydrink.ee\/et\/wp-json\/wp\/v2\/product\/4388","targetHints":{"allow":["GET"]}}],"collection":[{"href":"https:\/\/mydrink.ee\/et\/wp-json\/wp\/v2\/product"}],"about":[{"href":"https:\/\/mydrink.ee\/et\/wp-json\/wp\/v2\/types\/product"}],"wp:featuredmedia":[{"embeddable":true,"href":"https:\/\/mydrink.ee\/et\/wp-json\/wp\/v2\/media\/4387"}],"wp:attachment":[{"href":"https:\/\/mydrink.ee\/et\/wp-json\/wp\/v2\/media?parent=4388"}],"wp:term":[{"taxonomy":"product_brand","embeddable":true,"href":"https:\/\/mydrink.ee\/et\/wp-json\/wp\/v2\/product_brand?post=4388"},{"taxonomy":"product_cat","embeddable":true,"href":"https:\/\/mydrink.ee\/et\/wp-json\/wp\/v2\/product_cat?post=4388"},{"taxonomy":"product_tag","embeddable":true,"href":"https:\/\/mydrink.ee\/et\/wp-json\/wp\/v2\/product_tag?post=4388"}],"curies":[{"name":"wp","href":"https:\/\/api.w.org\/{rel}","templated":true}]}}