{"id":4522,"date":"2022-08-11T08:36:11","date_gmt":"2022-08-11T05:36:11","guid":{"rendered":"https:\/\/mydrink.ee\/product\/saaremaa-vodka-40-vol-50cl-pet-x-12\/"},"modified":"2025-12-29T11:46:21","modified_gmt":"2025-12-29T09:46:21","slug":"saaremaa-vodka-40-vol-50cl-pet-x-12","status":"publish","type":"product","link":"https:\/\/mydrink.ee\/et\/product\/saaremaa-vodka-40-vol-50cl-pet-x-12\/","title":{"rendered":"Saaremaa Vodka 40% vol 50CL PET x 12"},"content":{"rendered":"<p>Saaremaa Vodka viinap\u00f5letustehnoloogia \u00fcle on p\u00f5hjust uhkust tunda. Saaremaa Vodka tootmisprotsess on efektiivne, h\u00fcgieeniline ja allutatud rangele kvaliteedikontrollile. Puhtus, kvaliteet ja keskkond on viinap\u00f5letamise protsessi v\u00f5tmes\u00f5nad.<br \/>\nSaaremaa Vodkat toodetakse k\u00f5rgekvaliteedilisest piiritusest ning veest. Piirituse valmistamisel kasutatakse kuuerealist otra, mis jahvatatakse ja keedetakse l\u00f5puks k\u00e4\u00e4ritatavaks meskiks. Viinap\u00f5letamine toimub seitsmest 25 meetri k\u00f5rgusest kolonnist koosnevas destilleerimis\u00fcksuses, kus on kasutatusel Altia uuenduslik mitmer\u00f5huline destillatsioonis\u00fcsteem. Sedam\u00f6\u00f6da, kuidas teraviljapiiritust enam kui 200 etapist koosnevas katkematus protsessis p\u00f5letatakse, eemaldatakse sellest k\u00f5ik lisaained.<br \/>\nValmistooteks on 96,5% vol. kangusega k\u00f5rgekvaliteediline teraviljapiiritus, mis segatakse puhta 150 m s\u00fcgavusest puurkaevust p\u00e4rit veega. Vesi filtreeritakse, et eraldada raud ja kaltsium ning tulemuseks on t\u00e4iesti puhas ja pehme maitse.<\/p>\n","protected":false},"excerpt":{"rendered":"<p>Liik: Kange alkohol, Viin<br \/>\nKastis: 12<br \/>\nMaht: 6 L<br \/>\nAlkoholisisaldus: 40%<br \/>\nP\u00e4ritolumaa: Eesti<br \/>\nV\u00e4rvus: selge ja v\u00e4rvitu<br \/>\nServeerimine: jahutatult puhtalt<\/p>\n","protected":false},"featured_media":4521,"template":"","meta":{"_acf_changed":false,"_kadence_starter_templates_imported_post":false,"_kad_post_transparent":"","_kad_post_title":"","_kad_post_layout":"","_kad_post_sidebar_id":"","_kad_post_content_style":"","_kad_post_vertical_padding":"","_kad_post_feature":"","_kad_post_feature_position":"","_kad_post_header":false,"_kad_post_footer":false},"product_brand":[],"product_cat":[46,254,110,26,50],"product_tag":[],"class_list":{"0":"post-4522","1":"product","2":"type-product","3":"status-publish","4":"has-post-thumbnail","6":"product_cat-vodka","7":"product_cat-kange-alkohol-pakkumised","8":"product_cat-pakkumised","9":"product_cat-kange-alkohol","10":"product_cat-soodus-1","12":"first","13":"instock","14":"sale","15":"taxable","16":"shipping-taxable","17":"purchasable","18":"product-type-simple","19":"entry","20":"content-bg","21":"loop-entry"},"acf":[],"_links":{"self":[{"href":"https:\/\/mydrink.ee\/et\/wp-json\/wp\/v2\/product\/4522","targetHints":{"allow":["GET"]}}],"collection":[{"href":"https:\/\/mydrink.ee\/et\/wp-json\/wp\/v2\/product"}],"about":[{"href":"https:\/\/mydrink.ee\/et\/wp-json\/wp\/v2\/types\/product"}],"wp:featuredmedia":[{"embeddable":true,"href":"https:\/\/mydrink.ee\/et\/wp-json\/wp\/v2\/media\/4521"}],"wp:attachment":[{"href":"https:\/\/mydrink.ee\/et\/wp-json\/wp\/v2\/media?parent=4522"}],"wp:term":[{"taxonomy":"product_brand","embeddable":true,"href":"https:\/\/mydrink.ee\/et\/wp-json\/wp\/v2\/product_brand?post=4522"},{"taxonomy":"product_cat","embeddable":true,"href":"https:\/\/mydrink.ee\/et\/wp-json\/wp\/v2\/product_cat?post=4522"},{"taxonomy":"product_tag","embeddable":true,"href":"https:\/\/mydrink.ee\/et\/wp-json\/wp\/v2\/product_tag?post=4522"}],"curies":[{"name":"wp","href":"https:\/\/api.w.org\/{rel}","templated":true}]}}