{"id":4532,"date":"2022-08-31T06:23:37","date_gmt":"2022-08-31T03:23:37","guid":{"rendered":"https:\/\/mydrink.ee\/product\/fernet-branca-40-vol-100cl\/"},"modified":"2026-01-08T19:55:10","modified_gmt":"2026-01-08T17:55:10","slug":"fernet-branca-40-vol-100cl","status":"publish","type":"product","link":"https:\/\/mydrink.ee\/et\/product\/fernet-branca-40-vol-100cl\/","title":{"rendered":"Fernet Branca 40% vol 100CL"},"content":{"rendered":"<p style=\"box-sizing: border-box !important; -webkit-font-smoothing: antialiased; outline: 0px !important; margin-top: 0px; color: #0c1b54; font-family: 'Trade Gothic', sans-serif; font-size: 15px; font-style: normal; font-variant-ligatures: normal; font-variant-caps: normal; font-weight: 400; letter-spacing: normal; orphans: 2; text-align: start; text-indent: 0px; text-transform: none; widows: 2; word-spacing: 0px; -webkit-text-stroke-width: 0px; white-space: normal; background-color: #ffffff; text-decoration-thickness: initial; text-decoration-style: initial; text-decoration-color: initial;\"><span style=\"font-size: small;\">Fernet Branca \u2013 bitterlik\u00f6\u00f6r, mis on valmistatud hoolikalt valitud Itaalia maarohtude, lillede, okste ja v\u00fcrtside segust aeglasel k\u00fcpsemisel vanades tammevaatides.<\/span><br \/><span style=\"font-size: small;\">Baasalkoholiks on grappa.<\/span><br \/><span style=\"font-size: small;\">Aroomibuketis on tunda rikkaliku alkoholi ja kirbete aroomide tasakaalu, maitse on kordumatu, puhas, \u00fcmar, spetsiifiliste m\u00f5rude toonidega.<\/span><\/p>\n","protected":false},"excerpt":{"rendered":"<p>Liik: Bitter<br \/>Kastis: 6<br \/>Maht: 1 L<br \/>Alkoholisisaldus: 40% vol<br \/>P&auml;ritolumaa: Itaalia<br \/>Maitse: puhas, &uuml;mar, m&otilde;ru<br \/>Serveerimine: 6-8C<\/p>\n","protected":false},"featured_media":4531,"template":"","meta":{"_acf_changed":false,"_kadence_starter_templates_imported_post":false,"_kad_post_transparent":"","_kad_post_title":"","_kad_post_layout":"","_kad_post_sidebar_id":"","_kad_post_content_style":"","_kad_post_vertical_padding":"","_kad_post_feature":"","_kad_post_feature_position":"","_kad_post_header":false,"_kad_post_footer":false},"product_brand":[],"product_cat":[254,110,26,40,50],"product_tag":[],"class_list":{"0":"post-4532","1":"product","2":"type-product","3":"status-publish","4":"has-post-thumbnail","6":"product_cat-kange-alkohol-pakkumised","7":"product_cat-pakkumised","8":"product_cat-kange-alkohol","9":"product_cat-bitter","10":"product_cat-soodus-1","12":"first","13":"instock","14":"sale","15":"taxable","16":"shipping-taxable","17":"purchasable","18":"product-type-simple","19":"entry","20":"content-bg","21":"loop-entry"},"acf":[],"_links":{"self":[{"href":"https:\/\/mydrink.ee\/et\/wp-json\/wp\/v2\/product\/4532","targetHints":{"allow":["GET"]}}],"collection":[{"href":"https:\/\/mydrink.ee\/et\/wp-json\/wp\/v2\/product"}],"about":[{"href":"https:\/\/mydrink.ee\/et\/wp-json\/wp\/v2\/types\/product"}],"wp:featuredmedia":[{"embeddable":true,"href":"https:\/\/mydrink.ee\/et\/wp-json\/wp\/v2\/media\/4531"}],"wp:attachment":[{"href":"https:\/\/mydrink.ee\/et\/wp-json\/wp\/v2\/media?parent=4532"}],"wp:term":[{"taxonomy":"product_brand","embeddable":true,"href":"https:\/\/mydrink.ee\/et\/wp-json\/wp\/v2\/product_brand?post=4532"},{"taxonomy":"product_cat","embeddable":true,"href":"https:\/\/mydrink.ee\/et\/wp-json\/wp\/v2\/product_cat?post=4532"},{"taxonomy":"product_tag","embeddable":true,"href":"https:\/\/mydrink.ee\/et\/wp-json\/wp\/v2\/product_tag?post=4532"}],"curies":[{"name":"wp","href":"https:\/\/api.w.org\/{rel}","templated":true}]}}