{"id":4612,"date":"2023-02-08T11:59:28","date_gmt":"2023-02-08T09:59:28","guid":{"rendered":"https:\/\/mydrink.ee\/product\/african-winery-pinotage-13-vol-300cl-bib\/"},"modified":"2023-02-08T11:59:28","modified_gmt":"2023-02-08T09:59:28","slug":"african-winery-pinotage-13-vol-300cl-bib","status":"publish","type":"product","link":"https:\/\/mydrink.ee\/et\/product\/african-winery-pinotage-13-vol-300cl-bib\/","title":{"rendered":"African Winery Pinotage 13% vol 300cl BIB"},"content":{"rendered":"<p>African Winery Lions Head veinid on nime saanud L\u00f5una-Aafrikas Kapplinnas asuva samanimelise m\u00e4e j\u00e4rgi, kust saab nautida imelist vaadet linnale ning pidada l\u00f5\u00f5gastava pikniku koos hea veiniga. Sisaldab sulfiteid. <\/p>\n<p>Iseloomustus: Kergelt t\u00e4idlane vein. Struktuur on kompleksne ja pehme.<\/p>\n","protected":false},"excerpt":{"rendered":"<p>Liik:\tGeograafilise t\u00e4hisega vein<br \/>\nTootekood: MT0732<br \/>\nKastis: 4<br \/>\nMaht: 300CL<br \/>\nAlkoholisisaldus: 13% vol<br \/>\nP\u00e4ritolumaa: L\u00f5una-Aafrika<br \/>\nViinamarjasort: Pinotage<br \/>\nV\u00e4rvus: Intensiivse lillakas-punase v\u00e4rvusega<br \/>\nMaitse: Puuviljane, kergelt lik\u00f6\u00f6rne ja piprane.<br \/>\nToidusoovitus: Sobib h\u00e4sti koos punase lihaga, kreemiste pastaroogadega, pitsaga, juustuga ning aasiap\u00e4raste toitudega.<br \/>\nServeerida temperatuuril: 16-18 \u030a C<\/p>\n","protected":false},"featured_media":4611,"template":"","meta":{"_acf_changed":false,"_kadence_starter_templates_imported_post":false,"_kad_post_transparent":"","_kad_post_title":"","_kad_post_layout":"","_kad_post_sidebar_id":"","_kad_post_content_style":"","_kad_post_vertical_padding":"","_kad_post_feature":"","_kad_post_feature_position":"","_kad_post_header":false,"_kad_post_footer":false},"product_brand":[],"product_cat":[20,182,31,119],"product_tag":[],"class_list":{"0":"post-4612","1":"product","2":"type-product","3":"status-publish","4":"has-post-thumbnail","6":"product_cat-punased-veinid","7":"product_cat-pakiveinid-1-veinid","8":"product_cat-lav","9":"product_cat-pakiveinid","11":"first","12":"instock","13":"taxable","14":"shipping-taxable","15":"purchasable","16":"product-type-simple","17":"entry","18":"content-bg","19":"loop-entry"},"acf":[],"_links":{"self":[{"href":"https:\/\/mydrink.ee\/et\/wp-json\/wp\/v2\/product\/4612","targetHints":{"allow":["GET"]}}],"collection":[{"href":"https:\/\/mydrink.ee\/et\/wp-json\/wp\/v2\/product"}],"about":[{"href":"https:\/\/mydrink.ee\/et\/wp-json\/wp\/v2\/types\/product"}],"wp:featuredmedia":[{"embeddable":true,"href":"https:\/\/mydrink.ee\/et\/wp-json\/wp\/v2\/media\/4611"}],"wp:attachment":[{"href":"https:\/\/mydrink.ee\/et\/wp-json\/wp\/v2\/media?parent=4612"}],"wp:term":[{"taxonomy":"product_brand","embeddable":true,"href":"https:\/\/mydrink.ee\/et\/wp-json\/wp\/v2\/product_brand?post=4612"},{"taxonomy":"product_cat","embeddable":true,"href":"https:\/\/mydrink.ee\/et\/wp-json\/wp\/v2\/product_cat?post=4612"},{"taxonomy":"product_tag","embeddable":true,"href":"https:\/\/mydrink.ee\/et\/wp-json\/wp\/v2\/product_tag?post=4612"}],"curies":[{"name":"wp","href":"https:\/\/api.w.org\/{rel}","templated":true}]}}