{"id":4631,"date":"2023-03-31T08:52:32","date_gmt":"2023-03-31T05:52:32","guid":{"rendered":"https:\/\/mydrink.ee\/product\/maxime-trijol-grande-champagne-vintage-1985-40-vol-box-70cl\/"},"modified":"2025-11-21T14:17:59","modified_gmt":"2025-11-21T12:17:59","slug":"maxime-trijol-grande-champagne-vintage-1985-40-vol-box-70cl","status":"publish","type":"product","link":"https:\/\/mydrink.ee\/et\/product\/maxime-trijol-grande-champagne-vintage-1985-40-vol-box-70cl\/","title":{"rendered":"Maxime Trijol Grande Champagne Vintage 1985 40% vol BOX 70CL"},"content":{"rendered":"","protected":false},"excerpt":{"rendered":"<p>Liik: Kange alkohol, Konjak<br \/>\nKastis: 12<br \/>\nMaht: 70CL<br \/>\nAlkoholisisaldus: 40% vol<br \/>\nP\u00e4ritolumaa: Prantsusmaa<br \/>\nV\u00e4rv: Mahagon kuldse helgiga.<br \/>\nAroom: \u00fcmar, puuviljane, m\u00f5nusalt puidu, laimi ja roosi nootidega. Avanemine v\u00fcrtsikuse ja vanilje suunas.<br \/>\nHea tasakaal.<br \/>\nMaitse: v\u00e4ljenduvad p\u00e4hklised noodid, iiris, vanilje ja \u00f5rnalt valged puuviljad. Valge puuvilja ja lillede noodid p\u00fcsivad retroh\u00f5ngulisena. J\u00e4relmaitse p\u00fcsiv ja struktuurne.<\/p>\n","protected":false},"featured_media":4630,"template":"","meta":{"_acf_changed":false,"_kadence_starter_templates_imported_post":false,"_kad_post_transparent":"","_kad_post_title":"","_kad_post_layout":"","_kad_post_sidebar_id":"","_kad_post_content_style":"","_kad_post_vertical_padding":"","_kad_post_feature":"","_kad_post_feature_position":"","_kad_post_header":false,"_kad_post_footer":false},"product_brand":[],"product_cat":[42,112,26,22],"product_tag":[],"class_list":{"0":"post-4631","1":"product","2":"type-product","3":"status-publish","4":"has-post-thumbnail","6":"product_cat-konjak","7":"product_cat-konjak-1","8":"product_cat-kange-alkohol","9":"product_cat-kingiideed","11":"first","12":"instock","13":"taxable","14":"shipping-taxable","15":"purchasable","16":"product-type-simple","17":"entry","18":"content-bg","19":"loop-entry"},"acf":[],"_links":{"self":[{"href":"https:\/\/mydrink.ee\/et\/wp-json\/wp\/v2\/product\/4631","targetHints":{"allow":["GET"]}}],"collection":[{"href":"https:\/\/mydrink.ee\/et\/wp-json\/wp\/v2\/product"}],"about":[{"href":"https:\/\/mydrink.ee\/et\/wp-json\/wp\/v2\/types\/product"}],"wp:featuredmedia":[{"embeddable":true,"href":"https:\/\/mydrink.ee\/et\/wp-json\/wp\/v2\/media\/4630"}],"wp:attachment":[{"href":"https:\/\/mydrink.ee\/et\/wp-json\/wp\/v2\/media?parent=4631"}],"wp:term":[{"taxonomy":"product_brand","embeddable":true,"href":"https:\/\/mydrink.ee\/et\/wp-json\/wp\/v2\/product_brand?post=4631"},{"taxonomy":"product_cat","embeddable":true,"href":"https:\/\/mydrink.ee\/et\/wp-json\/wp\/v2\/product_cat?post=4631"},{"taxonomy":"product_tag","embeddable":true,"href":"https:\/\/mydrink.ee\/et\/wp-json\/wp\/v2\/product_tag?post=4631"}],"curies":[{"name":"wp","href":"https:\/\/api.w.org\/{rel}","templated":true}]}}