{"id":4637,"date":"2023-03-31T09:21:02","date_gmt":"2023-03-31T06:21:02","guid":{"rendered":"https:\/\/mydrink.ee\/product\/maxime-trijol-petite-champagne-vintage-1991-40-vol-70cl-box\/"},"modified":"2025-11-21T14:16:14","modified_gmt":"2025-11-21T12:16:14","slug":"maxime-trijol-petite-champagne-vintage-1991-40-vol-70cl-box","status":"publish","type":"product","link":"https:\/\/mydrink.ee\/et\/product\/maxime-trijol-petite-champagne-vintage-1991-40-vol-70cl-box\/","title":{"rendered":"Maxime Trijol Petite Champagne Vintage 1991 40% vol 70CL BOX"},"content":{"rendered":"","protected":false},"excerpt":{"rendered":"<p>Liik: Kange alkohol, Konjak<br \/>\nKastis: 12<br \/>\nMaht: 70CL<br \/>\nAlkoholisisaldus: 40% vol<br \/>\nP\u00e4ritolumaa: Prantsusmaa<br \/>\nAroom: Kaunis harmoonia lilleliste nootide, keedetud puuviljade, morellokirsi, v\u00fcrtside ja rancio vahel, mis aitavad kaasa h\u00e4sti tasakaalustatud buketile.<br \/>\nMaitse: Sametine ja n\u00f5tke avanemine suus, mida leiame keskmises maitsetasandis juba aroomis tuvastatud n\u00fcanssidena. Kauakestev ja h\u00e4sti struktureeritud j\u00e4relmaitse \u00fchendab endas harmoonia maitselainetustest, mida see kaunis eau-de-vie kiirgab.<\/p>\n","protected":false},"featured_media":4636,"template":"","meta":{"_acf_changed":false,"_kadence_starter_templates_imported_post":false,"_kad_post_transparent":"","_kad_post_title":"","_kad_post_layout":"","_kad_post_sidebar_id":"","_kad_post_content_style":"","_kad_post_vertical_padding":"","_kad_post_feature":"","_kad_post_feature_position":"","_kad_post_header":false,"_kad_post_footer":false},"product_brand":[],"product_cat":[42,112,26,22],"product_tag":[],"class_list":{"0":"post-4637","1":"product","2":"type-product","3":"status-publish","4":"has-post-thumbnail","6":"product_cat-konjak","7":"product_cat-konjak-1","8":"product_cat-kange-alkohol","9":"product_cat-kingiideed","11":"first","12":"instock","13":"taxable","14":"shipping-taxable","15":"purchasable","16":"product-type-simple","17":"entry","18":"content-bg","19":"loop-entry"},"acf":[],"_links":{"self":[{"href":"https:\/\/mydrink.ee\/et\/wp-json\/wp\/v2\/product\/4637","targetHints":{"allow":["GET"]}}],"collection":[{"href":"https:\/\/mydrink.ee\/et\/wp-json\/wp\/v2\/product"}],"about":[{"href":"https:\/\/mydrink.ee\/et\/wp-json\/wp\/v2\/types\/product"}],"wp:featuredmedia":[{"embeddable":true,"href":"https:\/\/mydrink.ee\/et\/wp-json\/wp\/v2\/media\/4636"}],"wp:attachment":[{"href":"https:\/\/mydrink.ee\/et\/wp-json\/wp\/v2\/media?parent=4637"}],"wp:term":[{"taxonomy":"product_brand","embeddable":true,"href":"https:\/\/mydrink.ee\/et\/wp-json\/wp\/v2\/product_brand?post=4637"},{"taxonomy":"product_cat","embeddable":true,"href":"https:\/\/mydrink.ee\/et\/wp-json\/wp\/v2\/product_cat?post=4637"},{"taxonomy":"product_tag","embeddable":true,"href":"https:\/\/mydrink.ee\/et\/wp-json\/wp\/v2\/product_tag?post=4637"}],"curies":[{"name":"wp","href":"https:\/\/api.w.org\/{rel}","templated":true}]}}