{"id":4688,"date":"2023-11-28T10:08:01","date_gmt":"2023-11-28T08:08:01","guid":{"rendered":"https:\/\/mydrink.ee\/product\/tanker-premium-tume-lager-5-vol-50cl-x-24\/"},"modified":"2026-04-08T14:05:08","modified_gmt":"2026-04-08T11:05:08","slug":"tanker-premium-tume-lager-5-vol-50cl-x-24","status":"publish","type":"product","link":"https:\/\/mydrink.ee\/et\/product\/tanker-premium-tume-lager-5-vol-50cl-x-24\/","title":{"rendered":"Tanker Premium Tume Lager 5% vol 50CL x 24"},"content":{"rendered":"<h6 class=\"western\" style=\"font-style: normal; font-weight: normal; text-decoration: none;\"><strong><span style=\"color: #000000; font-size: small;\"><span style=\"font-family: Lato, sans-serif;\">Klassikaline kerge tume laagri\u00f5lu<\/p>\n<p><\/span><\/span><\/strong><span style=\"color: #000000;\"><span style=\"font-family: Lato, sans-serif;\"><span style=\"font-size: small;\">Mahagoni v\u00e4rvusega tume \u00f5lu. Tiheda koheva kreemja vahum\u00fctsiga. <\/span><\/span><\/span><span style=\"color: #000000;\"><span style=\"font-family: Lato, sans-serif;\"><span style=\"font-size: small;\">Madala m\u00f5rudusega, kergelt magus ja mahedalt r\u00f6stine.<\/p>\n<p><\/span><\/span><\/span><span style=\"color: #000000;\"><span style=\"font-size: small;\"><span style=\"text-decoration: none;\"><span style=\"font-family: Lato, sans-serif;\"><span style=\"font-style: normal;\"><span style=\"font-weight: normal;\">M\u00f5rudus\u00a0\u00a0\u00a0\u00a0\u00a0 <\/span><\/span><\/span><\/span><span style=\"font-family: Lato, sans-serif;\"><span style=\"font-style: normal;\"><span style=\"font-weight: normal;\">IBU 12<br \/><\/span><\/span><\/span><\/span><\/span><span style=\"color: #000000;\"><span style=\"text-decoration: none;\"><span style=\"font-family: Lato, sans-serif;\"><span style=\"font-size: small;\"><span style=\"font-style: normal;\"><span style=\"font-weight: normal;\">Allergeenid\u00a0 <\/span><\/span><\/span><\/span><\/span><\/span><span style=\"color: #000000;\"><span style=\"font-family: Lato, sans-serif;\"><span style=\"font-size: small;\"><span style=\"font-style: normal;\"><span style=\"font-weight: normal;\">Odra- ja nisulinnased<\/span><\/span><\/span><\/span><\/span><span style=\"color: #000000;\"><span style=\"font-size: small;\"> <\/span><\/span><\/h6>\n<p style=\"margin-bottom: 2.12cm; border: none; padding: 0cm; font-style: normal; font-weight: normal; line-height: 0.53cm; widows: 2; orphans: 2; text-decoration: none;\"><span style=\"color: #000000;\"><span style=\"font-size: small;\">\u00a0<\/span><\/span><\/p>\n","protected":false},"excerpt":{"rendered":"<p>Liik: &Otilde;lu<br \/>Kastis: 24<br \/>Maht: 12L<br \/>Alkoholisisaldus: 5%<br \/>P&auml;ritolumaa: Eesti<br \/>Aroom: M<span style=\"color: #000000;\"><span style=\"font-family: Lato, sans-serif;\"><span style=\"font-size: small;\">ust leib, karamell, r&ouml;stitud metsp&auml;hkel ja &otilde;rn lagritsa noot.<\/span><\/span><\/span><br \/>Maitse: S<span style=\"color: #000000;\"><span style=\"font-family: Lato, sans-serif;\"><span style=\"font-size: small;\">&uuml;nkroonis aroomiga &ndash; kerge karamelliseeritud suhkru magusus, rustikaalselt leivane, karamell- ja r&ouml;stlinnaste &uuml;mar maitse, mis l&otilde;ppeb &otilde;hk&otilde;rna suitsuse j&auml;relmaitsega.<\/span><span style=\"font-size: medium;\"><br \/><\/span><\/span><\/span>Serveerimine: 4-6C<\/p><\/p>\n","protected":false},"featured_media":4687,"template":"","meta":{"_acf_changed":false,"_kadence_starter_templates_imported_post":false,"_kad_post_transparent":"","_kad_post_title":"","_kad_post_layout":"","_kad_post_sidebar_id":"","_kad_post_content_style":"","_kad_post_vertical_padding":"","_kad_post_feature":"","_kad_post_feature_position":"","_kad_post_header":false,"_kad_post_footer":false},"product_brand":[],"product_cat":[88,232,127,25],"product_tag":[],"class_list":{"0":"post-4688","1":"product","2":"type-product","3":"status-publish","4":"has-post-thumbnail","6":"product_cat-oluet","7":"product_cat-pandipakend","8":"product_cat-eesti","9":"product_cat-olu-siider-long-drink","11":"first","12":"instock","13":"taxable","14":"shipping-taxable","15":"purchasable","16":"product-type-simple","17":"entry","18":"content-bg","19":"loop-entry"},"acf":[],"_links":{"self":[{"href":"https:\/\/mydrink.ee\/et\/wp-json\/wp\/v2\/product\/4688","targetHints":{"allow":["GET"]}}],"collection":[{"href":"https:\/\/mydrink.ee\/et\/wp-json\/wp\/v2\/product"}],"about":[{"href":"https:\/\/mydrink.ee\/et\/wp-json\/wp\/v2\/types\/product"}],"wp:featuredmedia":[{"embeddable":true,"href":"https:\/\/mydrink.ee\/et\/wp-json\/wp\/v2\/media\/4687"}],"wp:attachment":[{"href":"https:\/\/mydrink.ee\/et\/wp-json\/wp\/v2\/media?parent=4688"}],"wp:term":[{"taxonomy":"product_brand","embeddable":true,"href":"https:\/\/mydrink.ee\/et\/wp-json\/wp\/v2\/product_brand?post=4688"},{"taxonomy":"product_cat","embeddable":true,"href":"https:\/\/mydrink.ee\/et\/wp-json\/wp\/v2\/product_cat?post=4688"},{"taxonomy":"product_tag","embeddable":true,"href":"https:\/\/mydrink.ee\/et\/wp-json\/wp\/v2\/product_tag?post=4688"}],"curies":[{"name":"wp","href":"https:\/\/api.w.org\/{rel}","templated":true}]}}