{"id":4730,"date":"2025-11-18T08:59:51","date_gmt":"2025-11-18T06:59:51","guid":{"rendered":"https:\/\/mydrink.ee\/?post_type=product&#038;p=4730"},"modified":"2026-01-08T20:03:23","modified_gmt":"2026-01-08T18:03:23","slug":"kronenbourg-1664-blanc-5-vol-33cl-x-24-disabled","status":"publish","type":"product","link":"https:\/\/mydrink.ee\/et\/product\/kronenbourg-1664-blanc-5-vol-33cl-x-24-disabled\/","title":{"rendered":"Kronenbourg 1664 Blanc 5% vol 33CL x 24"},"content":{"rendered":"<p>Hele prantslane, Kronenbourg Blanc 1664, on pehmemaitseline \u00f5rnkollast tooni nisu\u00f5lu. Jook, mis s\u00fcndinud Prantsusmaa elitaarseimas \u00f5lletehases &#8211; Brasseries Kronenbourgis.<\/p>\n<p>Prantslaste interpretatsioon klassikaline nisu\u00f5lu on eriline just oma puuviljasuse poolest. Blancis kohtuvad humala kerge kibedus, puuviljade magusus ja tsitruse v\u00e4rskus. See k\u00f5ik teeb Kronenbourg 1664 Blancist \u00fche v\u00e4ga huvitava ja nauditava maitsepaletiga \u00f5lle.<\/p>\n<p>N\u00fc\u00fcd on Strasbourgi linnast p\u00e4rit ja kogu maailmas hinnatud Blanci v\u00f5imalik nautida ka Eestis.<\/p>\n<p>Kui on soovi, v\u00f5ib lisada juurde ka sidruniviilu!<\/p>\n<p style=\"box-sizing: inherit; margin: 0px 0px 20px; padding: 0px; outline: none; color: #283d4a; font-family: ThemeFont-Primary, sans-serif; font-size: 16px; font-style: normal; font-variant-ligatures: normal; font-variant-caps: normal; font-weight: 400; letter-spacing: normal; orphans: 2; text-align: start; text-indent: 0px; text-transform: none; widows: 2; word-spacing: 0px; -webkit-text-stroke-width: 0px; white-space: normal; background-color: rgba(255, 255, 255, 0.6); text-decoration-thickness: initial; text-decoration-style: initial; text-decoration-color: initial;\"><span style=\"font-size: small;\"><strong style=\"box-sizing: inherit; margin: 0px; padding: 0px;\">Koostisosad: <\/strong>vesi,\u00a0<strong style=\"box-sizing: inherit; margin: 0px; padding: 0px;\">odra<\/strong>linnased,\u00a0<strong style=\"box-sizing: inherit; margin: 0px; padding: 0px;\">nisu<\/strong>, gl\u00fckoosisiirup, karamelliseeritud suhkur, l\u00f5hna- ja maitseaine, humalaekstrakt, stabilisaator &#8211; E414, v\u00fcrtsid: apelsinikoor, koriander<\/span><\/p>\n<p><strong style=\"box-sizing: inherit; margin: 0px; padding: 0px;\">Toitumisalane teave 100 ml kohta<\/strong><\/p>\n<p><span style=\"font-size: small;\">Energia: 167 kJ \/ 40 kcal<br \/><\/span><span style=\"font-size: small;\">Rasvad: 0 g<br \/><\/span><span style=\"font-size: small;\">\u00a0 \u00a0\u00a0 millest k\u00fcllastunud rasvhappeid: 0 g<br \/><\/span><span style=\"font-size: small;\">S\u00fcsivesikud:\u00a0 3,0 g<br \/><\/span><span style=\"font-size: small;\">\u00a0 \u00a0\u00a0 millest suhkruid: 0,3 g<br \/><\/span><span style=\"font-size: small;\">Valgud: 0,5g<\/span><span style=\"font-size: small;\">Sool: 0,01 g<\/span><\/p>\n\n<style>.wp-block-kadence-advancedheading.kt-adv-heading4730_f85d15-2b_0, .wp-block-kadence-advancedheading.kt-adv-heading4730_f85d15-2b_0[data-kb-block=\"kb-adv-heading4730_f85d15-2b_0\"]{font-style:normal;}.wp-block-kadence-advancedheading.kt-adv-heading4730_f85d15-2b_0 mark.kt-highlight, .wp-block-kadence-advancedheading.kt-adv-heading4730_f85d15-2b_0[data-kb-block=\"kb-adv-heading4730_f85d15-2b_0\"] mark.kt-highlight{font-style:normal;color:#f76a0c;-webkit-box-decoration-break:clone;box-decoration-break:clone;padding-top:0px;padding-right:0px;padding-bottom:0px;padding-left:0px;}<\/style>\n<h4 class=\"kt-adv-heading4730_f85d15-2b_0 wp-block-kadence-advancedheading has-theme-palette-9-color has-text-color\" data-kb-block=\"kb-adv-heading4730_f85d15-2b_0\">kronenbourg<\/h4>\n","protected":false},"excerpt":{"rendered":"<p>Liik: \u00d5lu<br \/>\n\u00d5lle t\u00fc\u00fcp: hele nisu\u00f5lu<br \/>\nKastis: 24<br \/>\nMaht: 7.92L<br \/>\nAlkoholisisaldus: 5% vol<br \/>\nP\u00e4ritolumaa: Prantsuse<br \/>\nServeerimine: Jahutatult<\/p>\n<p><span style=\"color: #ff0000;\">\u00dchte pakiautomaadi kappi mahub kolm sellist toodet!<\/span><br \/>\n<span style=\"color: #ff0000;\">Loe lisa <a href=\"https:\/\/mydrink.ee\/shipping\/?___store=est\" target=\"_blank\" rel=\"noopener\"><strong>siit<\/strong><\/a><\/span><\/p>\n","protected":false},"featured_media":4729,"template":"","meta":{"_acf_changed":false,"_kadence_starter_templates_imported_post":false,"_kad_post_transparent":"","_kad_post_title":"","_kad_post_layout":"","_kad_post_sidebar_id":"","_kad_post_content_style":"","_kad_post_vertical_padding":"","_kad_post_feature":"","_kad_post_feature_position":"","_kad_post_header":false,"_kad_post_footer":false},"product_brand":[],"product_cat":[88,256,232,110,25,91,87,138],"product_tag":[],"class_list":{"0":"post-4730","1":"product","2":"type-product","3":"status-publish","4":"has-post-thumbnail","6":"product_cat-oluet","7":"product_cat-lahja-alkohol","8":"product_cat-pandipakend","9":"product_cat-pakkumised","10":"product_cat-olu-siider-long-drink","11":"product_cat-ohooo","12":"product_cat-frontpage","13":"product_cat-muu-1-olu","15":"first","16":"instock","17":"sale","18":"taxable","19":"shipping-taxable","20":"purchasable","21":"product-type-simple","22":"entry","23":"content-bg","24":"loop-entry"},"acf":[],"_links":{"self":[{"href":"https:\/\/mydrink.ee\/et\/wp-json\/wp\/v2\/product\/4730","targetHints":{"allow":["GET"]}}],"collection":[{"href":"https:\/\/mydrink.ee\/et\/wp-json\/wp\/v2\/product"}],"about":[{"href":"https:\/\/mydrink.ee\/et\/wp-json\/wp\/v2\/types\/product"}],"wp:featuredmedia":[{"embeddable":true,"href":"https:\/\/mydrink.ee\/et\/wp-json\/wp\/v2\/media\/4729"}],"wp:attachment":[{"href":"https:\/\/mydrink.ee\/et\/wp-json\/wp\/v2\/media?parent=4730"}],"wp:term":[{"taxonomy":"product_brand","embeddable":true,"href":"https:\/\/mydrink.ee\/et\/wp-json\/wp\/v2\/product_brand?post=4730"},{"taxonomy":"product_cat","embeddable":true,"href":"https:\/\/mydrink.ee\/et\/wp-json\/wp\/v2\/product_cat?post=4730"},{"taxonomy":"product_tag","embeddable":true,"href":"https:\/\/mydrink.ee\/et\/wp-json\/wp\/v2\/product_tag?post=4730"}],"curies":[{"name":"wp","href":"https:\/\/api.w.org\/{rel}","templated":true}]}}