{"id":4742,"date":"2024-06-12T14:21:16","date_gmt":"2024-06-12T11:21:16","guid":{"rendered":"https:\/\/mydrink.ee\/product\/banfi-poggio-alle-mura-brunello-di-montalcino-17-15-5-75cl\/"},"modified":"2024-06-12T14:21:16","modified_gmt":"2024-06-12T11:21:16","slug":"banfi-poggio-alle-mura-brunello-di-montalcino-17-15-5-75cl","status":"publish","type":"product","link":"https:\/\/mydrink.ee\/et\/product\/banfi-poggio-alle-mura-brunello-di-montalcino-17-15-5-75cl\/","title":{"rendered":"BANFI POGGIO ALLE MURA BRUNELLO DI MONTALCINO`17 15,5% 75CL"},"content":{"rendered":"<p>Kirjeldus<\/p>\n<p>Tootja: Castello Banfi S.R.L.<br \/> Esimene aastak\u00e4ik: 1997<br \/> Arengupotentsiaal: 10 aastat.<\/p>\n<p>Brunello Sangiovese viinapuud paiknevad ajaloolise Poggio alle Mura lossi l\u00f5unapoolsetel n\u00f5lvadel, esimesed puud istutati 1992.aastal. Viinamarjad korjatakse k\u00e4sitsi, sorteeritakse, eemaldatakse varred. Matseratsioon toimub 12-13 p\u00e4eva, alkoholi fermentatsioon toimub kontrollitud temperatuuril h\u00fcbriid teras &#038; puitvaatides (27-29\u00b0C).<br \/> 90% veinist laagerdub 2 aastat Prantsuse tammevaadis ja 10% Slavoonia tammevaadis, edasi areneb vein pudelis 12 kuud.<\/p>\n","protected":false},"excerpt":{"rendered":"<p>Tooteliik\t Kaitstud p\u00e4ritolunimetusega vein<br \/>\nP\u00e4ritolumaa\tItaalia<br \/>\nPiirkond\tToskaana, Brunello di Montalcino DOCG<br \/>\nViinamarjasort\t100% Sangiovese<br \/>\nV\u00e4rvus\tS\u00fcgav tumepunane, violetse alatooniga.<br \/>\nAroom\tIntensiivne, kompleksne, tunda musti luuvilju, k\u00fcpseid metsmarju, vaniljet, kuivatatud musti ploome.<br \/>\nMaitse\tMaitse heas tasakaalus, keskmise t\u00e4idlusega, tunda pehmeid tanniine, k\u00fcpseid musti ploome, kirsse, musts\u00f5straid ja vaarikamoosi; veidi vaniljet, sigarikarpi ja lik\u00f6\u00f6rsust.<br \/>\nToidusoovitus\tUlukiliha, grillitud veiseliha, k\u00f5vade laabijuustude juurde-Parmigiano Reggiano, Pecorino.<br \/>\nServeerimistemperatuur\t16-18\u00b0C Bordeaux t\u00fc\u00fcpi punaveini klaasist, kindlasti enne dekanteerida!<\/p>\n","protected":false},"featured_media":4741,"template":"","meta":{"_acf_changed":false,"_kadence_starter_templates_imported_post":false,"_kad_post_transparent":"","_kad_post_title":"","_kad_post_layout":"","_kad_post_sidebar_id":"","_kad_post_content_style":"","_kad_post_vertical_padding":"","_kad_post_feature":"","_kad_post_feature_position":"","_kad_post_header":false,"_kad_post_footer":false},"product_brand":[],"product_cat":[20,180,30],"product_tag":[],"class_list":{"0":"post-4742","1":"product","2":"type-product","3":"status-publish","4":"has-post-thumbnail","6":"product_cat-punased-veinid","7":"product_cat-veinid","8":"product_cat-itaalia","10":"first","11":"instock","12":"taxable","13":"shipping-taxable","14":"purchasable","15":"product-type-simple","16":"entry","17":"content-bg","18":"loop-entry"},"acf":[],"_links":{"self":[{"href":"https:\/\/mydrink.ee\/et\/wp-json\/wp\/v2\/product\/4742","targetHints":{"allow":["GET"]}}],"collection":[{"href":"https:\/\/mydrink.ee\/et\/wp-json\/wp\/v2\/product"}],"about":[{"href":"https:\/\/mydrink.ee\/et\/wp-json\/wp\/v2\/types\/product"}],"wp:featuredmedia":[{"embeddable":true,"href":"https:\/\/mydrink.ee\/et\/wp-json\/wp\/v2\/media\/4741"}],"wp:attachment":[{"href":"https:\/\/mydrink.ee\/et\/wp-json\/wp\/v2\/media?parent=4742"}],"wp:term":[{"taxonomy":"product_brand","embeddable":true,"href":"https:\/\/mydrink.ee\/et\/wp-json\/wp\/v2\/product_brand?post=4742"},{"taxonomy":"product_cat","embeddable":true,"href":"https:\/\/mydrink.ee\/et\/wp-json\/wp\/v2\/product_cat?post=4742"},{"taxonomy":"product_tag","embeddable":true,"href":"https:\/\/mydrink.ee\/et\/wp-json\/wp\/v2\/product_tag?post=4742"}],"curies":[{"name":"wp","href":"https:\/\/api.w.org\/{rel}","templated":true}]}}