{"id":4758,"date":"2024-08-07T11:30:33","date_gmt":"2024-08-07T08:30:33","guid":{"rendered":"https:\/\/mydrink.ee\/product\/chill-out-south-african-chenin-blanc-12-vol-300cl-bib\/"},"modified":"2024-08-07T11:30:33","modified_gmt":"2024-08-07T08:30:33","slug":"chill-out-south-african-chenin-blanc-12-vol-300cl-bib","status":"publish","type":"product","link":"https:\/\/mydrink.ee\/et\/product\/chill-out-south-african-chenin-blanc-12-vol-300cl-bib\/","title":{"rendered":"Chill Out South African Chenin Blanc 12% vol 300cl BIB"},"content":{"rendered":"<p>2010. aasta kasvutingimused olid Chardonnay marjade kasvatamaiseks v\u00e4ga head. Varajased soojad ja k\u00f5rged p\u00e4evatemperatuurid kombineerituna jahedamate perioodidega tagasid marjade t\u00e4isk\u00fcpsuse ning veinis hea suhkrusisalduse ja happe tasakaalu.<\/p>\n","protected":false},"excerpt":{"rendered":"<p>Liik: Valge vein&nbsp;&nbsp;&nbsp; &nbsp;<br \/>Viinamari: Chenin Blanc<br \/>Kastis: 4<br \/>Maht: 300CL<br \/>Alkoholisisaldus: 12% vol<br \/>P&auml;ritolumaa: L&otilde;una-Aafrika Vabariik<br \/>Viinamarjasort: Chenin Blanc<br \/>V&auml;rvus: &Otilde;lek&otilde;rrekollane.<br \/>Aroom: V&auml;rske, selles on troopilisi vilju ja tikrit.<br \/>Maitse: V&auml;rskendav, kuiv ja puuviljane, esile kerkivad tsitruselised ja &otilde;rn mineraalsus.<br \/>Toidusoovitus: Sobib serveerimiseks v&auml;rskete salatite ja kergete roogade juurde, mis on valmistatud valgest lihast ja kalast. Suurep&auml;rane ka nautimiseks iseseisvalt aperitiivina.<br \/>Serveerida: 8-10C<\/p>\n","protected":false},"featured_media":4757,"template":"","meta":{"_acf_changed":false,"_kadence_starter_templates_imported_post":false,"_kad_post_transparent":"","_kad_post_title":"","_kad_post_layout":"","_kad_post_sidebar_id":"","_kad_post_content_style":"","_kad_post_vertical_padding":"","_kad_post_feature":"","_kad_post_feature_position":"","_kad_post_header":false,"_kad_post_footer":false},"product_brand":[],"product_cat":[21,182,56,120],"product_tag":[],"class_list":{"0":"post-4758","1":"product","2":"type-product","3":"status-publish","4":"has-post-thumbnail","6":"product_cat-valged-veinid","7":"product_cat-pakiveinid-1-veinid","8":"product_cat-lav-1","9":"product_cat-pakiveinid-1","11":"first","12":"instock","13":"taxable","14":"shipping-taxable","15":"purchasable","16":"product-type-simple","17":"entry","18":"content-bg","19":"loop-entry"},"acf":[],"_links":{"self":[{"href":"https:\/\/mydrink.ee\/et\/wp-json\/wp\/v2\/product\/4758","targetHints":{"allow":["GET"]}}],"collection":[{"href":"https:\/\/mydrink.ee\/et\/wp-json\/wp\/v2\/product"}],"about":[{"href":"https:\/\/mydrink.ee\/et\/wp-json\/wp\/v2\/types\/product"}],"wp:featuredmedia":[{"embeddable":true,"href":"https:\/\/mydrink.ee\/et\/wp-json\/wp\/v2\/media\/4757"}],"wp:attachment":[{"href":"https:\/\/mydrink.ee\/et\/wp-json\/wp\/v2\/media?parent=4758"}],"wp:term":[{"taxonomy":"product_brand","embeddable":true,"href":"https:\/\/mydrink.ee\/et\/wp-json\/wp\/v2\/product_brand?post=4758"},{"taxonomy":"product_cat","embeddable":true,"href":"https:\/\/mydrink.ee\/et\/wp-json\/wp\/v2\/product_cat?post=4758"},{"taxonomy":"product_tag","embeddable":true,"href":"https:\/\/mydrink.ee\/et\/wp-json\/wp\/v2\/product_tag?post=4758"}],"curies":[{"name":"wp","href":"https:\/\/api.w.org\/{rel}","templated":true}]}}