{"id":4778,"date":"2024-11-21T09:48:51","date_gmt":"2024-11-21T07:48:51","guid":{"rendered":"https:\/\/mydrink.ee\/product\/blossa-vinglogg-10-vol-2l-bib\/"},"modified":"2025-12-11T00:07:18","modified_gmt":"2025-12-10T22:07:18","slug":"blossa-vinglogg-10-vol-2l-bib","status":"publish","type":"product","link":"https:\/\/mydrink.ee\/et\/product\/blossa-vinglogg-10-vol-2l-bib\/","title":{"rendered":"Blossa Vingl\u00f6gg 10% vol 2l BIB"},"content":{"rendered":"<style>.wp-block-kadence-advancedheading.kt-adv-heading4778_1157ce-e9, .wp-block-kadence-advancedheading.kt-adv-heading4778_1157ce-e9[data-kb-block=\"kb-adv-heading4778_1157ce-e9\"]{font-style:normal;}.wp-block-kadence-advancedheading.kt-adv-heading4778_1157ce-e9 mark.kt-highlight, .wp-block-kadence-advancedheading.kt-adv-heading4778_1157ce-e9[data-kb-block=\"kb-adv-heading4778_1157ce-e9\"] mark.kt-highlight{font-style:normal;color:#f76a0c;-webkit-box-decoration-break:clone;box-decoration-break:clone;padding-top:0px;padding-right:0px;padding-bottom:0px;padding-left:0px;}<\/style>\n<p class=\"kt-adv-heading4778_1157ce-e9 wp-block-kadence-advancedheading has-theme-palette-9-color has-text-color\" data-kb-block=\"kb-adv-heading4778_1157ce-e9\">gl\u00f6gi, gl\u00f6gg, h\u00f5\u00f5gvein<\/p>\n","protected":false},"excerpt":{"rendered":"<p>Liik: Puuvilja-marjavein, gl\u00f6gi<br \/>\nKastis: 6<br \/>\nMaht: 200CL<br \/>\nAlkoholisisaldus: 10% vol<br \/>\nP\u00e4ritolumaa: Rootsi<br \/>\nV\u00e4rv: punane<br \/>\nMaitse: Poolmagus, v\u00fcrtsikas, rosinane, kardemon, nelk<br \/>\nAroom: V\u00fcrts, nelk, kardemon<br \/>\nServeerimistemperatuur: 36-60 kraadi<\/p>\n","protected":false},"featured_media":4777,"template":"","meta":{"_acf_changed":false,"_kadence_starter_templates_imported_post":false,"_kad_post_transparent":"","_kad_post_title":"","_kad_post_layout":"","_kad_post_sidebar_id":"","_kad_post_content_style":"","_kad_post_vertical_padding":"","_kad_post_feature":"","_kad_post_feature_position":"","_kad_post_header":false,"_kad_post_footer":false},"product_brand":[],"product_cat":[182,255,110,20,87,37,119,38],"product_tag":[],"class_list":{"0":"post-4778","1":"product","2":"type-product","3":"status-publish","4":"has-post-thumbnail","6":"product_cat-pakiveinid-1-veinid","7":"product_cat-pakiveinid-pakkumised","8":"product_cat-pakkumised","9":"product_cat-punased-veinid","10":"product_cat-frontpage","11":"product_cat-muu","12":"product_cat-pakiveinid","13":"product_cat-soodus","15":"first","16":"instock","17":"sale","18":"taxable","19":"shipping-taxable","20":"purchasable","21":"product-type-simple","22":"entry","23":"content-bg","24":"loop-entry"},"acf":[],"_links":{"self":[{"href":"https:\/\/mydrink.ee\/et\/wp-json\/wp\/v2\/product\/4778","targetHints":{"allow":["GET"]}}],"collection":[{"href":"https:\/\/mydrink.ee\/et\/wp-json\/wp\/v2\/product"}],"about":[{"href":"https:\/\/mydrink.ee\/et\/wp-json\/wp\/v2\/types\/product"}],"wp:featuredmedia":[{"embeddable":true,"href":"https:\/\/mydrink.ee\/et\/wp-json\/wp\/v2\/media\/4777"}],"wp:attachment":[{"href":"https:\/\/mydrink.ee\/et\/wp-json\/wp\/v2\/media?parent=4778"}],"wp:term":[{"taxonomy":"product_brand","embeddable":true,"href":"https:\/\/mydrink.ee\/et\/wp-json\/wp\/v2\/product_brand?post=4778"},{"taxonomy":"product_cat","embeddable":true,"href":"https:\/\/mydrink.ee\/et\/wp-json\/wp\/v2\/product_cat?post=4778"},{"taxonomy":"product_tag","embeddable":true,"href":"https:\/\/mydrink.ee\/et\/wp-json\/wp\/v2\/product_tag?post=4778"}],"curies":[{"name":"wp","href":"https:\/\/api.w.org\/{rel}","templated":true}]}}