{"id":4796,"date":"2025-11-21T13:00:44","date_gmt":"2025-11-21T11:00:44","guid":{"rendered":"https:\/\/mydrink.ee\/?post_type=product&#038;p=4796"},"modified":"2026-04-08T13:48:10","modified_gmt":"2026-04-08T10:48:10","slug":"koch-original-cream-liqueur-16-vol-50cl-pet-disabled","status":"publish","type":"product","link":"https:\/\/mydrink.ee\/et\/product\/koch-original-cream-liqueur-16-vol-50cl-pet-disabled\/","title":{"rendered":"Koch Original Cream Liqueur 16% vol 50cl PET"},"content":{"rendered":"<style>.wp-block-kadence-advancedheading.kt-adv-heading4796_dea98f-18, .wp-block-kadence-advancedheading.kt-adv-heading4796_dea98f-18[data-kb-block=\"kb-adv-heading4796_dea98f-18\"]{font-style:normal;}.wp-block-kadence-advancedheading.kt-adv-heading4796_dea98f-18 mark.kt-highlight, .wp-block-kadence-advancedheading.kt-adv-heading4796_dea98f-18[data-kb-block=\"kb-adv-heading4796_dea98f-18\"] mark.kt-highlight{font-style:normal;color:#f76a0c;-webkit-box-decoration-break:clone;box-decoration-break:clone;padding-top:0px;padding-right:0px;padding-bottom:0px;padding-left:0px;}<\/style>\n<p class=\"kt-adv-heading4796_dea98f-18 wp-block-kadence-advancedheading\" data-kb-block=\"kb-adv-heading4796_dea98f-18\"><\/p>\n\n\n<style>.wp-block-kadence-advancedheading.kt-adv-heading4796_501f2e-ce, .wp-block-kadence-advancedheading.kt-adv-heading4796_501f2e-ce[data-kb-block=\"kb-adv-heading4796_501f2e-ce\"]{font-style:normal;}.wp-block-kadence-advancedheading.kt-adv-heading4796_501f2e-ce mark.kt-highlight, .wp-block-kadence-advancedheading.kt-adv-heading4796_501f2e-ce[data-kb-block=\"kb-adv-heading4796_501f2e-ce\"] mark.kt-highlight{font-style:normal;color:#f76a0c;-webkit-box-decoration-break:clone;box-decoration-break:clone;padding-top:0px;padding-right:0px;padding-bottom:0px;padding-left:0px;}<\/style>\n<p class=\"kt-adv-heading4796_501f2e-ce wp-block-kadence-advancedheading\" data-kb-block=\"kb-adv-heading4796_501f2e-ce\"><\/p>\n","protected":false},"excerpt":{"rendered":"<p>Liik: Lik\u00f6\u00f6r<br \/>\nKastis: 10<br \/>\nMaht: 50 CL<br \/>\nAlkoholisisaldus: 16% vol<br \/>\nTootjamaa: Eesti<br \/>\nMaitse: Eheda koore maitseid nende siidises pehmuses.<br \/>\nSobob: K\u00f5ige parem nautida puhtalt, j\u00e4\u00e4ga v\u00f5i ilma.<\/p>\n<p><span style=\"color: #ff0000;\">\u00dcks pakkekast mahutab kuni <strong>50<\/strong> sellist toodet! <\/span><\/p>\n","protected":false},"featured_media":4795,"template":"","meta":{"_acf_changed":false,"_kadence_starter_templates_imported_post":false,"_kad_post_transparent":"","_kad_post_title":"","_kad_post_layout":"","_kad_post_sidebar_id":"","_kad_post_content_style":"","_kad_post_vertical_padding":"","_kad_post_feature":"","_kad_post_feature_position":"","_kad_post_header":false,"_kad_post_footer":false},"product_brand":[],"product_cat":[43,254,110,26,50],"product_tag":[],"class_list":{"0":"post-4796","1":"product","2":"type-product","3":"status-publish","4":"has-post-thumbnail","6":"product_cat-likoor","7":"product_cat-kange-alkohol-pakkumised","8":"product_cat-pakkumised","9":"product_cat-kange-alkohol","10":"product_cat-soodus-1","12":"first","13":"instock","14":"sale","15":"taxable","16":"shipping-taxable","17":"purchasable","18":"product-type-simple","19":"entry","20":"content-bg","21":"loop-entry"},"acf":[],"_links":{"self":[{"href":"https:\/\/mydrink.ee\/et\/wp-json\/wp\/v2\/product\/4796","targetHints":{"allow":["GET"]}}],"collection":[{"href":"https:\/\/mydrink.ee\/et\/wp-json\/wp\/v2\/product"}],"about":[{"href":"https:\/\/mydrink.ee\/et\/wp-json\/wp\/v2\/types\/product"}],"wp:featuredmedia":[{"embeddable":true,"href":"https:\/\/mydrink.ee\/et\/wp-json\/wp\/v2\/media\/4795"}],"wp:attachment":[{"href":"https:\/\/mydrink.ee\/et\/wp-json\/wp\/v2\/media?parent=4796"}],"wp:term":[{"taxonomy":"product_brand","embeddable":true,"href":"https:\/\/mydrink.ee\/et\/wp-json\/wp\/v2\/product_brand?post=4796"},{"taxonomy":"product_cat","embeddable":true,"href":"https:\/\/mydrink.ee\/et\/wp-json\/wp\/v2\/product_cat?post=4796"},{"taxonomy":"product_tag","embeddable":true,"href":"https:\/\/mydrink.ee\/et\/wp-json\/wp\/v2\/product_tag?post=4796"}],"curies":[{"name":"wp","href":"https:\/\/api.w.org\/{rel}","templated":true}]}}