{"id":4823,"date":"2025-03-25T09:27:50","date_gmt":"2025-03-25T07:27:50","guid":{"rendered":"https:\/\/mydrink.ee\/product\/rae-gin-38-vol-50cl-pet\/"},"modified":"2026-04-08T13:48:10","modified_gmt":"2026-04-08T10:48:10","slug":"rae-gin-38-vol-50cl-pet","status":"publish","type":"product","link":"https:\/\/mydrink.ee\/et\/product\/rae-gin-38-vol-50cl-pet\/","title":{"rendered":"Rae Gin 38% vol 50cl PET"},"content":{"rendered":"<p>Rae Gin on kvaliteetne d\u017einn, mis pakub unikaalset ja eristuvat maitseprofiili. T\u00e4psuse ja detailidele p\u00fchendumisega valmistatud, esitleb see d\u017einn harmoonilist taimsete komponentide segu, mis loob tasakaalustatud ja maitsek\u00fcllase joogi.<\/p>\n<p>Peamised taimed, mida Rae Ginis kasutatakse, h\u00f5lmavad kadakamarju, koriandri seemneid, tsitruseliste koori ning hoolikalt valitud \u00fcrte ja v\u00fcrtse. Tulemuseks on d\u017einn, millel on v\u00e4rskendav tsitruse maitse, mida t\u00e4iendavad peened \u00fcrtide ja v\u00fcrtside noodid.<\/p>\n<p>Rae Gin on oma sileda ja v\u00e4rskendava olemuse t\u00f5ttu ideaalne nautimiseks puhtalt, j\u00e4\u00e4ga v\u00f5i olulise koostisosana kokteilides. Olgu sulle siis d\u017einni entusiast v\u00f5i keegi, kes soovib avastada k\u00e4sit\u00f6\u00f6jookide maailma, pakub Rae Gin nauditavat ja meeldej\u00e4\u00e4vat joomiskogemust.<\/p>\n<p>Sukeldu Rae Gin\u2019i erakordsesse kvaliteeti ja k\u00e4sit\u00f6\u00f6sse ning avasta selle keerukate maitsete maailm, mis teeb selle d\u017einni suurep\u00e4raseks valikuks d\u017einnimaailmas.<\/p>\n","protected":false},"excerpt":{"rendered":"<p>Liik: Dzinn<br \/>\nKastis: 24<br \/>\nMaht: 50CL<br \/>\nAlkoholisisaldus: 38,0% vol<br \/>\nP\u00e4ritolumaa: Eesti<\/p>\n","protected":false},"featured_media":4822,"template":"","meta":{"_acf_changed":false,"_kadence_starter_templates_imported_post":false,"_kad_post_transparent":"","_kad_post_title":"","_kad_post_layout":"","_kad_post_sidebar_id":"","_kad_post_content_style":"","_kad_post_vertical_padding":"","_kad_post_feature":"","_kad_post_feature_position":"","_kad_post_header":false,"_kad_post_footer":false},"product_brand":[],"product_cat":[254,110,39,26,50],"product_tag":[],"class_list":{"0":"post-4823","1":"product","2":"type-product","3":"status-publish","4":"has-post-thumbnail","6":"product_cat-kange-alkohol-pakkumised","7":"product_cat-pakkumised","8":"product_cat-gin","9":"product_cat-kange-alkohol","10":"product_cat-soodus-1","12":"first","13":"outofstock","14":"sale","15":"taxable","16":"shipping-taxable","17":"purchasable","18":"product-type-simple","19":"entry","20":"content-bg","21":"loop-entry"},"acf":[],"_links":{"self":[{"href":"https:\/\/mydrink.ee\/et\/wp-json\/wp\/v2\/product\/4823","targetHints":{"allow":["GET"]}}],"collection":[{"href":"https:\/\/mydrink.ee\/et\/wp-json\/wp\/v2\/product"}],"about":[{"href":"https:\/\/mydrink.ee\/et\/wp-json\/wp\/v2\/types\/product"}],"wp:featuredmedia":[{"embeddable":true,"href":"https:\/\/mydrink.ee\/et\/wp-json\/wp\/v2\/media\/4822"}],"wp:attachment":[{"href":"https:\/\/mydrink.ee\/et\/wp-json\/wp\/v2\/media?parent=4823"}],"wp:term":[{"taxonomy":"product_brand","embeddable":true,"href":"https:\/\/mydrink.ee\/et\/wp-json\/wp\/v2\/product_brand?post=4823"},{"taxonomy":"product_cat","embeddable":true,"href":"https:\/\/mydrink.ee\/et\/wp-json\/wp\/v2\/product_cat?post=4823"},{"taxonomy":"product_tag","embeddable":true,"href":"https:\/\/mydrink.ee\/et\/wp-json\/wp\/v2\/product_tag?post=4823"}],"curies":[{"name":"wp","href":"https:\/\/api.w.org\/{rel}","templated":true}]}}