{"id":4831,"date":"2025-04-14T13:33:24","date_gmt":"2025-04-14T10:33:24","guid":{"rendered":"https:\/\/mydrink.ee\/product\/garage-hardcore-cherry-6-vol-33cl-x-24\/"},"modified":"2026-03-24T21:34:04","modified_gmt":"2026-03-24T19:34:04","slug":"garage-hardcore-cherry-6-vol-33cl-x-24","status":"publish","type":"product","link":"https:\/\/mydrink.ee\/et\/product\/garage-hardcore-cherry-6-vol-33cl-x-24\/","title":{"rendered":"Garage Hardcore Cherry Long Drink 6% vol 33cl x 24"},"content":{"rendered":"<p><strong>Garage&#8217;i Hardcore Cherry<\/strong> on tugeva kirsimaitsega jook, kus k\u00f5rgem alkoholisisaldus toob k\u00f5ik n\u00fcansid veelgi paremini esile, samas s\u00e4ilitades autentse kirsi olemuse.<\/p>\n<p>Koostisosad: vesi, suhkur, odralinnased, gl\u00fckoosisiirup, s\u00fcsihappegaas, hape &#8211; E330, v\u00e4rviv kontsentraat porgandist, humalad, looduslikud l\u00f5hna- ja maitseained, antioks\u00fcdant &#8211; E300, s\u00e4ilitusaine &#8211; E202<\/p>\n<p>Toitumisalane teave 100 ml kohta:<br \/>Energia: 268 kJ \/ 64 kcal<br \/>Rasvad: 0,1 g<br \/>\u00a0\u00a0\u00a0\u00a0 millest k\u00fcllastunud rasvhappeid: 0 g<br \/>S\u00fcsivesikud:\u00a0 7,5 g<br \/>\u00a0\u00a0\u00a0\u00a0 millest suhkruid: 6,3 g<br \/>Valgud: 0 g<br \/>Sool: 0 g<\/p>\n\n<style>.wp-block-kadence-advancedheading.kt-adv-heading4831_143110-6b_0, .wp-block-kadence-advancedheading.kt-adv-heading4831_143110-6b_0[data-kb-block=\"kb-adv-heading4831_143110-6b_0\"]{font-style:normal;}.wp-block-kadence-advancedheading.kt-adv-heading4831_143110-6b_0 mark.kt-highlight, .wp-block-kadence-advancedheading.kt-adv-heading4831_143110-6b_0[data-kb-block=\"kb-adv-heading4831_143110-6b_0\"] mark.kt-highlight{font-style:normal;color:#f76a0c;-webkit-box-decoration-break:clone;box-decoration-break:clone;padding-top:0px;padding-right:0px;padding-bottom:0px;padding-left:0px;}<\/style>\n<p class=\"kt-adv-heading4831_143110-6b_0 wp-block-kadence-advancedheading has-theme-palette-9-color has-text-color\" data-kb-block=\"kb-adv-heading4831_143110-6b_0\">long drink<\/p>\n","protected":false},"excerpt":{"rendered":"<p>Liik: Long Drink<br \/>\nKastis: 24<br \/>\nMaht: 7,92L<br \/>\nAlkoholisisaldus: 6% vol<br \/>\nP\u00e4ritolumaa: Eesti<br \/>\nTootja: Saku \u00d5lletehas AS<br \/>\nV\u00e4rv: Roosa<br \/>\nMaitse: V\u00e4rske, kirss<br \/>\nServeerimine: 5-7C<\/p>\n<p><span style=\"color: #ff0000;\">\u00dchte pakiautomaadi kappi mahub kolm sellist toodet!<\/span><\/p>\n","protected":false},"featured_media":4830,"template":"","meta":{"_acf_changed":false,"_kadence_starter_templates_imported_post":false,"_kad_post_transparent":"","_kad_post_title":"","_kad_post_layout":"","_kad_post_sidebar_id":"","_kad_post_content_style":"","_kad_post_vertical_padding":"","_kad_post_feature":"","_kad_post_feature_position":"","_kad_post_header":false,"_kad_post_footer":false},"product_brand":[],"product_cat":[90,256,232,110,25,91,87],"product_tag":[],"class_list":{"0":"post-4831","1":"product","2":"type-product","3":"status-publish","4":"has-post-thumbnail","6":"product_cat-long-drink","7":"product_cat-lahja-alkohol","8":"product_cat-pandipakend","9":"product_cat-pakkumised","10":"product_cat-olu-siider-long-drink","11":"product_cat-ohooo","12":"product_cat-frontpage","14":"first","15":"instock","16":"sale","17":"taxable","18":"shipping-taxable","19":"purchasable","20":"product-type-simple","21":"entry","22":"content-bg","23":"loop-entry"},"acf":[],"_links":{"self":[{"href":"https:\/\/mydrink.ee\/et\/wp-json\/wp\/v2\/product\/4831","targetHints":{"allow":["GET"]}}],"collection":[{"href":"https:\/\/mydrink.ee\/et\/wp-json\/wp\/v2\/product"}],"about":[{"href":"https:\/\/mydrink.ee\/et\/wp-json\/wp\/v2\/types\/product"}],"wp:featuredmedia":[{"embeddable":true,"href":"https:\/\/mydrink.ee\/et\/wp-json\/wp\/v2\/media\/4830"}],"wp:attachment":[{"href":"https:\/\/mydrink.ee\/et\/wp-json\/wp\/v2\/media?parent=4831"}],"wp:term":[{"taxonomy":"product_brand","embeddable":true,"href":"https:\/\/mydrink.ee\/et\/wp-json\/wp\/v2\/product_brand?post=4831"},{"taxonomy":"product_cat","embeddable":true,"href":"https:\/\/mydrink.ee\/et\/wp-json\/wp\/v2\/product_cat?post=4831"},{"taxonomy":"product_tag","embeddable":true,"href":"https:\/\/mydrink.ee\/et\/wp-json\/wp\/v2\/product_tag?post=4831"}],"curies":[{"name":"wp","href":"https:\/\/api.w.org\/{rel}","templated":true}]}}