{"id":4837,"date":"2025-04-22T16:47:32","date_gmt":"2025-04-22T13:47:32","guid":{"rendered":"https:\/\/mydrink.ee\/product\/miss-giulia-red-sweet-sparkling-7-5-vol-25cl-x-12\/"},"modified":"2025-12-29T11:00:03","modified_gmt":"2025-12-29T09:00:03","slug":"miss-giulia-red-sweet-sparkling-7-5-vol-25cl-x-12","status":"publish","type":"product","link":"https:\/\/mydrink.ee\/et\/product\/miss-giulia-red-sweet-sparkling-7-5-vol-25cl-x-12\/","title":{"rendered":"Miss Giulia Red Sweet Sparkling 7,5% vol 25CL x 12"},"content":{"rendered":"<p><strong>Lisainfo<\/strong><br \/>1994. aastal rajatud moodne Abruzzo piirkonnas paiknev veinitootja, kes t\u00e4nap\u00e4eval kasvatab marju paljudes Itaalia piirkondades. <br \/>Vein on v\u00e4rvilt violetne purpurpunane, sisaldab CO2. Aroom on veinil aromaatne ja mahlaselt marjane. Tunda sireli\u00f5isi ja punaseid lilli, \u00fclek\u00fcpsenud punaseid marju kirsse, vaarikaid ja aedmaasikaid. Aroomil\u00f5pp sametiselt marjane. Maitse on marjaselt magus ja mahlane. Tunda magusaid \u00fclek\u00fcpsenud tumedaid kirsse, viigimarju ja vaarikamoosi, piima\u0161okolaadi koos magusa v\u00fcrtsikusega, J\u00e4relmaitse siidiselt marjane ja madala tanniinsusega. <br \/>Viinamarjad on korjatud erinevatest Itaalia kasvualadelt, vein k\u00e4\u00e4ritatakse \u201eCharmat\u201c meetodil roostevabast terasest survevaatides, k\u00e4\u00e4rimine peatatakse veini jahutamise teel.<\/p>\n<p><strong>Tarbimissoovitus<\/strong><br \/>Marjadest valmistatud koogid ja desserdid. Suviseks seltskonnaveiniks v\u00f5i kasutada marjabooli valmistamisel.<\/p>\n","protected":false},"excerpt":{"rendered":"<p>Liik: Osaliselt k&auml;&auml;ritatud viinamarjavirre <br \/>T&uuml;&uuml;p: Sparkling Wine <br \/>Kastis: 12 <br \/>Maht: 3L <br \/>Alkoholisisaldus:7,5% vol <br \/>P&auml;ritolumaa: Itaalia <br \/>Tootja: FA.VI.S.R.L <br \/>Viinamarjad: Erinevad tumedad marjasordid <br \/>V&auml;rv: Punane <br \/>Aroom: Aromaatne, vaarikas, maasikas <br \/>Maitse: Magus, mahlane, kirss, viigimari, vaarikas, v&uuml;rts. <br \/>Serveerimistemperatuur: Jahutatuna, 8-10C<\/p>\n","protected":false},"featured_media":4836,"template":"","meta":{"_acf_changed":false,"_kadence_starter_templates_imported_post":false,"_kad_post_transparent":"","_kad_post_title":"","_kad_post_layout":"","_kad_post_sidebar_id":"","_kad_post_content_style":"","_kad_post_vertical_padding":"","_kad_post_feature":"","_kad_post_feature_position":"","_kad_post_header":false,"_kad_post_footer":false},"product_brand":[],"product_cat":[123,24,86,78],"product_tag":[],"class_list":{"0":"post-4837","1":"product","2":"type-product","3":"status-publish","4":"has-post-thumbnail","6":"product_cat-vahuveinid-1","7":"product_cat-vahuveinid","8":"product_cat-soodus-1-vahuveinid","9":"product_cat-itaalia-1-2","11":"first","12":"instock","13":"taxable","14":"shipping-taxable","15":"purchasable","16":"product-type-simple","17":"entry","18":"content-bg","19":"loop-entry"},"acf":[],"_links":{"self":[{"href":"https:\/\/mydrink.ee\/et\/wp-json\/wp\/v2\/product\/4837","targetHints":{"allow":["GET"]}}],"collection":[{"href":"https:\/\/mydrink.ee\/et\/wp-json\/wp\/v2\/product"}],"about":[{"href":"https:\/\/mydrink.ee\/et\/wp-json\/wp\/v2\/types\/product"}],"wp:featuredmedia":[{"embeddable":true,"href":"https:\/\/mydrink.ee\/et\/wp-json\/wp\/v2\/media\/4836"}],"wp:attachment":[{"href":"https:\/\/mydrink.ee\/et\/wp-json\/wp\/v2\/media?parent=4837"}],"wp:term":[{"taxonomy":"product_brand","embeddable":true,"href":"https:\/\/mydrink.ee\/et\/wp-json\/wp\/v2\/product_brand?post=4837"},{"taxonomy":"product_cat","embeddable":true,"href":"https:\/\/mydrink.ee\/et\/wp-json\/wp\/v2\/product_cat?post=4837"},{"taxonomy":"product_tag","embeddable":true,"href":"https:\/\/mydrink.ee\/et\/wp-json\/wp\/v2\/product_tag?post=4837"}],"curies":[{"name":"wp","href":"https:\/\/api.w.org\/{rel}","templated":true}]}}