{"id":4855,"date":"2025-06-03T12:58:54","date_gmt":"2025-06-03T09:58:54","guid":{"rendered":"https:\/\/mydrink.ee\/product\/il-capolavoro-selezione-delicata-12-5-vol-300cl-bib\/"},"modified":"2025-12-29T12:17:21","modified_gmt":"2025-12-29T10:17:21","slug":"il-capolavoro-selezione-delicata-12-5-vol-300cl-bib","status":"publish","type":"product","link":"https:\/\/mydrink.ee\/et\/product\/il-capolavoro-selezione-delicata-12-5-vol-300cl-bib\/","title":{"rendered":"IL Capolavoro Selezione Delicata 12,5% vol 300cl BIB"},"content":{"rendered":"<style>.wp-block-kadence-advancedheading.kt-adv-heading4855_0f3fb0-aa_0, .wp-block-kadence-advancedheading.kt-adv-heading4855_0f3fb0-aa_0[data-kb-block=\"kb-adv-heading4855_0f3fb0-aa_0\"]{font-style:normal;}.wp-block-kadence-advancedheading.kt-adv-heading4855_0f3fb0-aa_0 mark.kt-highlight, .wp-block-kadence-advancedheading.kt-adv-heading4855_0f3fb0-aa_0[data-kb-block=\"kb-adv-heading4855_0f3fb0-aa_0\"] mark.kt-highlight{font-style:normal;color:#f76a0c;-webkit-box-decoration-break:clone;box-decoration-break:clone;padding-top:0px;padding-right:0px;padding-bottom:0px;padding-left:0px;}<\/style>\n<p class=\"kt-adv-heading4855_0f3fb0-aa_0 wp-block-kadence-advancedheading has-theme-palette-9-color has-text-color\" data-kb-block=\"kb-adv-heading4855_0f3fb0-aa_0\">capolavoro<\/p>\n\n\n<style>.wp-block-kadence-advancedheading.kt-adv-heading4855_c1f5a0-9b, .wp-block-kadence-advancedheading.kt-adv-heading4855_c1f5a0-9b[data-kb-block=\"kb-adv-heading4855_c1f5a0-9b\"]{font-style:normal;}.wp-block-kadence-advancedheading.kt-adv-heading4855_c1f5a0-9b mark.kt-highlight, .wp-block-kadence-advancedheading.kt-adv-heading4855_c1f5a0-9b[data-kb-block=\"kb-adv-heading4855_c1f5a0-9b\"] mark.kt-highlight{font-style:normal;color:#f76a0c;-webkit-box-decoration-break:clone;box-decoration-break:clone;padding-top:0px;padding-right:0px;padding-bottom:0px;padding-left:0px;}<\/style>\n<p class=\"kt-adv-heading4855_c1f5a0-9b wp-block-kadence-advancedheading\" data-kb-block=\"kb-adv-heading4855_c1f5a0-9b\"><\/p>\n","protected":false},"excerpt":{"rendered":"<p>Liik: Geograafilise t\u00e4hisega vein<br \/>\nKastis: 4<br \/>\nMaht: 300CL<br \/>\nAlkoholisisaldus: 12,5% vol<br \/>\nP\u00e4ritolumaa: Itaalia<br \/>\nTootja: Puglia<br \/>\nViinamarjasort: Sangiovese, Primitivo<br \/>\nAroom:M ustad tumedad marjad, kerge v\u00fcrtsikus ja vihjed lagritsale.\u200b<br \/>\nMaitse:\u00a0Marjase ja t\u00e4idlase stiiliga. Maitselt on vein kuiv, t\u00e4idlane, pika j\u00e4relmaitsega ja pehmete tanniinidega.<br \/>\nToidusoovitus:\u00a0Sobib serveerida pizza ja pasta k\u00f5rvale ning erinevate sealiharoogadega.<br \/>\nServeerimistemperatuur: 16-18C<\/p>\n","protected":false},"featured_media":4854,"template":"","meta":{"_acf_changed":false,"_kadence_starter_templates_imported_post":false,"_kad_post_transparent":"","_kad_post_title":"","_kad_post_layout":"","_kad_post_sidebar_id":"","_kad_post_content_style":"","_kad_post_vertical_padding":"","_kad_post_feature":"","_kad_post_feature_position":"","_kad_post_header":false,"_kad_post_footer":false},"product_brand":[],"product_cat":[20,180,182,181,30,87,119],"product_tag":[],"class_list":{"0":"post-4855","1":"product","2":"type-product","3":"status-publish","4":"has-post-thumbnail","6":"product_cat-punased-veinid","7":"product_cat-veinid","8":"product_cat-pakiveinid-1-veinid","9":"product_cat-pakkumised-1","10":"product_cat-itaalia","11":"product_cat-frontpage","12":"product_cat-pakiveinid","14":"first","15":"instock","16":"taxable","17":"shipping-taxable","18":"purchasable","19":"product-type-simple","20":"entry","21":"content-bg","22":"loop-entry"},"acf":[],"_links":{"self":[{"href":"https:\/\/mydrink.ee\/et\/wp-json\/wp\/v2\/product\/4855","targetHints":{"allow":["GET"]}}],"collection":[{"href":"https:\/\/mydrink.ee\/et\/wp-json\/wp\/v2\/product"}],"about":[{"href":"https:\/\/mydrink.ee\/et\/wp-json\/wp\/v2\/types\/product"}],"wp:featuredmedia":[{"embeddable":true,"href":"https:\/\/mydrink.ee\/et\/wp-json\/wp\/v2\/media\/4854"}],"wp:attachment":[{"href":"https:\/\/mydrink.ee\/et\/wp-json\/wp\/v2\/media?parent=4855"}],"wp:term":[{"taxonomy":"product_brand","embeddable":true,"href":"https:\/\/mydrink.ee\/et\/wp-json\/wp\/v2\/product_brand?post=4855"},{"taxonomy":"product_cat","embeddable":true,"href":"https:\/\/mydrink.ee\/et\/wp-json\/wp\/v2\/product_cat?post=4855"},{"taxonomy":"product_tag","embeddable":true,"href":"https:\/\/mydrink.ee\/et\/wp-json\/wp\/v2\/product_tag?post=4855"}],"curies":[{"name":"wp","href":"https:\/\/api.w.org\/{rel}","templated":true}]}}