{"id":513,"date":"2012-07-13T13:48:18","date_gmt":"2012-07-13T10:48:18","guid":{"rendered":"https:\/\/mydrink.ee\/product\/galliano-l-autentico-42-3-50cl\/"},"modified":"2012-07-13T13:48:18","modified_gmt":"2012-07-13T10:48:18","slug":"galliano-l-autentico-42-3-50cl","status":"publish","type":"product","link":"https:\/\/mydrink.ee\/et\/product\/galliano-l-autentico-42-3-50cl\/","title":{"rendered":"GALLIANO L`AUTENTICO 42,3%50CL"},"content":{"rendered":"<p>Vanilje\/aniisi \u00fcrdilik\u00f6\u00f6r.<br \/>\nOriginaalne. Klassikaline. Kuldse tooniga ja \u00f5rna roheka helgiga.<br \/>\nH\u00e4sti balanseeritud aroomis ja maitses on tunda Vahemere \u00e4\u00e4rsete viljade ja \u00fcrtide koosm\u00f5ju. Aroomaatse ja j\u00f5ulise maitsega itaalia \u00fcrdilik\u00f6\u00f6r. Galliano L\u00b4Autentico meeldiv ja peen maitse ei v\u00f5istle kunagi teiste maitsetega.<br \/>\nSee itaallaste lemmik on olnud traditsiooniline, asendamatu ja populaarne koostis kokteilides. \u00dcksk\u00f5ik, mis kokteili sa segad, s\u00e4ilitab ta ikkagi oma originaalse maitse ja aroomi.<br \/>\nSpirito Italiano.<\/p>\n<p>Gallianost on t\u00e4nap\u00e4eval kujunenud lik\u00f6\u00f6ride klassik. Galliano meeldiv ja peen maitse ei v\u00f5istle kunagi teiste maitsetega. See itaallaste lemmik on olnud traditsiooniline, asendamatu ja populaarne koostis kokteilides. \u00dcksk\u00f5ik, mis kokteili sa segad, s\u00e4ilitab ta ikkagi oma originaalse maitse ja aroomi.<br \/>\n\u00dcle maailma on baarmenid hakanud seda jooki usaldama. <\/p>\n<p>1896 valmistas \u00fcks nutikas noor Tuscan\u00b4i viinap\u00f5letaja nimega Arturo Vaccari ainulaadse lik\u00f6\u00f6ri, et t\u00e4histada sellega major Guiseppe Galliano sangarlikke saavutusi. Ilmselt imetles Arturo Vaccari samuti Galliano ilusat t\u00fctart. Arturo kogus Alpidest ja Vahemere \u00e4\u00e4rsetelt aladelt ravimtaimi ja v\u00fcrtse (n: lavendel, aniis, kadakas, raudroht, muskus) ja segas need eksootiliste maitsetega troopikast &#8211; vanilje ja kaneeliga. L\u00f5ppkokkuv\u00f5ttes \u00fchendas ta \u00fcle 30-ne erineva koostisaine, et luua j\u00f5ulist ja uut jooki koos jalustrabava ning v\u00e4rskendava maitsega. Oli loodud vapustavalt hea ja ainulaadne Galliano, mis on t\u00e4nap\u00e4eval tuntud kogu maailmas.<\/p>\n","protected":false},"excerpt":{"rendered":"<p>Liik:\tKange alkohol, Lik\u00f6\u00f6r<br \/>\nKastis:\t6<br \/>\nMaht:\t50CL<br \/>\nAlkoholisisaldus:\t42,3%<br \/>\nP\u00e4ritolumaa:\tHolland<\/p>\n<p>Valik kokteile:<br \/>\nGalliano Hothshot<br \/>\nItalian Spritz Punch<br \/>\nL&#8217;Autentico &#038; Cranberry<br \/>\nHarvey Wallbanger<\/p>\n","protected":false},"featured_media":508,"template":"","meta":{"_acf_changed":false,"_kadence_starter_templates_imported_post":false,"_kad_post_transparent":"","_kad_post_title":"","_kad_post_layout":"","_kad_post_sidebar_id":"","_kad_post_content_style":"","_kad_post_vertical_padding":"","_kad_post_feature":"","_kad_post_feature_position":"","_kad_post_header":false,"_kad_post_footer":false},"product_brand":[],"product_cat":[43],"product_tag":[],"class_list":{"0":"post-513","1":"product","2":"type-product","3":"status-publish","4":"has-post-thumbnail","6":"product_cat-likoor","8":"first","9":"outofstock","10":"taxable","11":"shipping-taxable","12":"purchasable","13":"product-type-simple","14":"entry","15":"content-bg","16":"loop-entry"},"acf":[],"_links":{"self":[{"href":"https:\/\/mydrink.ee\/et\/wp-json\/wp\/v2\/product\/513","targetHints":{"allow":["GET"]}}],"collection":[{"href":"https:\/\/mydrink.ee\/et\/wp-json\/wp\/v2\/product"}],"about":[{"href":"https:\/\/mydrink.ee\/et\/wp-json\/wp\/v2\/types\/product"}],"wp:featuredmedia":[{"embeddable":true,"href":"https:\/\/mydrink.ee\/et\/wp-json\/wp\/v2\/media\/508"}],"wp:attachment":[{"href":"https:\/\/mydrink.ee\/et\/wp-json\/wp\/v2\/media?parent=513"}],"wp:term":[{"taxonomy":"product_brand","embeddable":true,"href":"https:\/\/mydrink.ee\/et\/wp-json\/wp\/v2\/product_brand?post=513"},{"taxonomy":"product_cat","embeddable":true,"href":"https:\/\/mydrink.ee\/et\/wp-json\/wp\/v2\/product_cat?post=513"},{"taxonomy":"product_tag","embeddable":true,"href":"https:\/\/mydrink.ee\/et\/wp-json\/wp\/v2\/product_tag?post=513"}],"curies":[{"name":"wp","href":"https:\/\/api.w.org\/{rel}","templated":true}]}}