{"id":559,"date":"2012-07-13T10:48:20","date_gmt":"2012-07-13T07:48:20","guid":{"rendered":"https:\/\/mydrink.ee\/product\/metaxa-ouzo-38-70cl\/"},"modified":"2025-09-09T03:03:43","modified_gmt":"2025-09-09T00:03:43","slug":"metaxa-ouzo-38-70cl","status":"publish","type":"product","link":"https:\/\/mydrink.ee\/et\/product\/metaxa-ouzo-38-70cl\/","title":{"rendered":"METAXA OUZO 38% 70CL"},"content":{"rendered":"<p>OUZO (\u03bf\u03cd\u03b6\u03bf) on aniisimaitseline viin. V\u00e4ga populaarne oma kodumaal Kreekas. Nautides samasugust staatust omal maal nagu pastis (Prantsusmaal), Sambuca (Itaalias) ja raki (T\u00fcrgis). <\/p>\n<p>Ouzo tootmisega alustati 19. sajandi keskpaigas ja p\u00f5hiliseks tootmiskohaks sai Lesbos\u00b4e saar. Mis on ka t\u00e4naseni \u00fcks p\u00f5hilisi ouzo tootmise asukohti. 180 Kreeka destillatsioonikoda toodavad kokku 370 erinevat marki ouzo\u00b4t. <\/p>\n<p>Tootmisprotsessil kasutatakse puhast 96% (ABV) viinamarja veinist valmistatud piiritust. Seda destilleeritakse koos aniisi, t\u00e4htaniisi, korianderi, nelgi, kaneeli ning paljude teiste v\u00fcrtsidega. Lisatakse suhkrut ja lahjendatakse veega. Igal destillatsioonikojal on oma salajane retsept. <\/p>\n<p>Kreeka restoranides pakutakse ouzo\u00b4t aperatiivina. Soovitav on ouzo eelnevalt jahutada ja serveerida pitsis. Traditsiooniliselt serveeritakse ouzo\u00b4t koos veega. Juurde v\u00f5ib lisada ka j\u00e4\u00e4d. Samuti v\u00f5ib ouzo\u00b4t segada colaga. <\/p>\n<p>Ouzo effekt! Kui ouzo\u00b4le lisada juurde vett v\u00f5i j\u00e4\u00e4kuubikuid, siis muutub see klaasis piimjas-valgeks. P\u00f5hjus on selles, et aniisis leiduv eeterlik \u00f5li &#8211; anetool on lahustuv alkoholis kuid mitte vees. <\/p>\n<p>Never on Sunday<br \/>\n4 cl Metaxa 5* br\u00e4ndi<br \/>\n2 cl Metaxa Ouzo aniisiviin<br \/>\n1 dash (6\u20138 tilka)Angostura bitter<br \/>\nOdessa vahuvein<\/p>\n","protected":false},"excerpt":{"rendered":"<p>Liik: Kange alkohol, Ouzo<br \/>\nKastis: 12<br \/>\nMaht: 70CL<br \/>\nAlkoholisisaldus: 38%<br \/>\nP\u00e4ritolumaa: Kreeka<\/p>\n<p>Kokteile:<br \/>\nOUZO TONIC<br \/>\nOUZO J\u00c4\u00c4GA<br \/>\nKREEKA LIMONAAD (GREEC LEMONADE)<\/p>\n","protected":false},"featured_media":555,"template":"","meta":{"_acf_changed":false,"_kad_post_transparent":"","_kad_post_title":"","_kad_post_layout":"","_kad_post_sidebar_id":"","_kad_post_content_style":"","_kad_post_vertical_padding":"","_kad_post_feature":"","_kad_post_feature_position":"","_kad_post_header":false,"_kad_post_footer":false},"product_brand":[],"product_cat":[26,95,49],"product_tag":[],"class_list":{"0":"post-559","1":"product","2":"type-product","3":"status-publish","4":"has-post-thumbnail","6":"product_cat-kange-alkohol","7":"product_cat-metaxa","8":"product_cat-muu-1","10":"first","11":"outofstock","12":"taxable","13":"shipping-taxable","14":"purchasable","15":"product-type-simple","16":"entry","17":"content-bg","18":"loop-entry"},"acf":[],"_links":{"self":[{"href":"https:\/\/mydrink.ee\/et\/wp-json\/wp\/v2\/product\/559","targetHints":{"allow":["GET"]}}],"collection":[{"href":"https:\/\/mydrink.ee\/et\/wp-json\/wp\/v2\/product"}],"about":[{"href":"https:\/\/mydrink.ee\/et\/wp-json\/wp\/v2\/types\/product"}],"wp:featuredmedia":[{"embeddable":true,"href":"https:\/\/mydrink.ee\/et\/wp-json\/wp\/v2\/media\/555"}],"wp:attachment":[{"href":"https:\/\/mydrink.ee\/et\/wp-json\/wp\/v2\/media?parent=559"}],"wp:term":[{"taxonomy":"product_brand","embeddable":true,"href":"https:\/\/mydrink.ee\/et\/wp-json\/wp\/v2\/product_brand?post=559"},{"taxonomy":"product_cat","embeddable":true,"href":"https:\/\/mydrink.ee\/et\/wp-json\/wp\/v2\/product_cat?post=559"},{"taxonomy":"product_tag","embeddable":true,"href":"https:\/\/mydrink.ee\/et\/wp-json\/wp\/v2\/product_tag?post=559"}],"curies":[{"name":"wp","href":"https:\/\/api.w.org\/{rel}","templated":true}]}}