{"id":5606,"date":"2025-09-25T09:10:58","date_gmt":"2025-09-25T06:10:58","guid":{"rendered":"https:\/\/mydrink.ee\/?post_type=product&#038;p=5606"},"modified":"2026-04-14T13:52:02","modified_gmt":"2026-04-14T10:52:02","slug":"hartwall-original-long-drink-glogg-55-vol-33cl-x-24","status":"publish","type":"product","link":"https:\/\/mydrink.ee\/et\/product\/hartwall-original-long-drink-glogg-55-vol-33cl-x-24\/","title":{"rendered":"Hartwall Original Long Drink Gl\u00f6gg 5,5% vol 33CL x 24"},"content":{"rendered":"<style>.wp-block-kadence-advancedheading.kt-adv-heading5606_d69066-b0_0, .wp-block-kadence-advancedheading.kt-adv-heading5606_d69066-b0_0[data-kb-block=\"kb-adv-heading5606_d69066-b0_0\"]{font-style:normal;}.wp-block-kadence-advancedheading.kt-adv-heading5606_d69066-b0_0 mark.kt-highlight, .wp-block-kadence-advancedheading.kt-adv-heading5606_d69066-b0_0[data-kb-block=\"kb-adv-heading5606_d69066-b0_0\"] mark.kt-highlight{font-style:normal;color:#f76a0c;-webkit-box-decoration-break:clone;box-decoration-break:clone;padding-top:0px;padding-right:0px;padding-bottom:0px;padding-left:0px;}.wp-block-kadence-advancedheading.kt-adv-heading5606_d69066-b0_0 img.kb-inline-image, .wp-block-kadence-advancedheading.kt-adv-heading5606_d69066-b0_0[data-kb-block=\"kb-adv-heading5606_d69066-b0_0\"] img.kb-inline-image{width:150px;vertical-align:baseline;}<\/style>\n<h4 class=\"kt-adv-heading5606_d69066-b0_0 wp-block-kadence-advancedheading has-theme-palette-9-color has-text-color\" data-kb-block=\"kb-adv-heading5606_d69066-b0_0\">gl\u00f6gi, gl\u00f6gg, h\u00f5\u00f5gvein, long drink<\/h4>\n","protected":false},"excerpt":{"rendered":"<p>Liik: Long Drink Kastis: 24 Maht: 7,92L Alkoholisisaldus: 5,5% vol P\u00e4ritolumaa: Soome Serveerimine: Jahutatult \u00a0<\/p>\n","protected":false},"featured_media":5607,"template":"","meta":{"_acf_changed":false,"_kad_post_transparent":"default","_kad_post_title":"","_kad_post_layout":"default","_kad_post_sidebar_id":"","_kad_post_content_style":"default","_kad_post_vertical_padding":"default","_kad_post_feature":"","_kad_post_feature_position":"","_kad_post_header":false,"_kad_post_footer":false},"product_brand":[],"product_cat":[90,256,110,91,87,25,232],"product_tag":[272,280],"class_list":{"0":"post-5606","1":"product","2":"type-product","3":"status-publish","4":"has-post-thumbnail","6":"product_cat-long-drink","7":"product_cat-lahja-alkohol","8":"product_cat-pakkumised","9":"product_cat-ohooo","10":"product_cat-frontpage","11":"product_cat-olu-siider-long-drink","12":"product_cat-pandipakend","13":"product_tag-htw33ale","14":"product_tag-htwld","16":"first","17":"instock","18":"sale","19":"taxable","20":"shipping-taxable","21":"purchasable","22":"product-type-simple","23":"entry","24":"content-bg","25":"loop-entry"},"acf":[],"_links":{"self":[{"href":"https:\/\/mydrink.ee\/et\/wp-json\/wp\/v2\/product\/5606","targetHints":{"allow":["GET"]}}],"collection":[{"href":"https:\/\/mydrink.ee\/et\/wp-json\/wp\/v2\/product"}],"about":[{"href":"https:\/\/mydrink.ee\/et\/wp-json\/wp\/v2\/types\/product"}],"wp:featuredmedia":[{"embeddable":true,"href":"https:\/\/mydrink.ee\/et\/wp-json\/wp\/v2\/media\/5607"}],"wp:attachment":[{"href":"https:\/\/mydrink.ee\/et\/wp-json\/wp\/v2\/media?parent=5606"}],"wp:term":[{"taxonomy":"product_brand","embeddable":true,"href":"https:\/\/mydrink.ee\/et\/wp-json\/wp\/v2\/product_brand?post=5606"},{"taxonomy":"product_cat","embeddable":true,"href":"https:\/\/mydrink.ee\/et\/wp-json\/wp\/v2\/product_cat?post=5606"},{"taxonomy":"product_tag","embeddable":true,"href":"https:\/\/mydrink.ee\/et\/wp-json\/wp\/v2\/product_tag?post=5606"}],"curies":[{"name":"wp","href":"https:\/\/api.w.org\/{rel}","templated":true}]}}