{"id":567,"date":"2012-07-13T10:48:21","date_gmt":"2012-07-13T07:48:21","guid":{"rendered":"https:\/\/mydrink.ee\/product\/cachaca-51-40-70cl\/"},"modified":"2012-07-13T10:48:21","modified_gmt":"2012-07-13T07:48:21","slug":"cachaca-51-40-70cl","status":"publish","type":"product","link":"https:\/\/mydrink.ee\/et\/product\/cachaca-51-40-70cl\/","title":{"rendered":"CACHACA 51 40% 70CL"},"content":{"rendered":"<p>EESNIMI 51, PEREKONNANIMI BRAZIL.<br \/>\nR\u00e4\u00e4kides Cachaca 51-st, peame me paratamatult r\u00e4\u00e4kima Brasiiliast ja seal elavatest inimestest ning loomulikult Cachaca ajaloost. Pole kahtlustki selles, et nii Brasiilia kui ka Cachaca ajalugu on omavahel tihedalt seotud. Cachaca leiutati 1543.aastal Brasiilias \u0161veitsi immigrandi poolt. Koheselt hakati looma Cachaca&#8217;le maitset, milles on tugevalt \u00e4ratuntavad sealsetele inimestele ise\u00e4ralikud tavad ja harjumused. Alates 1959-ndast aastast, mil jook Cachaca 51 loodi, alustas ta oma v\u00f5iduk\u00e4iku ja on t\u00e4naseks saanud \u00fcheks maailma juhtivaks kange alkoholi margiks. R\u00e4\u00e4kides suhkruroo viinast, viidatakse ikka Cachaca 51&#8217;le.<br \/>\nCACHACA<br \/>\nCachaca 51 on originaalne. See valmistatakse suhkruroost, mis t\u00fckeldatakse pisikesteks t\u00fckkideks, purustatakse, s\u00f5elutakse ja filtreeritakse eemaldamaks kiud ja muud ebapuhtused. J\u00e4\u00e4gid kasutatakse \u00e4ra kui k\u00fctus, saamaks hilisema protsessi tarvis energiat. Puhastatud suhkruroo massile lisatakse p\u00e4rm ja fermentatsiooni tulemusena saadakse n\u00f6. suhkruroo vein. Vein destilleeritakse ja selle tulemusel saadakse kaks erinevat j\u00e4\u00e4kprodukti &#8211; suhkruroo piiritus ja sete, mis eraldub destilleerimise k\u00e4igus. Sete kasutatakse \u00e4ra looduss\u00f5braliku v\u00e4etisena aga piiritus, mis teise komponendina saadakse, segatakse p\u00e4rast m\u00f5ningast \u201crahunemisaega\u201d demineraliseeritud vee ja v\u00e4hese suhkrusiirupiga. Peale spetsiaalset filtreerimist ongi Cachaca 51 valmis villimiseks.<br \/>\nKVALITEET<br \/>\nCachaca 51 k\u00f5rge kvaliteedi tunnistuseks on kvaliteedisertifikaadid ISO 9002 ja ISO 14001. ISO 9002 on tootmise kvaliteedi sertifikaat ja ISO 14001 on tootmise looduses\u00f5bralikkuse n\u00e4itaja. M\u00f5lemad sertifikaadid demonstreerivad, et Caschaca 51 kuulub maailma kvaliteetseimate jookide hulka t\u00f5estades sellega, et k\u00f5rge kvaliteet on \u00fcks paremaid ideid.<br \/>\nK\u00f5ik see sobib kokku samba, jalgpalli, karnevali ja muude asjadega, mida brasiillased v\u00e4ga-v\u00e4ga h\u00e4sti teavad ja tunnevad.<\/p>\n","protected":false},"excerpt":{"rendered":"<p>Liik: Kange alkohol, Cachaca<br \/>\nKastis: 6<br \/>\nMaht: 70CL<br \/>\nAlkoholisisaldus: 40%<br \/>\nP\u00e4ritolumaa: Brasiilia<\/p>\n<p>Kokteile:<br \/>\nCAIPIRINHA<br \/>\n50 ml cacha\u00e7a<br \/>\n\u00bd laimi l\u00f5ihatuna neljaks l\u00f5iguks<br \/>\n2 teelusikat fariinisuhkurt<br \/>\nValmistamine: Pane lain ja suhkur viski- v\u00f5i teeklaasi ja pressi kaimist mahl v\u00e4lja. T\u00e4ida klaas purustatud j\u00e4\u00e4ga ja lisa Cachaca.<\/p>\n<p>Vaata kuidas teha \u00fcks m\u00f5nus CAIPIRINHA http:\/\/www.youtube.com\/watch?v=0rdmyUlU25c<\/p>\n","protected":false},"featured_media":564,"template":"","meta":{"_acf_changed":false,"_kadence_starter_templates_imported_post":false,"_kad_post_transparent":"","_kad_post_title":"","_kad_post_layout":"","_kad_post_sidebar_id":"","_kad_post_content_style":"","_kad_post_vertical_padding":"","_kad_post_feature":"","_kad_post_feature_position":"","_kad_post_header":false,"_kad_post_footer":false},"product_brand":[],"product_cat":[26,49],"product_tag":[],"class_list":{"0":"post-567","1":"product","2":"type-product","3":"status-publish","4":"has-post-thumbnail","6":"product_cat-kange-alkohol","7":"product_cat-muu-1","9":"first","10":"instock","11":"taxable","12":"shipping-taxable","13":"purchasable","14":"product-type-simple","15":"entry","16":"content-bg","17":"loop-entry"},"acf":[],"_links":{"self":[{"href":"https:\/\/mydrink.ee\/et\/wp-json\/wp\/v2\/product\/567","targetHints":{"allow":["GET"]}}],"collection":[{"href":"https:\/\/mydrink.ee\/et\/wp-json\/wp\/v2\/product"}],"about":[{"href":"https:\/\/mydrink.ee\/et\/wp-json\/wp\/v2\/types\/product"}],"wp:featuredmedia":[{"embeddable":true,"href":"https:\/\/mydrink.ee\/et\/wp-json\/wp\/v2\/media\/564"}],"wp:attachment":[{"href":"https:\/\/mydrink.ee\/et\/wp-json\/wp\/v2\/media?parent=567"}],"wp:term":[{"taxonomy":"product_brand","embeddable":true,"href":"https:\/\/mydrink.ee\/et\/wp-json\/wp\/v2\/product_brand?post=567"},{"taxonomy":"product_cat","embeddable":true,"href":"https:\/\/mydrink.ee\/et\/wp-json\/wp\/v2\/product_cat?post=567"},{"taxonomy":"product_tag","embeddable":true,"href":"https:\/\/mydrink.ee\/et\/wp-json\/wp\/v2\/product_tag?post=567"}],"curies":[{"name":"wp","href":"https:\/\/api.w.org\/{rel}","templated":true}]}}