{"id":573,"date":"2012-07-13T10:48:22","date_gmt":"2012-07-13T07:48:22","guid":{"rendered":"https:\/\/mydrink.ee\/product\/royal-oporto-over-40-years-old20-75cl\/"},"modified":"2012-07-13T10:48:22","modified_gmt":"2012-07-13T07:48:22","slug":"royal-oporto-over-40-years-old20-75cl","status":"publish","type":"product","link":"https:\/\/mydrink.ee\/et\/product\/royal-oporto-over-40-years-old20-75cl\/","title":{"rendered":"ROYAL OPORTO AGED 40 YEARS TAWNY 20% 75CL"},"content":{"rendered":"<p>40 aastat vanad portveinid on segatud eri aastak\u00e4ikudest, pudelile m\u00e4rgitud number keskmist vanust. Aastatega on see suurep\u00e4rase kvaliteediga vein omandanud autentse ja selge puidu noodiga eristuva maitse. See vana ja \u00fcllas vein on keerukas velvetine bukett p\u00f5lenud topaasist ja iseloomust, mis on saavutatud vananemise protsessi k\u00e4igus. See on nagu v\u00e4ga elegantne ja v\u00e4\u00e4rtuslik nektar, mis puudutab k\u00f5iki neid, kes seda joovad.<\/p>\n","protected":false},"excerpt":{"rendered":"<p>Liik: Veinid, Portvein ja sherry<br \/>\nKastis: 6<br \/>\nMaht: 75CL<br \/>\nAlkoholisisaldus: 20%<br \/>\nP\u00e4ritolumaa: Portugal<br \/>\nPiirkond: Tinta Francisca, Tinta Roriz, Tinta Carvalha, Touriga Francesa, Touriga Nacional<br \/>\n Aroom: lik\u00f6\u00f6rne, tammene, tunda on ka vaniljet ja metsmarju.<br \/>\n Maitse: v\u00fcrtsine ja kergelt suitsune, h\u00e4sti balanseeritud.<br \/>\n Toidusoovitus: Sobib h\u00e4sti nii toidukorda l\u00f5petama, kui ka iseseisvalt tarbida.<br \/>\n Serveerimine: Soovitav serveerimistemperatuur +18\u00b0C<\/p>\n","protected":false},"featured_media":572,"template":"","meta":{"_acf_changed":false,"_kadence_starter_templates_imported_post":false,"_kad_post_transparent":"","_kad_post_title":"","_kad_post_layout":"","_kad_post_sidebar_id":"","_kad_post_content_style":"","_kad_post_vertical_padding":"","_kad_post_feature":"","_kad_post_feature_position":"","_kad_post_header":false,"_kad_post_footer":false},"product_brand":[],"product_cat":[26,47,50],"product_tag":[],"class_list":{"0":"post-573","1":"product","2":"type-product","3":"status-publish","4":"has-post-thumbnail","6":"product_cat-kange-alkohol","7":"product_cat-portvein","8":"product_cat-soodus-1","10":"first","11":"instock","12":"taxable","13":"shipping-taxable","14":"purchasable","15":"product-type-simple","16":"entry","17":"content-bg","18":"loop-entry"},"acf":[],"_links":{"self":[{"href":"https:\/\/mydrink.ee\/et\/wp-json\/wp\/v2\/product\/573","targetHints":{"allow":["GET"]}}],"collection":[{"href":"https:\/\/mydrink.ee\/et\/wp-json\/wp\/v2\/product"}],"about":[{"href":"https:\/\/mydrink.ee\/et\/wp-json\/wp\/v2\/types\/product"}],"wp:featuredmedia":[{"embeddable":true,"href":"https:\/\/mydrink.ee\/et\/wp-json\/wp\/v2\/media\/572"}],"wp:attachment":[{"href":"https:\/\/mydrink.ee\/et\/wp-json\/wp\/v2\/media?parent=573"}],"wp:term":[{"taxonomy":"product_brand","embeddable":true,"href":"https:\/\/mydrink.ee\/et\/wp-json\/wp\/v2\/product_brand?post=573"},{"taxonomy":"product_cat","embeddable":true,"href":"https:\/\/mydrink.ee\/et\/wp-json\/wp\/v2\/product_cat?post=573"},{"taxonomy":"product_tag","embeddable":true,"href":"https:\/\/mydrink.ee\/et\/wp-json\/wp\/v2\/product_tag?post=573"}],"curies":[{"name":"wp","href":"https:\/\/api.w.org\/{rel}","templated":true}]}}