{"id":622,"date":"2012-07-13T10:48:28","date_gmt":"2012-07-13T07:48:28","guid":{"rendered":"https:\/\/mydrink.ee\/product\/l-latour-beaune-domaine-1er-cru-01-13-5-75cl\/"},"modified":"2012-07-13T10:48:28","modified_gmt":"2012-07-13T07:48:28","slug":"l-latour-beaune-domaine-1er-cru-01-13-5-75cl","status":"publish","type":"product","link":"https:\/\/mydrink.ee\/et\/product\/l-latour-beaune-domaine-1er-cru-01-13-5-75cl\/","title":{"rendered":"L.LATOUR BEAUNE DOMAINE 1ER CRU 13,5% 75CL"},"content":{"rendered":"","protected":false},"excerpt":{"rendered":"<p>Liik: Kaitstud p\u00e4ritolunimetusega vein<br \/>\nKastis: 12<br \/>\nMaht: 75CL<br \/>\nAlkoholisisaldus: 13,5%<br \/>\nP\u00e4ritolumaa: Prantsusmaa<br \/>\nPiirkond: Burgundia<br \/>\nViinamarjasort: Pinot Noir<br \/>\nLaagerdamine: 18 kuud Prantsuse tammevaadis<br \/>\nApellatsioon: Gorton Grand Cru<br \/>\nPinnas: Lubjakivi<br \/>\nV\u00e4rvus: Rubiinpunane<br \/>\nAroom: K\u00fcpsed punased puuviljad, natukene tunda karamelli<br \/>\nMaitse: Siidiselt taniinne, kompleksne, v\u00f5imas ja suursugune, l\u00f5ppmaitse \u00fcmmargune<\/p>\n","protected":false},"featured_media":621,"template":"","meta":{"_acf_changed":false,"_kadence_starter_templates_imported_post":false,"_kad_post_transparent":"","_kad_post_title":"","_kad_post_layout":"","_kad_post_sidebar_id":"","_kad_post_content_style":"","_kad_post_vertical_padding":"","_kad_post_feature":"","_kad_post_feature_position":"","_kad_post_header":false,"_kad_post_footer":false},"product_brand":[],"product_cat":[20,180,32],"product_tag":[],"class_list":{"0":"post-622","1":"product","2":"type-product","3":"status-publish","4":"has-post-thumbnail","6":"product_cat-punased-veinid","7":"product_cat-veinid","8":"product_cat-prantsuse","10":"first","11":"instock","12":"taxable","13":"shipping-taxable","14":"purchasable","15":"product-type-simple","16":"entry","17":"content-bg","18":"loop-entry"},"acf":[],"_links":{"self":[{"href":"https:\/\/mydrink.ee\/et\/wp-json\/wp\/v2\/product\/622","targetHints":{"allow":["GET"]}}],"collection":[{"href":"https:\/\/mydrink.ee\/et\/wp-json\/wp\/v2\/product"}],"about":[{"href":"https:\/\/mydrink.ee\/et\/wp-json\/wp\/v2\/types\/product"}],"wp:featuredmedia":[{"embeddable":true,"href":"https:\/\/mydrink.ee\/et\/wp-json\/wp\/v2\/media\/621"}],"wp:attachment":[{"href":"https:\/\/mydrink.ee\/et\/wp-json\/wp\/v2\/media?parent=622"}],"wp:term":[{"taxonomy":"product_brand","embeddable":true,"href":"https:\/\/mydrink.ee\/et\/wp-json\/wp\/v2\/product_brand?post=622"},{"taxonomy":"product_cat","embeddable":true,"href":"https:\/\/mydrink.ee\/et\/wp-json\/wp\/v2\/product_cat?post=622"},{"taxonomy":"product_tag","embeddable":true,"href":"https:\/\/mydrink.ee\/et\/wp-json\/wp\/v2\/product_tag?post=622"}],"curies":[{"name":"wp","href":"https:\/\/api.w.org\/{rel}","templated":true}]}}