{"id":634,"date":"2012-07-13T10:48:30","date_gmt":"2012-07-13T07:48:30","guid":{"rendered":"https:\/\/mydrink.ee\/product\/errazuriz-estate-cabernet-sauvignon-05-14-75cl\/"},"modified":"2012-07-13T10:48:30","modified_gmt":"2012-07-13T07:48:30","slug":"errazuriz-estate-cabernet-sauvignon-05-14-75cl","status":"publish","type":"product","link":"https:\/\/mydrink.ee\/et\/product\/errazuriz-estate-cabernet-sauvignon-05-14-75cl\/","title":{"rendered":"ERRAZURIZ ESTATE CABERNET SAUVIGNON `05 14% 75CL"},"content":{"rendered":"<p>Korje: K\u00e4sitsi korjatud hilis aprillis ja mai alguses<br \/>Ettev\u00f5tja ja poliitik Don MaximianoErrazurizrajas Vina Errazuriz\u00b4eveinimaja 1870. aastal. Kui tollel ajal oli enamus viinamarjaaedadest rajatud pealinna Santiago l\u00e4hedusse, siis Don Maximianop\u00f6\u00f6ras oma silmad rohkem Santiagost p\u00f5hja suunas. P\u00e4rast kahte p\u00e4eva ratsutamist ja ligikaudu 100 kilomeetri l\u00e4bimist j\u00f5udis ta viinamarjakasvatajate paradiisi \u2013Valle de Aconcagua\u00b4sse. Unikaalne koht, kus k\u00f5rgub l\u00e4\u00e4nemaailma k\u00f5rgeim tipp Mount Aconcagua, mis andis nime ka orule. Sellele erilisele kohale on antud vahemereline kliima, jahe hoovus Vaikselt Ookeanilt ning niisutusvesi istikutele Andidelt, mist\u00f5ttu \u00fctles Don Maximianop\u00e4rast veinimaja rajamist \u2013\u201eParimalt maalt, parim vein\u201c. Ajendatuna Don Maximianosihikindlusest ja visadusest j\u00e4tkab see Chadwickiperekonna omanduses olev veinimaja T\u0161iili veiniajaloo kujundamist. Vina Errazurizoli esimene veinimaja, kus istutati viinamarjaistikud T\u0161iilis m\u00e4en\u00f5lvadele ja kasutati tilk niisutamise tehnikat. Et anda kogu maailmale edasi Aconcagua oru v\u00f5imekus ja potentsiaal viinamarjade kasvukohana on Vina Errazuriz\u00b4elau esitleda nende lipulaeva \u2013Don MaximianoFounder\u00b4sReserve. Don MaximianoFounder\u00b4sReserve valiti 2013 a. jaanuarikuus toimunud T\u0161iili t\u00e4htsaimal veinikonkursil \u201eTheAnnualWinesof ChileAwards\u201cparimaks veiniks \u201ePremium Red\u201c kategooriasja v\u00f5itis \u00fchtlasi ka konkursi peaauhinna -\u201eBestin theShow\u201c.<\/p>\n","protected":false},"excerpt":{"rendered":"<p>Liik: Geograafilise t\u00e4hisega vein<br \/>\nKastis: 6<br \/>\nMaht: 75CL<br \/>\nAlkoholisisaldus: 13,5%<br \/>\nP\u00e4ritolumaa: T\u0161iili<br \/>\nPiirkond: Aconcagua Valley, Max V veiniaed<br \/>\nViinamarjasort: Cabernet Sauvignon<br \/>\nV\u00e4rvus: Rubiinpunane.<br \/>\nAroom: V\u00fcrtsikas, k\u00fcpsed maasikad ja p\u00f5ldmurakad segunevad kerge piparm\u00fcndiga<br \/>\nMaitse: Keskmise t\u00e4idlusega, elav, hea struktuuriga, tunda on v\u00fcrtsikust, tanniini, kerged tamme n\u00fcansid. Keskmiselt pikk piparm\u00fcndi alatooniga j\u00e4relmaitse.<br \/>\nToidusoovitus: Sobib nautimiseks erinevate liharoogadega, suurep\u00e4rane kaaslane juustudega.<br \/>\nLaagerdamine: 5 kuud Prantsuse ja Ameerika tammevaadis<br \/>\nServeerimine: 18-20 C<\/p>\n","protected":false},"featured_media":633,"template":"","meta":{"_acf_changed":false,"_kadence_starter_templates_imported_post":false,"_kad_post_transparent":"","_kad_post_title":"","_kad_post_layout":"","_kad_post_sidebar_id":"","_kad_post_content_style":"","_kad_post_vertical_padding":"","_kad_post_feature":"","_kad_post_feature_position":"","_kad_post_header":false,"_kad_post_footer":false},"product_brand":[],"product_cat":[20,180,34],"product_tag":[],"class_list":{"0":"post-634","1":"product","2":"type-product","3":"status-publish","4":"has-post-thumbnail","6":"product_cat-punased-veinid","7":"product_cat-veinid","8":"product_cat-thsiili","10":"first","11":"instock","12":"taxable","13":"shipping-taxable","14":"purchasable","15":"product-type-simple","16":"entry","17":"content-bg","18":"loop-entry"},"acf":[],"_links":{"self":[{"href":"https:\/\/mydrink.ee\/et\/wp-json\/wp\/v2\/product\/634","targetHints":{"allow":["GET"]}}],"collection":[{"href":"https:\/\/mydrink.ee\/et\/wp-json\/wp\/v2\/product"}],"about":[{"href":"https:\/\/mydrink.ee\/et\/wp-json\/wp\/v2\/types\/product"}],"wp:featuredmedia":[{"embeddable":true,"href":"https:\/\/mydrink.ee\/et\/wp-json\/wp\/v2\/media\/633"}],"wp:attachment":[{"href":"https:\/\/mydrink.ee\/et\/wp-json\/wp\/v2\/media?parent=634"}],"wp:term":[{"taxonomy":"product_brand","embeddable":true,"href":"https:\/\/mydrink.ee\/et\/wp-json\/wp\/v2\/product_brand?post=634"},{"taxonomy":"product_cat","embeddable":true,"href":"https:\/\/mydrink.ee\/et\/wp-json\/wp\/v2\/product_cat?post=634"},{"taxonomy":"product_tag","embeddable":true,"href":"https:\/\/mydrink.ee\/et\/wp-json\/wp\/v2\/product_tag?post=634"}],"curies":[{"name":"wp","href":"https:\/\/api.w.org\/{rel}","templated":true}]}}