{"id":672,"date":"2012-07-13T10:48:35","date_gmt":"2012-07-13T07:48:35","guid":{"rendered":"https:\/\/mydrink.ee\/product\/campero-merlot-12-5-75cl\/"},"modified":"2012-07-13T10:48:35","modified_gmt":"2012-07-13T07:48:35","slug":"campero-merlot-12-5-75cl","status":"publish","type":"product","link":"https:\/\/mydrink.ee\/et\/product\/campero-merlot-12-5-75cl\/","title":{"rendered":"CAMPERO MERLOT 12,5% 75CL"},"content":{"rendered":"<p>Firmas Hacienda El C\u00f3ndor (kaubam\u00e4rk Campero) hakati veini tootma juba 19. sajandil.<br \/>\nSagrada Familia maavaldusel Curico Valleys on pikad veinitootmise traditsioonid. Istanduse praegusedomanikud emigreerusid Itaaliast 20. sajandi alguses ning rajasid \u00fche olulisema ja lugupeetavama viinamarjaistanduse T\u0161iilis.<br \/>\nViinamarjaistandused on Hacienda El C\u00f3ndori k\u00f5ige olulisem osa. Kuna viinamarjaistandused on rajatud juba pikka aega tagasi ja m\u00f5ned viinapuud n\u00fc\u00fcdseks \u00fcle 70 aasta vanad, on neil istandustel paremad v\u00f5imalused teistest erineda ning endast soovitud pilti kujundada.<\/p>\n<p>V\u00e4rvus: Bordoopunane<\/p>\n","protected":false},"excerpt":{"rendered":"<p>Liik: Geograafilise t\u00e4hisega vein<br \/>\nKastis: 12<br \/>\nMaht: 75CL<br \/>\nAlkoholisisaldus: 12,5%<br \/>\nP\u00e4ritolumaa: T\u0161iili<br \/>\nPiirkond: Curico Valley<br \/>\nViinamarjasort: Merlot<br \/>\nAroom: P\u00f5ldmurakas, metsmaasikas, kerge v\u00fcrts<br \/>\nMaitse: Mustad marjad, t\u00e4idlane, heas tasakaalus<br \/>\nToidusoovitus: Veiseliha, sealiha, grill-lihad<\/p>\n","protected":false},"featured_media":671,"template":"","meta":{"_acf_changed":false,"_kadence_starter_templates_imported_post":false,"_kad_post_transparent":"","_kad_post_title":"","_kad_post_layout":"","_kad_post_sidebar_id":"","_kad_post_content_style":"","_kad_post_vertical_padding":"","_kad_post_feature":"","_kad_post_feature_position":"","_kad_post_header":false,"_kad_post_footer":false},"product_brand":[],"product_cat":[20,180,34],"product_tag":[],"class_list":{"0":"post-672","1":"product","2":"type-product","3":"status-publish","4":"has-post-thumbnail","6":"product_cat-punased-veinid","7":"product_cat-veinid","8":"product_cat-thsiili","10":"first","11":"instock","12":"taxable","13":"shipping-taxable","14":"purchasable","15":"product-type-simple","16":"entry","17":"content-bg","18":"loop-entry"},"acf":[],"_links":{"self":[{"href":"https:\/\/mydrink.ee\/et\/wp-json\/wp\/v2\/product\/672","targetHints":{"allow":["GET"]}}],"collection":[{"href":"https:\/\/mydrink.ee\/et\/wp-json\/wp\/v2\/product"}],"about":[{"href":"https:\/\/mydrink.ee\/et\/wp-json\/wp\/v2\/types\/product"}],"wp:featuredmedia":[{"embeddable":true,"href":"https:\/\/mydrink.ee\/et\/wp-json\/wp\/v2\/media\/671"}],"wp:attachment":[{"href":"https:\/\/mydrink.ee\/et\/wp-json\/wp\/v2\/media?parent=672"}],"wp:term":[{"taxonomy":"product_brand","embeddable":true,"href":"https:\/\/mydrink.ee\/et\/wp-json\/wp\/v2\/product_brand?post=672"},{"taxonomy":"product_cat","embeddable":true,"href":"https:\/\/mydrink.ee\/et\/wp-json\/wp\/v2\/product_cat?post=672"},{"taxonomy":"product_tag","embeddable":true,"href":"https:\/\/mydrink.ee\/et\/wp-json\/wp\/v2\/product_tag?post=672"}],"curies":[{"name":"wp","href":"https:\/\/api.w.org\/{rel}","templated":true}]}}