{"id":680,"date":"2012-07-13T10:48:36","date_gmt":"2012-07-13T07:48:36","guid":{"rendered":"https:\/\/mydrink.ee\/product\/l-latour-domaine-de-valmoissine-pinot-noir-20-13-75cl\/"},"modified":"2025-11-12T11:23:51","modified_gmt":"2025-11-12T09:23:51","slug":"l-latour-domaine-de-valmoissine-pinot-noir-20-13-75cl","status":"publish","type":"product","link":"https:\/\/mydrink.ee\/et\/product\/l-latour-domaine-de-valmoissine-pinot-noir-20-13-75cl\/","title":{"rendered":"L.LATOUR DOMAINE DE VALMOISSINE PINOT NOIR `20 13% 75CL"},"content":{"rendered":"<p>Kirjeldus:<br \/>Louis Latouri veinide ajalugu Burgundias algab juba aastast 1731. Verdon regioonis pandi veinitootmisele alus 1989.a. <br \/>Pinnas: Lubjane-savine<br \/>Laagerdamine: 8 kuud Prantsuse tammevaadis traditsioonilises Burgundia stiilis<\/p>\n","protected":false},"excerpt":{"rendered":"<p>Liik: Kaitstud p\u00e4ritolunimetusega vein<br \/>\nKastis: 12<br \/>\nMaht: 75CL<br \/>\nAlkoholisisaldus: 13,5%<br \/>\nP\u00e4ritolumaa: Prantsusmaa<br \/>\nPiirkond: Var, Coteaux du Verdon<br \/>\nApellatsioon: Vin de Pays des Coteaux du Verdon<br \/>\nViinamarjasort: Pinot Noir<br \/>\nV\u00e4rvus: S\u00e4ravpunane<br \/>\nAroom: Selge j\u00f5uliselt puuviljane, vanilje, mahe tammepuit<br \/>\nMaitse: Keskmine happesus, m\u00f5\u00f5dukas taniinsus ja \u00fcmar struktuur kombineeruvad suurep\u00e4raselt. Tulemuseks suurep\u00e4raselt lihvitud vein.<br \/>\nToidusoovitus: Sealiha, part, pastatoidud, juust<br \/>\nServeerimine: 11-12 C<\/p>\n","protected":false},"featured_media":679,"template":"","meta":{"_acf_changed":false,"_kadence_starter_templates_imported_post":false,"_kad_post_transparent":"","_kad_post_title":"","_kad_post_layout":"","_kad_post_sidebar_id":"","_kad_post_content_style":"","_kad_post_vertical_padding":"","_kad_post_feature":"","_kad_post_feature_position":"","_kad_post_header":false,"_kad_post_footer":false},"product_brand":[],"product_cat":[20,180,32],"product_tag":[],"class_list":{"0":"post-680","1":"product","2":"type-product","3":"status-publish","4":"has-post-thumbnail","6":"product_cat-punased-veinid","7":"product_cat-veinid","8":"product_cat-prantsuse","10":"first","11":"instock","12":"taxable","13":"shipping-taxable","14":"purchasable","15":"product-type-simple","16":"entry","17":"content-bg","18":"loop-entry"},"acf":[],"_links":{"self":[{"href":"https:\/\/mydrink.ee\/et\/wp-json\/wp\/v2\/product\/680","targetHints":{"allow":["GET"]}}],"collection":[{"href":"https:\/\/mydrink.ee\/et\/wp-json\/wp\/v2\/product"}],"about":[{"href":"https:\/\/mydrink.ee\/et\/wp-json\/wp\/v2\/types\/product"}],"wp:featuredmedia":[{"embeddable":true,"href":"https:\/\/mydrink.ee\/et\/wp-json\/wp\/v2\/media\/679"}],"wp:attachment":[{"href":"https:\/\/mydrink.ee\/et\/wp-json\/wp\/v2\/media?parent=680"}],"wp:term":[{"taxonomy":"product_brand","embeddable":true,"href":"https:\/\/mydrink.ee\/et\/wp-json\/wp\/v2\/product_brand?post=680"},{"taxonomy":"product_cat","embeddable":true,"href":"https:\/\/mydrink.ee\/et\/wp-json\/wp\/v2\/product_cat?post=680"},{"taxonomy":"product_tag","embeddable":true,"href":"https:\/\/mydrink.ee\/et\/wp-json\/wp\/v2\/product_tag?post=680"}],"curies":[{"name":"wp","href":"https:\/\/api.w.org\/{rel}","templated":true}]}}