{"id":740,"date":"2012-07-13T10:48:45","date_gmt":"2012-07-13T07:48:45","guid":{"rendered":"https:\/\/mydrink.ee\/product\/yellow-tail-shiraz-08-13-5-75cl\/"},"modified":"2012-07-13T10:48:45","modified_gmt":"2012-07-13T07:48:45","slug":"yellow-tail-shiraz-08-13-5-75cl","status":"publish","type":"product","link":"https:\/\/mydrink.ee\/et\/product\/yellow-tail-shiraz-08-13-5-75cl\/","title":{"rendered":"YELLOW TAIL SHIRAZ 13,5%75CL"},"content":{"rendered":"<p>VALMISTAMINE: Shiraz on valmistatud viinamarjadest, mis p\u00e4rinevad k\u00f5rgeima kvaliteediga viinamarjaistandustest. Veini valmistamisel kasutatakse kestakontakti tammevaadiga. Temperatuuri k\u00e4\u00e4ritamisel hoitakse k\u00f5rgel, et edastada maksimaalne v\u00e4rvi ja tanniini kooslus.<\/p>\n","protected":false},"excerpt":{"rendered":"<p>Liik: Geograafilise t\u00e4hisega vein<br \/>\nKastis: 6<br \/>\nMaht: 75CL<br \/>\nAlkoholisisaldus: 13,5%<br \/>\nP\u00e4ritolumaa: Austraalia<br \/>\nPiirkond: South-Eastern<br \/>\nViinamarjasort: Shiraz<br \/>\nAroom: Shiraz klaasist \u00f5hkub marja ja vanilje aroomi.<br \/>\nMaitse: Maal\u00e4hedane toon koos pehme k\u00fcpse magususega on esitletud t\u00e4iusliku harmooniaga peene tanniiniga.<br \/>\nToidusoovitus: Shiraz on loodud lihtsa filosoofilise meelega, et valmistada head veini, mida v\u00f5ib nautida iga\u00fcks, igal ajal ja kohas. Seep\u00e4rast me ei soovigi \u00f6elda, millega seda nautida. Kui aga ootate siiski ettepanekut, siis klassikaline \u201cAussie\u201d punane vein sobib suurep\u00e4raselt hea steigiga kuumadelt s\u00fctelt. See on kui punane jumalus klaasis.<\/p>\n","protected":false},"featured_media":739,"template":"","meta":{"_acf_changed":false,"_kadence_starter_templates_imported_post":false,"_kad_post_transparent":"","_kad_post_title":"","_kad_post_layout":"","_kad_post_sidebar_id":"","_kad_post_content_style":"","_kad_post_vertical_padding":"","_kad_post_feature":"","_kad_post_feature_position":"","_kad_post_header":false,"_kad_post_footer":false},"product_brand":[],"product_cat":[20,28,180],"product_tag":[],"class_list":{"0":"post-740","1":"product","2":"type-product","3":"status-publish","4":"has-post-thumbnail","6":"product_cat-punased-veinid","7":"product_cat-austraalia","8":"product_cat-veinid","10":"first","11":"instock","12":"taxable","13":"shipping-taxable","14":"purchasable","15":"product-type-simple","16":"entry","17":"content-bg","18":"loop-entry"},"acf":[],"_links":{"self":[{"href":"https:\/\/mydrink.ee\/et\/wp-json\/wp\/v2\/product\/740","targetHints":{"allow":["GET"]}}],"collection":[{"href":"https:\/\/mydrink.ee\/et\/wp-json\/wp\/v2\/product"}],"about":[{"href":"https:\/\/mydrink.ee\/et\/wp-json\/wp\/v2\/types\/product"}],"wp:featuredmedia":[{"embeddable":true,"href":"https:\/\/mydrink.ee\/et\/wp-json\/wp\/v2\/media\/739"}],"wp:attachment":[{"href":"https:\/\/mydrink.ee\/et\/wp-json\/wp\/v2\/media?parent=740"}],"wp:term":[{"taxonomy":"product_brand","embeddable":true,"href":"https:\/\/mydrink.ee\/et\/wp-json\/wp\/v2\/product_brand?post=740"},{"taxonomy":"product_cat","embeddable":true,"href":"https:\/\/mydrink.ee\/et\/wp-json\/wp\/v2\/product_cat?post=740"},{"taxonomy":"product_tag","embeddable":true,"href":"https:\/\/mydrink.ee\/et\/wp-json\/wp\/v2\/product_tag?post=740"}],"curies":[{"name":"wp","href":"https:\/\/api.w.org\/{rel}","templated":true}]}}