{"id":742,"date":"2012-07-13T10:48:45","date_gmt":"2012-07-13T07:48:45","guid":{"rendered":"https:\/\/mydrink.ee\/product\/yellow-tail-cabernet-sauvignon-13-5-75cl\/"},"modified":"2012-07-13T10:48:45","modified_gmt":"2012-07-13T07:48:45","slug":"yellow-tail-cabernet-sauvignon-13-5-75cl","status":"publish","type":"product","link":"https:\/\/mydrink.ee\/et\/product\/yellow-tail-cabernet-sauvignon-13-5-75cl\/","title":{"rendered":"YELLOW TAIL CABERNET SAUVIGNON 13,5% 75CL"},"content":{"rendered":"<p>[VALMISTAMINE]: Cabernet Sauvignonon valmistatud viinamarjadest, mis p\u00e4rinevad k\u00f5rgeima kvaliteediga viinamarjaistandustest. Veini valmistamisel hoitakse k\u00f5rget temperatuuri, et anda veinile tanniine ja maksimaalne v\u00e4rvus.<\/p>\n","protected":false},"excerpt":{"rendered":"<p>Liik:\tGeograafilise t\u00e4hisega vein<br \/>\nKastis:\t6<br \/>\nMaht:\t75CL<br \/>\nAlkoholisisaldus:\t13,5%<br \/>\nP\u00e4ritolumaa:\tAustraalia<br \/>\nPiirkond:\tSouth-Eastern<br \/>\nViinamarjasort:\tCabernet Sauvignon<br \/>\nAroom:\tCabernet Sauvignon\u00b4i klaasist \u201ch\u00fcppab\u201d ninna musts\u00f5start, m\u00fcnti, \u0161okolaadi ja vaniljet.<br \/>\nMaitse:\tMaitses on tunda marjasust, veidi pipart ja v\u00fcrtse. J\u00e4relmaitse on m\u00f5nusalt kauakestev, \u00fcmar ja pehmete tanniinidega.<br \/>\nToidusoovitus:\tCabernet Sauvignon on loodud lihtsa filosoofilise meelega, et valmistada head veini, mida v\u00f5ib nautida iga\u00fcks, igal ajal ja kohas. see punane vein sobib suurep\u00e4raselt p\u00fchap\u00e4evase grillimisega v\u00f5i siis iseseisvalt. Igal juhul sobib tarbida koos s\u00f5pradega!<\/p>\n","protected":false},"featured_media":741,"template":"","meta":{"_acf_changed":false,"_kadence_starter_templates_imported_post":false,"_kad_post_transparent":"","_kad_post_title":"","_kad_post_layout":"","_kad_post_sidebar_id":"","_kad_post_content_style":"","_kad_post_vertical_padding":"","_kad_post_feature":"","_kad_post_feature_position":"","_kad_post_header":false,"_kad_post_footer":false},"product_brand":[],"product_cat":[20,28,180],"product_tag":[],"class_list":{"0":"post-742","1":"product","2":"type-product","3":"status-publish","4":"has-post-thumbnail","6":"product_cat-punased-veinid","7":"product_cat-austraalia","8":"product_cat-veinid","10":"first","11":"instock","12":"taxable","13":"shipping-taxable","14":"purchasable","15":"product-type-simple","16":"entry","17":"content-bg","18":"loop-entry"},"acf":[],"_links":{"self":[{"href":"https:\/\/mydrink.ee\/et\/wp-json\/wp\/v2\/product\/742","targetHints":{"allow":["GET"]}}],"collection":[{"href":"https:\/\/mydrink.ee\/et\/wp-json\/wp\/v2\/product"}],"about":[{"href":"https:\/\/mydrink.ee\/et\/wp-json\/wp\/v2\/types\/product"}],"wp:featuredmedia":[{"embeddable":true,"href":"https:\/\/mydrink.ee\/et\/wp-json\/wp\/v2\/media\/741"}],"wp:attachment":[{"href":"https:\/\/mydrink.ee\/et\/wp-json\/wp\/v2\/media?parent=742"}],"wp:term":[{"taxonomy":"product_brand","embeddable":true,"href":"https:\/\/mydrink.ee\/et\/wp-json\/wp\/v2\/product_brand?post=742"},{"taxonomy":"product_cat","embeddable":true,"href":"https:\/\/mydrink.ee\/et\/wp-json\/wp\/v2\/product_cat?post=742"},{"taxonomy":"product_tag","embeddable":true,"href":"https:\/\/mydrink.ee\/et\/wp-json\/wp\/v2\/product_tag?post=742"}],"curies":[{"name":"wp","href":"https:\/\/api.w.org\/{rel}","templated":true}]}}