{"id":744,"date":"2012-07-13T10:48:45","date_gmt":"2012-07-13T07:48:45","guid":{"rendered":"https:\/\/mydrink.ee\/product\/collavini-merlot-dal-pic-13-5-75cl\/"},"modified":"2012-07-13T10:48:45","modified_gmt":"2012-07-13T07:48:45","slug":"collavini-merlot-dal-pic-13-5-75cl","status":"publish","type":"product","link":"https:\/\/mydrink.ee\/et\/product\/collavini-merlot-dal-pic-13-5-75cl\/","title":{"rendered":"COLLAVINI MERLOT DAL PIC 13,5% 75CL"},"content":{"rendered":"<p>ISTIKUTE TIHEDUS: 5000 veini hektarilt<br \/>\nKORJE AEG: Oktoobri esimesed 15 p\u00e4eva<br \/>\nVEINIVALMISTAMISE TEHNOLOOGIA<br \/>\n\u00dclek\u00fcpsenud viinamarju k\u00e4\u00e4ritatakse 20 p\u00e4eva kontrollitud temperatuuril terastankides. Laagerdamine Allier ja Tron\u00e7ais tammevaatides 24 kuud, seej\u00e4rel v\u00e4hemalt 12 kuud pudelites.<br \/>\nVEIN<br \/>\nS\u00fcgav rubiinpunane, purpurlike toonidega v\u00e4rvus annab aimu, et tegemist on s\u00fcgava veiniga.<\/p>\n","protected":false},"excerpt":{"rendered":"<p>Liik: Kaitstud p\u00e4ritolunimetusega vein<br \/>\nKastis: 6<br \/>\nMaht: 75CL<br \/>\nAlkoholisisaldus: 13,5%<br \/>\nP\u00e4ritolumaa: Itaalia<br \/>\nPiirkond: Friuli<br \/>\nViinamarjasort: Merlot<br \/>\nApellatsioon: Collio<br \/>\nAroom: Aroomis tunda v\u00fcrtsi, lagritsat, k\u00fcpsenud puuvilju.<br \/>\nMaitse: Maitse konservatiivne, tanniinine, rikkalik, eristatavad v\u00fcrtsid, vaniljesus, lik\u00f6\u00f6rsus, kerge tubakas, kohv, tume \u0161okolaad.<br \/>\nToidusoovitus: Uluki-, veise- v\u00f5i sealihast roogadega, kitse-v\u00f5i lehmapiimast valmistatud tugevate juustudega.<br \/>\nServeerimine: Serveeri temperatuuril 16-18\u00b0C Riedel\u00b4i Bourgogne klaasis v\u00f5i sarnasest.<\/p>\n","protected":false},"featured_media":743,"template":"","meta":{"_acf_changed":false,"_kadence_starter_templates_imported_post":false,"_kad_post_transparent":"","_kad_post_title":"","_kad_post_layout":"","_kad_post_sidebar_id":"","_kad_post_content_style":"","_kad_post_vertical_padding":"","_kad_post_feature":"","_kad_post_feature_position":"","_kad_post_header":false,"_kad_post_footer":false},"product_brand":[],"product_cat":[20,180,30,38],"product_tag":[],"class_list":{"0":"post-744","1":"product","2":"type-product","3":"status-publish","4":"has-post-thumbnail","6":"product_cat-punased-veinid","7":"product_cat-veinid","8":"product_cat-itaalia","9":"product_cat-soodus","11":"first","12":"instock","13":"taxable","14":"shipping-taxable","15":"purchasable","16":"product-type-simple","17":"entry","18":"content-bg","19":"loop-entry"},"acf":[],"_links":{"self":[{"href":"https:\/\/mydrink.ee\/et\/wp-json\/wp\/v2\/product\/744","targetHints":{"allow":["GET"]}}],"collection":[{"href":"https:\/\/mydrink.ee\/et\/wp-json\/wp\/v2\/product"}],"about":[{"href":"https:\/\/mydrink.ee\/et\/wp-json\/wp\/v2\/types\/product"}],"wp:featuredmedia":[{"embeddable":true,"href":"https:\/\/mydrink.ee\/et\/wp-json\/wp\/v2\/media\/743"}],"wp:attachment":[{"href":"https:\/\/mydrink.ee\/et\/wp-json\/wp\/v2\/media?parent=744"}],"wp:term":[{"taxonomy":"product_brand","embeddable":true,"href":"https:\/\/mydrink.ee\/et\/wp-json\/wp\/v2\/product_brand?post=744"},{"taxonomy":"product_cat","embeddable":true,"href":"https:\/\/mydrink.ee\/et\/wp-json\/wp\/v2\/product_cat?post=744"},{"taxonomy":"product_tag","embeddable":true,"href":"https:\/\/mydrink.ee\/et\/wp-json\/wp\/v2\/product_tag?post=744"}],"curies":[{"name":"wp","href":"https:\/\/api.w.org\/{rel}","templated":true}]}}