{"id":770,"date":"2012-07-13T10:48:49","date_gmt":"2012-07-13T07:48:49","guid":{"rendered":"https:\/\/mydrink.ee\/product\/espiritu-de-chile-carmenere-10-13-75cl\/"},"modified":"2012-07-13T10:48:49","modified_gmt":"2012-07-13T07:48:49","slug":"espiritu-de-chile-carmenere-10-13-75cl","status":"publish","type":"product","link":"https:\/\/mydrink.ee\/et\/product\/espiritu-de-chile-carmenere-10-13-75cl\/","title":{"rendered":"ESPIRITU DE CHILE CARMENERE\u00b410 13% 75CL"},"content":{"rendered":"<p>S\u00fcgava tumepunase v\u00e4rvusega keskmise t\u00e4idlusega kuiv punavein.<\/p>\n","protected":false},"excerpt":{"rendered":"<p>Liik: Geograafilise t\u00e4hisega vein<br \/>\nKastis: 6<br \/>\nMaht: 75CL<br \/>\nAlkoholisisaldus: 13%<br \/>\nP\u00e4ritolumaa: T\u0161iili<br \/>\nPiirkond: Central Valley<br \/>\nViinamarjasort: Carmenere<br \/>\nAroom: Carmenere viinamarjale omaselt on veini aroomis tunda p\u00f5ldmarja, pipart, musta ploomi ja tubaka n\u00fcansse, millele sekundeerivad meeldiv r\u00f6stisus ja vanilje.<br \/>\nMaitse: Nauditava maitseelamuse pakub veini tasakaalukas ja pehme karakter.<br \/>\nToidusoovitus: Sobib serveerida looma- ja lambaliha roogade k\u00f5rvale, k\u00fcpsete ja k\u00f5vade k\u00fcpsete juustude juurde.<br \/>\nServeerimine: 16-18C<\/p>\n","protected":false},"featured_media":769,"template":"","meta":{"_acf_changed":false,"_kadence_starter_templates_imported_post":false,"_kad_post_transparent":"","_kad_post_title":"","_kad_post_layout":"","_kad_post_sidebar_id":"","_kad_post_content_style":"","_kad_post_vertical_padding":"","_kad_post_feature":"","_kad_post_feature_position":"","_kad_post_header":false,"_kad_post_footer":false},"product_brand":[],"product_cat":[20,180,34],"product_tag":[],"class_list":{"0":"post-770","1":"product","2":"type-product","3":"status-publish","4":"has-post-thumbnail","6":"product_cat-punased-veinid","7":"product_cat-veinid","8":"product_cat-thsiili","10":"first","11":"instock","12":"taxable","13":"shipping-taxable","14":"purchasable","15":"product-type-simple","16":"entry","17":"content-bg","18":"loop-entry"},"acf":[],"_links":{"self":[{"href":"https:\/\/mydrink.ee\/et\/wp-json\/wp\/v2\/product\/770","targetHints":{"allow":["GET"]}}],"collection":[{"href":"https:\/\/mydrink.ee\/et\/wp-json\/wp\/v2\/product"}],"about":[{"href":"https:\/\/mydrink.ee\/et\/wp-json\/wp\/v2\/types\/product"}],"wp:featuredmedia":[{"embeddable":true,"href":"https:\/\/mydrink.ee\/et\/wp-json\/wp\/v2\/media\/769"}],"wp:attachment":[{"href":"https:\/\/mydrink.ee\/et\/wp-json\/wp\/v2\/media?parent=770"}],"wp:term":[{"taxonomy":"product_brand","embeddable":true,"href":"https:\/\/mydrink.ee\/et\/wp-json\/wp\/v2\/product_brand?post=770"},{"taxonomy":"product_cat","embeddable":true,"href":"https:\/\/mydrink.ee\/et\/wp-json\/wp\/v2\/product_cat?post=770"},{"taxonomy":"product_tag","embeddable":true,"href":"https:\/\/mydrink.ee\/et\/wp-json\/wp\/v2\/product_tag?post=770"}],"curies":[{"name":"wp","href":"https:\/\/api.w.org\/{rel}","templated":true}]}}