{"id":825,"date":"2012-07-13T10:48:58","date_gmt":"2012-07-13T07:48:58","guid":{"rendered":"https:\/\/mydrink.ee\/product\/piper-heidsieck-rose-sauvage12-75cl-st\/"},"modified":"2025-11-24T17:13:46","modified_gmt":"2025-11-24T15:13:46","slug":"piper-heidsieck-rose-sauvage12-75cl-st","status":"publish","type":"product","link":"https:\/\/mydrink.ee\/et\/product\/piper-heidsieck-rose-sauvage12-75cl-st\/","title":{"rendered":"PIPER HEIDSIECK ROSE SAUVAGE12% 75CL BOX"},"content":{"rendered":"<p>PIPER HEIDSIECK ROSE SAUVAGE<br \/>\nPiper-Heidsieck \u0161ampanjad segatakse eri aastak\u00e4ikude veinidest, mis on valmistatud k\u00f5igist kolmest Champagne piirkonna viinamarjasordist. <\/p>\n<p>Veinide vahekord:<br \/>\nPinot Noir 55%<br \/>\nPinot Meunier 30%<br \/>\nChardonnay 15%. <\/p>\n<p>Enne m\u00fc\u00fcki k\u00fcpseb vein 2-3 aastat pudelis.<br \/>\nPiper-Heidsieck on k\u00f5ikide pidulike s\u00fcndmuste lahutamatu kaaslane.<br \/>\nParim on serveerida \u0161ampanja jahutatult ja juurde sobivad ideaalselt v\u00e4rsked maasikad.<\/p>\n<p>Piper-Heidsieck on maailma \u00fcks tuntumatest ja hinnatumatest \u0161ampanja kaubam\u00e4rkidest. Seda tuntakse eriti just l\u00e4bi paljude filmi-t\u00e4htede nagu n\u00e4iteks Merilyn Monroe, kellele Piper-Heidsieck oli lemmik\u0161ampanja. Peiper-Heidsieck on Cannes\u00b4i filmifestivali suur-sponsor.<\/p>\n<p>Piper-Heidsieck veinimeistrid on v\u00f5itnud kuus korda auhinna \u201eWinemaker of the Year\u201c, seda aastatel 1994, 1998-2002. Lisaks on v\u00f5idetud arvukalt muid k\u00f5rgelt hinnatud auhindu.<\/p>\n<p>Head nautimist!<\/p>\n","protected":false},"excerpt":{"rendered":"<p>Liik: \u0160ampanja<br \/>\nKastis: 6<br \/>\nMaht: 75CL<br \/>\nAlkoholisisaldus: 12%<br \/>\nP\u00e4ritolumaa: Prantsusmaa<\/p>\n","protected":false},"featured_media":824,"template":"","meta":{"_acf_changed":false,"_kadence_starter_templates_imported_post":false,"_kad_post_transparent":"","_kad_post_title":"","_kad_post_layout":"","_kad_post_sidebar_id":"","_kad_post_content_style":"","_kad_post_vertical_padding":"","_kad_post_feature":"","_kad_post_feature_position":"","_kad_post_header":false,"_kad_post_footer":false},"product_brand":[],"product_cat":[122,24],"product_tag":[],"class_list":{"0":"post-825","1":"product","2":"type-product","3":"status-publish","4":"has-post-thumbnail","6":"product_cat-shampanjad","7":"product_cat-vahuveinid","9":"first","10":"instock","11":"taxable","12":"shipping-taxable","13":"purchasable","14":"product-type-simple","15":"entry","16":"content-bg","17":"loop-entry"},"acf":[],"_links":{"self":[{"href":"https:\/\/mydrink.ee\/et\/wp-json\/wp\/v2\/product\/825","targetHints":{"allow":["GET"]}}],"collection":[{"href":"https:\/\/mydrink.ee\/et\/wp-json\/wp\/v2\/product"}],"about":[{"href":"https:\/\/mydrink.ee\/et\/wp-json\/wp\/v2\/types\/product"}],"wp:featuredmedia":[{"embeddable":true,"href":"https:\/\/mydrink.ee\/et\/wp-json\/wp\/v2\/media\/824"}],"wp:attachment":[{"href":"https:\/\/mydrink.ee\/et\/wp-json\/wp\/v2\/media?parent=825"}],"wp:term":[{"taxonomy":"product_brand","embeddable":true,"href":"https:\/\/mydrink.ee\/et\/wp-json\/wp\/v2\/product_brand?post=825"},{"taxonomy":"product_cat","embeddable":true,"href":"https:\/\/mydrink.ee\/et\/wp-json\/wp\/v2\/product_cat?post=825"},{"taxonomy":"product_tag","embeddable":true,"href":"https:\/\/mydrink.ee\/et\/wp-json\/wp\/v2\/product_tag?post=825"}],"curies":[{"name":"wp","href":"https:\/\/api.w.org\/{rel}","templated":true}]}}