{"id":829,"date":"2025-11-27T13:18:50","date_gmt":"2025-11-27T11:18:50","guid":{"rendered":"https:\/\/mydrink.ee\/?post_type=product&#038;p=829"},"modified":"2025-12-30T15:11:57","modified_gmt":"2025-12-30T13:11:57","slug":"piper-heidsieck-rare-2002-12-75cl-disabled","status":"publish","type":"product","link":"https:\/\/mydrink.ee\/et\/product\/piper-heidsieck-rare-2002-12-75cl-disabled\/","title":{"rendered":"RARE CHAMPAGNE MILLESIME 2013 12% vol 75CL"},"content":{"rendered":"<p>Piper-Heidsieck veinifirma asutati 16.juulil 1785 Florens-Louis<br \/>\nHeidsieck\u00b4i poolt. \u00dcks erakorde \u0161ampanja p\u00fchendati ka prantsuse kuningannale Marie-Antoniette ja selle auks anti Florens-Louis Heidsieck\u00b4ile v\u00f5imalus kuningannale oma \u0161ampanjasid presenteerida. Sellest sai alguse Piper-Heidisieck\u00b4i \u0161ampanjade eduk\u00e4ik. <\/p>\n<p>Piper-Heidsieck \u0161ampanjad segatakse eri aastak\u00e4ikude veinidest, mis on valmistatud k\u00f5igist kolmest Champagne piirkonna viinamarjasordist. Veinide vahekord on Pinot Noir 55%, Pinot Meunier 30%, Chardonnay 15%. Enne m\u00fc\u00fcki k\u00fcpseb vein 2-3 aastat pudelis. <\/p>\n<p>Aastal 1976 \u00fcllatasid ebaharilikud ilmastikuolud<br \/>\nChampagne piirkonda ja selle tulemusena valmisid unikaalsed viinamarjaveinid.<\/p>\n<p>Sellel imelisel aastal otsustas Piper-Heidsieck \u0161ampanjamaja valmistada imelise aastak\u00e4iguveini, nii unikaalse, et seda sai kutsuda vaid s\u00f5naga [RaR] (haruldane).<\/p>\n<p>Piper Heidsieck Rare<br \/>\n*Etalon\u0161ampanja, erakordne \u0161ampanja Piper-Heidsieck\u00b4ilt<br \/>\n*Kollektsioonis on erakordseid aastak\u00e4igu \u0161ampanjasid: 75cl : 2002, 1999, 1988 &#038; 1979<br \/>\n150cl : 1998<br \/>\n*Minimaalselt laagerdunud pudelis 7 aastat<br \/>\n*Saadavus ainult limiteeritud kogustes<br \/>\n*M\u00e4\u00e4ratud kogused igale riigile<br \/>\n*1976 aasta originaal aastak\u00e4ik, ikoon mida pole veel m\u00fc\u00fcgile toodud<\/p>\n<p>Piper-Heidsieck on k\u00f5ikide pidulike s\u00fcndmuste lahutamatu kaaslane. Parim on serveerida \u0161ampanja jahutatult koos v\u00e4rskete maasikatega.<\/p>\n<p>Head nautimist!<\/p>\n\n<style>.wp-block-kadence-advancedheading.kt-adv-heading829_faa588-f3, .wp-block-kadence-advancedheading.kt-adv-heading829_faa588-f3[data-kb-block=\"kb-adv-heading829_faa588-f3\"]{font-style:normal;}.wp-block-kadence-advancedheading.kt-adv-heading829_faa588-f3 mark.kt-highlight, .wp-block-kadence-advancedheading.kt-adv-heading829_faa588-f3[data-kb-block=\"kb-adv-heading829_faa588-f3\"] mark.kt-highlight{font-style:normal;color:#f76a0c;-webkit-box-decoration-break:clone;box-decoration-break:clone;padding-top:0px;padding-right:0px;padding-bottom:0px;padding-left:0px;}<\/style>\n<p class=\"kt-adv-heading829_faa588-f3 wp-block-kadence-advancedheading\" data-kb-block=\"kb-adv-heading829_faa588-f3\"><\/p>\n","protected":false},"excerpt":{"rendered":"<p><strong>Aastak\u00e4ik<\/strong><strong>: <\/strong>2013<br \/><strong>P\u00e4ritolumaa: <\/strong>Prantsusmaa<strong> <br \/>Piirkond: <\/strong>Champagne <br \/><strong>Viinamarjasort<\/strong>:70% Chardonnay; 30% Pinot Noir <br \/><strong>Valmistamine: <\/strong>Igat aastak\u00e4iku toodetakse limiteeritud kogustes\u200b.See \u00fchendab kolm olulist parameetrit:\u200bt\u00f5eliselt ebatavaline aasta\u200b; Regis Camus\u2019e (veinimeistri) asjatundlikkus; optimaalsetes tingimustes laagerdumine pudelis \u2013 v\u00e4hemalt 8 aastat \u200b<strong> <br \/>Alkoholisisaldus<\/strong>: 12% vol <br \/><strong>V\u00e4rvus<\/strong>: Sillerdavalt kuldse v\u00e4rvusega, roheka alatooniga <br \/><strong>Aroom<\/strong>: Troopiline ja eristuv. Esile t\u00f5usevad mesised ja idamaised noodid, mis on ahvatluseks k\u00f5igile toidu- ja veinigurmaanidele. \u00c4\u00e4rmiselt v\u00e4jendusrikkad mango, valge \u0161okolaadi, kakao, kohvi, troopiliste puuviljade ja kaneeli aroomid annavad tunnistust selle aastak\u00e4igu keerukusest ja j\u00f5ulisusest. Jasmiini tee aroom, mis on omane Rare Champagne stiilile, sillutab teed j\u00e4rk-j\u00e4rgult esile kerkivale mineraalsusele. \u200b <br \/><strong>Maitse<\/strong>: L\u00f5putult rikkalik ja kutsuv. K\u00f5igile maitsemeeltele avaldab muljet erakordselt pikk j\u00e4relmaitse. Mocha ja kakaotolmuga kaetud cappuccino noodid annavad kinnitust peenele mineraalsusele. Kuivatatud aprikoos, magusad v\u00fcrtsid, vanilje, sidrun ning laim \u00fcmbritsevad suulae idamaise ja suitsuse soojusega. Pikk ja kauakestev j\u00e4relmaitse.\u200b <br \/><strong>Toidusoovitus<\/strong>: Roheline spargel kartulivahuga\u200b Vasikaliha ja langustiinid\u200b<\/p>\n","protected":false},"featured_media":8592,"template":"","meta":{"_acf_changed":false,"_kadence_starter_templates_imported_post":false,"_kad_post_transparent":"","_kad_post_title":"","_kad_post_layout":"","_kad_post_sidebar_id":"","_kad_post_content_style":"","_kad_post_vertical_padding":"","_kad_post_feature":"","_kad_post_feature_position":"","_kad_post_header":false,"_kad_post_footer":false},"product_brand":[],"product_cat":[115,122,24,22],"product_tag":[],"class_list":{"0":"post-829","1":"product","2":"type-product","3":"status-publish","4":"has-post-thumbnail","6":"product_cat-shampanja","7":"product_cat-shampanjad","8":"product_cat-vahuveinid","9":"product_cat-kingiideed","11":"first","12":"instock","13":"taxable","14":"shipping-taxable","15":"purchasable","16":"product-type-simple","17":"entry","18":"content-bg","19":"loop-entry"},"acf":[],"_links":{"self":[{"href":"https:\/\/mydrink.ee\/et\/wp-json\/wp\/v2\/product\/829","targetHints":{"allow":["GET"]}}],"collection":[{"href":"https:\/\/mydrink.ee\/et\/wp-json\/wp\/v2\/product"}],"about":[{"href":"https:\/\/mydrink.ee\/et\/wp-json\/wp\/v2\/types\/product"}],"wp:featuredmedia":[{"embeddable":true,"href":"https:\/\/mydrink.ee\/et\/wp-json\/wp\/v2\/media\/8592"}],"wp:attachment":[{"href":"https:\/\/mydrink.ee\/et\/wp-json\/wp\/v2\/media?parent=829"}],"wp:term":[{"taxonomy":"product_brand","embeddable":true,"href":"https:\/\/mydrink.ee\/et\/wp-json\/wp\/v2\/product_brand?post=829"},{"taxonomy":"product_cat","embeddable":true,"href":"https:\/\/mydrink.ee\/et\/wp-json\/wp\/v2\/product_cat?post=829"},{"taxonomy":"product_tag","embeddable":true,"href":"https:\/\/mydrink.ee\/et\/wp-json\/wp\/v2\/product_tag?post=829"}],"curies":[{"name":"wp","href":"https:\/\/api.w.org\/{rel}","templated":true}]}}