{"id":8781,"date":"2025-12-16T09:40:30","date_gmt":"2025-12-16T07:40:30","guid":{"rendered":"https:\/\/mydrink.ee\/?post_type=product&#038;p=8781"},"modified":"2026-04-08T14:05:08","modified_gmt":"2026-04-08T11:05:08","slug":"faxe-premium-5-vol-50cl-x-24","status":"publish","type":"product","link":"https:\/\/mydrink.ee\/et\/product\/faxe-premium-5-vol-50cl-x-24\/","title":{"rendered":"Faxe Premium 5% vol 50cl x 24"},"content":{"rendered":"<style>.wp-block-kadence-advancedheading.kt-adv-heading8781_fc69d0-ec, .wp-block-kadence-advancedheading.kt-adv-heading8781_fc69d0-ec[data-kb-block=\"kb-adv-heading8781_fc69d0-ec\"]{font-style:normal;}.wp-block-kadence-advancedheading.kt-adv-heading8781_fc69d0-ec mark.kt-highlight, .wp-block-kadence-advancedheading.kt-adv-heading8781_fc69d0-ec[data-kb-block=\"kb-adv-heading8781_fc69d0-ec\"] mark.kt-highlight{font-style:normal;color:#f76a0c;-webkit-box-decoration-break:clone;box-decoration-break:clone;padding-top:0px;padding-right:0px;padding-bottom:0px;padding-left:0px;}<\/style>\n<p class=\"kt-adv-heading8781_fc69d0-ec wp-block-kadence-advancedheading has-theme-palette-9-color has-text-color\" data-kb-block=\"kb-adv-heading8781_fc69d0-ec\">Faxe<\/p>\n","protected":false},"excerpt":{"rendered":"<p>Liik: \u00d5lu Kastis: 24 Maht: 12L Alkoholisisaldus: 5% vol P\u00e4ritolumaa: Taani T\u00fc\u00fcp: Klassikaline laager\u00f5lu. <span style=\"color: #000000;\"><span style=\"font-family: Lato, sans-serif;\"><span style=\"font-size: medium;\">Maitse: T\u00e4idlane, mahe, \u00fcmar <\/span><\/span><\/span>Serveerimine: 4-6\u00b0C<\/p>\n","protected":false},"featured_media":8790,"template":"","meta":{"_acf_changed":false,"_kadence_starter_templates_imported_post":false,"_kad_post_transparent":"","_kad_post_title":"","_kad_post_layout":"","_kad_post_sidebar_id":"","_kad_post_content_style":"","_kad_post_vertical_padding":"","_kad_post_feature":"","_kad_post_feature_position":"","_kad_post_header":false,"_kad_post_footer":false},"product_brand":[],"product_cat":[88,232,25,132],"product_tag":[],"class_list":{"0":"post-8781","1":"product","2":"type-product","3":"status-publish","4":"has-post-thumbnail","6":"product_cat-oluet","7":"product_cat-pandipakend","8":"product_cat-olu-siider-long-drink","9":"product_cat-taani","11":"first","12":"instock","13":"taxable","14":"shipping-taxable","15":"purchasable","16":"product-type-simple","17":"entry","18":"content-bg","19":"loop-entry"},"acf":[],"_links":{"self":[{"href":"https:\/\/mydrink.ee\/et\/wp-json\/wp\/v2\/product\/8781","targetHints":{"allow":["GET"]}}],"collection":[{"href":"https:\/\/mydrink.ee\/et\/wp-json\/wp\/v2\/product"}],"about":[{"href":"https:\/\/mydrink.ee\/et\/wp-json\/wp\/v2\/types\/product"}],"wp:featuredmedia":[{"embeddable":true,"href":"https:\/\/mydrink.ee\/et\/wp-json\/wp\/v2\/media\/8790"}],"wp:attachment":[{"href":"https:\/\/mydrink.ee\/et\/wp-json\/wp\/v2\/media?parent=8781"}],"wp:term":[{"taxonomy":"product_brand","embeddable":true,"href":"https:\/\/mydrink.ee\/et\/wp-json\/wp\/v2\/product_brand?post=8781"},{"taxonomy":"product_cat","embeddable":true,"href":"https:\/\/mydrink.ee\/et\/wp-json\/wp\/v2\/product_cat?post=8781"},{"taxonomy":"product_tag","embeddable":true,"href":"https:\/\/mydrink.ee\/et\/wp-json\/wp\/v2\/product_tag?post=8781"}],"curies":[{"name":"wp","href":"https:\/\/api.w.org\/{rel}","templated":true}]}}