{"id":8793,"date":"2025-12-18T11:48:20","date_gmt":"2025-12-18T09:48:20","guid":{"rendered":"https:\/\/mydrink.ee\/?post_type=product&#038;p=8793"},"modified":"2025-12-18T11:58:07","modified_gmt":"2025-12-18T09:58:07","slug":"villa-massa-amaretto-30-vol-70cl","status":"publish","type":"product","link":"https:\/\/mydrink.ee\/et\/product\/villa-massa-amaretto-30-vol-70cl\/","title":{"rendered":"VILLA MASSA AMARETTO 30% vol 70cl"},"content":{"rendered":"<style>.wp-block-kadence-advancedheading.kt-adv-heading8793_e6a8b2-a8, .wp-block-kadence-advancedheading.kt-adv-heading8793_e6a8b2-a8[data-kb-block=\"kb-adv-heading8793_e6a8b2-a8\"]{font-style:normal;}.wp-block-kadence-advancedheading.kt-adv-heading8793_e6a8b2-a8 mark.kt-highlight, .wp-block-kadence-advancedheading.kt-adv-heading8793_e6a8b2-a8[data-kb-block=\"kb-adv-heading8793_e6a8b2-a8\"] mark.kt-highlight{font-style:normal;color:#f76a0c;-webkit-box-decoration-break:clone;box-decoration-break:clone;padding-top:0px;padding-right:0px;padding-bottom:0px;padding-left:0px;}<\/style>\n<p class=\"kt-adv-heading8793_e6a8b2-a8 wp-block-kadence-advancedheading has-theme-palette-9-color has-text-color\" data-kb-block=\"kb-adv-heading8793_e6a8b2-a8\">amaretto<\/p>\n\n\n<style>.wp-block-kadence-advancedheading.kt-adv-heading8793_26dfb3-39, .wp-block-kadence-advancedheading.kt-adv-heading8793_26dfb3-39[data-kb-block=\"kb-adv-heading8793_26dfb3-39\"]{font-style:normal;}.wp-block-kadence-advancedheading.kt-adv-heading8793_26dfb3-39 mark.kt-highlight, .wp-block-kadence-advancedheading.kt-adv-heading8793_26dfb3-39[data-kb-block=\"kb-adv-heading8793_26dfb3-39\"] mark.kt-highlight{font-style:normal;color:#f76a0c;-webkit-box-decoration-break:clone;box-decoration-break:clone;padding-top:0px;padding-right:0px;padding-bottom:0px;padding-left:0px;}<\/style>\n<p class=\"kt-adv-heading8793_26dfb3-39 wp-block-kadence-advancedheading\" data-kb-block=\"kb-adv-heading8793_26dfb3-39\"><\/p>\n","protected":false},"excerpt":{"rendered":"<p>Liik: Lik\u00f6\u00f6r<br \/>\nP\u00e4ritolumaa: Itaalia<br \/>\nKogus: 70cl<br \/>\nAlkoholisisaldus: 30% vol<br \/>\nV\u00e4rvus: Merevaik<br \/>\nAroom: Mandlil\u00f5hn, milles on tunda intensiivset, kuid meeldivat m\u00f5rkjust, mis meenutab m\u00f5nele inimesele martsipani.<br \/>\nMaitse: M\u00f5nusalt magus ja \u00fcmar, mida iseloomustab selle isu\u00e4ratav aroom koos martsipani n\u00fcanssidega. Mandlite intensiivne, p\u00fcsiv j\u00e4relmaitse l\u00f5peb vanilje, kirsside ja kakao nootidega.<br \/>\nServeerimine: Toatemperatuuril<\/p>\n","protected":false},"featured_media":8794,"template":"","meta":{"_acf_changed":false,"_kadence_starter_templates_imported_post":false,"_kad_post_transparent":"","_kad_post_title":"","_kad_post_layout":"","_kad_post_sidebar_id":"","_kad_post_content_style":"","_kad_post_vertical_padding":"","_kad_post_feature":"","_kad_post_feature_position":"","_kad_post_header":false,"_kad_post_footer":false},"product_brand":[],"product_cat":[43,26],"product_tag":[],"class_list":{"0":"post-8793","1":"product","2":"type-product","3":"status-publish","4":"has-post-thumbnail","6":"product_cat-likoor","7":"product_cat-kange-alkohol","9":"first","10":"instock","11":"taxable","12":"shipping-taxable","13":"purchasable","14":"product-type-simple","15":"entry","16":"content-bg","17":"loop-entry"},"acf":[],"_links":{"self":[{"href":"https:\/\/mydrink.ee\/et\/wp-json\/wp\/v2\/product\/8793","targetHints":{"allow":["GET"]}}],"collection":[{"href":"https:\/\/mydrink.ee\/et\/wp-json\/wp\/v2\/product"}],"about":[{"href":"https:\/\/mydrink.ee\/et\/wp-json\/wp\/v2\/types\/product"}],"wp:featuredmedia":[{"embeddable":true,"href":"https:\/\/mydrink.ee\/et\/wp-json\/wp\/v2\/media\/8794"}],"wp:attachment":[{"href":"https:\/\/mydrink.ee\/et\/wp-json\/wp\/v2\/media?parent=8793"}],"wp:term":[{"taxonomy":"product_brand","embeddable":true,"href":"https:\/\/mydrink.ee\/et\/wp-json\/wp\/v2\/product_brand?post=8793"},{"taxonomy":"product_cat","embeddable":true,"href":"https:\/\/mydrink.ee\/et\/wp-json\/wp\/v2\/product_cat?post=8793"},{"taxonomy":"product_tag","embeddable":true,"href":"https:\/\/mydrink.ee\/et\/wp-json\/wp\/v2\/product_tag?post=8793"}],"curies":[{"name":"wp","href":"https:\/\/api.w.org\/{rel}","templated":true}]}}