{"id":8941,"date":"2026-01-20T11:32:04","date_gmt":"2026-01-20T09:32:04","guid":{"rendered":"https:\/\/mydrink.ee\/?post_type=product&#038;p=8941"},"modified":"2026-04-08T14:05:05","modified_gmt":"2026-04-08T11:05:05","slug":"hartwall-original-long-drink-55-50cl-x-24","status":"publish","type":"product","link":"https:\/\/mydrink.ee\/et\/product\/hartwall-original-long-drink-55-50cl-x-24\/","title":{"rendered":"Hartwall Original Long Drink 5,5% 50CL x 24"},"content":{"rendered":"<p>Hartwall Original Long Drink loodi spetsiaalselt Helsingi Ol\u00fcmpiam\u00e4ngudeks 1952. Esialgselt oligi m\u00f5te toota seda m\u00e4ngude ajal, kuid selle suurep\u00e4rasele m\u00fc\u00fcgiedule tuginedes j\u00e4tkub tootmine kuni t\u00e4naseni. Hartwall toodab endiselt Hartwall Original Long Drink\u2019i, mis on vaieldamatu number \u00fcks long drinkide kategoorias Soomes (\u00fcle 70% turuosa). See on v\u00e4ga populaarne ka Eestis ning n.\u00f6. travel retail sektoris. T\u00e4nu Hartwall Original Long Drink populaarsusele on t\u00e4naseks nii m\u00f5nedki konkureerivad tootjad p\u00fc\u00fcdnud seda j\u00e4ljendada. Siiski saame julgelt v\u00e4ita, et Hartwall Original Long Drink eelis konkurentide ees on selles, et tootmisel kasutatakse ehtsat d\u017einni (konkurendid kasutavad tavaliselt odavamat fermentatsiooni meetodi). See annab Hartwall Original Long Drink\u2019ile tuntavalt parema kvaliteedi nii maitses kui aroomis.<\/p>\n\n<style>.wp-block-kadence-advancedheading.kt-adv-heading275_9c59a7-11, .wp-block-kadence-advancedheading.kt-adv-heading275_9c59a7-11[data-kb-block=\"kb-adv-heading275_9c59a7-11\"]{font-style:normal;}.wp-block-kadence-advancedheading.kt-adv-heading275_9c59a7-11 mark.kt-highlight, .wp-block-kadence-advancedheading.kt-adv-heading275_9c59a7-11[data-kb-block=\"kb-adv-heading275_9c59a7-11\"] mark.kt-highlight{font-style:normal;color:#f76a0c;-webkit-box-decoration-break:clone;box-decoration-break:clone;padding-top:0px;padding-right:0px;padding-bottom:0px;padding-left:0px;}<\/style>\n<h4 class=\"kt-adv-heading275_9c59a7-11 wp-block-kadence-advancedheading has-theme-palette-9-color has-text-color\" data-kb-block=\"kb-adv-heading275_9c59a7-11\">long drink<\/h4>\n\n\n<style>.wp-block-kadence-advancedheading.kt-adv-heading275_e5e301-39, .wp-block-kadence-advancedheading.kt-adv-heading275_e5e301-39[data-kb-block=\"kb-adv-heading275_e5e301-39\"]{font-style:normal;}.wp-block-kadence-advancedheading.kt-adv-heading275_e5e301-39 mark.kt-highlight, .wp-block-kadence-advancedheading.kt-adv-heading275_e5e301-39[data-kb-block=\"kb-adv-heading275_e5e301-39\"] mark.kt-highlight{font-style:normal;color:#f76a0c;-webkit-box-decoration-break:clone;box-decoration-break:clone;padding-top:0px;padding-right:0px;padding-bottom:0px;padding-left:0px;}<\/style>\n<p class=\"kt-adv-heading275_e5e301-39 wp-block-kadence-advancedheading\" data-kb-block=\"kb-adv-heading275_e5e301-39\"><\/p>\n","protected":false},"excerpt":{"rendered":"<p>Liik: Long Drink <br \/>Kastis: 24 <br \/>Maht: 12L <br \/>Alkoholisisaldus: 5,5% vol<br \/>P\u00e4ritolumaa: Soome <br \/>Serveerimine: Jahutatult<\/p>\n","protected":false},"featured_media":8681,"template":"","meta":{"_acf_changed":false,"_kadence_starter_templates_imported_post":false,"_kad_post_transparent":"","_kad_post_title":"","_kad_post_layout":"","_kad_post_sidebar_id":"","_kad_post_content_style":"","_kad_post_vertical_padding":"","_kad_post_feature":"","_kad_post_feature_position":"","_kad_post_header":false,"_kad_post_footer":false},"product_brand":[],"product_cat":[90,256,232,110,25,91,87],"product_tag":[271,268],"class_list":{"0":"post-8941","1":"product","2":"type-product","3":"status-publish","4":"has-post-thumbnail","6":"product_cat-long-drink","7":"product_cat-lahja-alkohol","8":"product_cat-pandipakend","9":"product_cat-pakkumised","10":"product_cat-olu-siider-long-drink","11":"product_cat-ohooo","12":"product_cat-frontpage","13":"product_tag-huipputarjoukset-viikonlopuksi","14":"product_tag-lonkero","16":"first","17":"instock","18":"sale","19":"taxable","20":"shipping-taxable","21":"purchasable","22":"product-type-simple","23":"entry","24":"content-bg","25":"loop-entry"},"acf":[],"_links":{"self":[{"href":"https:\/\/mydrink.ee\/et\/wp-json\/wp\/v2\/product\/8941","targetHints":{"allow":["GET"]}}],"collection":[{"href":"https:\/\/mydrink.ee\/et\/wp-json\/wp\/v2\/product"}],"about":[{"href":"https:\/\/mydrink.ee\/et\/wp-json\/wp\/v2\/types\/product"}],"wp:featuredmedia":[{"embeddable":true,"href":"https:\/\/mydrink.ee\/et\/wp-json\/wp\/v2\/media\/8681"}],"wp:attachment":[{"href":"https:\/\/mydrink.ee\/et\/wp-json\/wp\/v2\/media?parent=8941"}],"wp:term":[{"taxonomy":"product_brand","embeddable":true,"href":"https:\/\/mydrink.ee\/et\/wp-json\/wp\/v2\/product_brand?post=8941"},{"taxonomy":"product_cat","embeddable":true,"href":"https:\/\/mydrink.ee\/et\/wp-json\/wp\/v2\/product_cat?post=8941"},{"taxonomy":"product_tag","embeddable":true,"href":"https:\/\/mydrink.ee\/et\/wp-json\/wp\/v2\/product_tag?post=8941"}],"curies":[{"name":"wp","href":"https:\/\/api.w.org\/{rel}","templated":true}]}}