{"id":906,"date":"2012-07-13T10:49:07","date_gmt":"2012-07-13T07:49:07","guid":{"rendered":"https:\/\/mydrink.ee\/product\/desom-cremant-de-luxembourg-brut-12-75cl\/"},"modified":"2012-07-13T10:49:07","modified_gmt":"2012-07-13T07:49:07","slug":"desom-cremant-de-luxembourg-brut-12-75cl","status":"publish","type":"product","link":"https:\/\/mydrink.ee\/et\/product\/desom-cremant-de-luxembourg-brut-12-75cl\/","title":{"rendered":"DESOM CREMANT DE LUXEMBOURG BRUT 12% 75CL"},"content":{"rendered":"","protected":false},"excerpt":{"rendered":"<p>Liik: \u0160ampanjad ja vahuveinid, Vahuvein<br \/>\nKastis: 6<br \/>\nMaht: 75CL<br \/>\nAlkoholisisaldus: 12,0%<br \/>\nP\u00e4ritolumaa: Luxembourg<br \/>\nPiirkond: Remich<br \/>\nViinamarjasort: Riesling, Pinot Blanc<br \/>\nAroom: Kombineeruvad kerged mineraalsed noodid meeldiva puuviljalisusega<br \/>\nMaitse: Kompleksne, arenev, v\u00e4rskendav, m\u00f5nusa happega, mahlane, n\u00f5tke, leidub r\u00f6stsaia n\u00fcanssi<br \/>\nToidusoovitus: Aperatiivina, iseseisvalt tarbimiseks, ideaalne koos mereandide, kaaviari, homaariga<br \/>\nServeerimine: 7-9 C<\/p>\n","protected":false},"featured_media":905,"template":"","meta":{"_acf_changed":false,"_kadence_starter_templates_imported_post":false,"_kad_post_transparent":"","_kad_post_title":"","_kad_post_layout":"","_kad_post_sidebar_id":"","_kad_post_content_style":"","_kad_post_vertical_padding":"","_kad_post_feature":"","_kad_post_feature_position":"","_kad_post_header":false,"_kad_post_footer":false},"product_brand":[],"product_cat":[123,180,24,117,85],"product_tag":[],"class_list":{"0":"post-906","1":"product","2":"type-product","3":"status-publish","4":"has-post-thumbnail","6":"product_cat-vahuveinid-1","7":"product_cat-veinid","8":"product_cat-vahuveinid","9":"product_cat-luxembourg","10":"product_cat-muu-1-2","12":"first","13":"instock","14":"taxable","15":"shipping-taxable","16":"purchasable","17":"product-type-simple","18":"entry","19":"content-bg","20":"loop-entry"},"acf":[],"_links":{"self":[{"href":"https:\/\/mydrink.ee\/et\/wp-json\/wp\/v2\/product\/906","targetHints":{"allow":["GET"]}}],"collection":[{"href":"https:\/\/mydrink.ee\/et\/wp-json\/wp\/v2\/product"}],"about":[{"href":"https:\/\/mydrink.ee\/et\/wp-json\/wp\/v2\/types\/product"}],"wp:featuredmedia":[{"embeddable":true,"href":"https:\/\/mydrink.ee\/et\/wp-json\/wp\/v2\/media\/905"}],"wp:attachment":[{"href":"https:\/\/mydrink.ee\/et\/wp-json\/wp\/v2\/media?parent=906"}],"wp:term":[{"taxonomy":"product_brand","embeddable":true,"href":"https:\/\/mydrink.ee\/et\/wp-json\/wp\/v2\/product_brand?post=906"},{"taxonomy":"product_cat","embeddable":true,"href":"https:\/\/mydrink.ee\/et\/wp-json\/wp\/v2\/product_cat?post=906"},{"taxonomy":"product_tag","embeddable":true,"href":"https:\/\/mydrink.ee\/et\/wp-json\/wp\/v2\/product_tag?post=906"}],"curies":[{"name":"wp","href":"https:\/\/api.w.org\/{rel}","templated":true}]}}