{"id":926,"date":"2012-07-13T10:49:11","date_gmt":"2012-07-13T07:49:11","guid":{"rendered":"https:\/\/mydrink.ee\/product\/yellow-tail-bubbles-12-75cl\/"},"modified":"2025-12-18T11:24:25","modified_gmt":"2025-12-18T09:24:25","slug":"yellow-tail-bubbles-12-75cl","status":"publish","type":"product","link":"https:\/\/mydrink.ee\/et\/product\/yellow-tail-bubbles-12-75cl\/","title":{"rendered":"YELLOW TAIL BUBBLES 12% 75CL"},"content":{"rendered":"<p>[VALMISTAMINE]: Bubbles on valmistatud viinamarjadest, mis p\u00e4rinevad k\u00f5rgeima kvaliteediga viinamarjaistandustest. Marjad on \u00f5rnalt pressitud ning kasutatakse madalal temperatuuril k\u00e4\u00e4rimist (Charmat meetodil), et s\u00e4ilitada maksimaalne v\u00e4rskus ja maitse. <\/p>\n","protected":false},"excerpt":{"rendered":"<p>Liik: \u0160ampanjad ja vahuveinid, Vahuvein<br \/>\nKastis: 6<br \/>\nMaht: 75CL<br \/>\nAlkoholisisaldus: 12%<br \/>\nP\u00e4ritolumaa: Austraalia<br \/>\nPiirkond: South-Eastern<br \/>\nMaitse: Bubbles on vaimustavalt v\u00e4rske, pehme ja mahlaka maitsega, milles on tunda troopilisi vilju, veidike magusust ning pikk karge j\u00e4relmaitse.<br \/>\nToidusoovitus: Bubbles on loodud lihtsa filosoofilise meelega, et valmistada head vahuveini, mida v\u00f5ib nautida iga\u00fcks, igal ajal ja kohas. See vahuvein, mis on sama hea kui \u0161ampanja, elavdab Teie tavalised hetked erilisteks \u2013 ja seda igap\u00e4ev!<\/p>\n","protected":false},"featured_media":8792,"template":"","meta":{"_acf_changed":false,"_kadence_starter_templates_imported_post":false,"_kad_post_transparent":"","_kad_post_title":"","_kad_post_layout":"","_kad_post_sidebar_id":"","_kad_post_content_style":"","_kad_post_vertical_padding":"","_kad_post_feature":"","_kad_post_feature_position":"","_kad_post_header":false,"_kad_post_footer":false},"product_brand":[],"product_cat":[24,76,123],"product_tag":[],"class_list":{"0":"post-926","1":"product","2":"type-product","3":"status-publish","4":"has-post-thumbnail","6":"product_cat-vahuveinid","7":"product_cat-austraalia-1-2","8":"product_cat-vahuveinid-1","10":"first","11":"instock","12":"taxable","13":"shipping-taxable","14":"purchasable","15":"product-type-simple","16":"entry","17":"content-bg","18":"loop-entry"},"acf":[],"_links":{"self":[{"href":"https:\/\/mydrink.ee\/et\/wp-json\/wp\/v2\/product\/926","targetHints":{"allow":["GET"]}}],"collection":[{"href":"https:\/\/mydrink.ee\/et\/wp-json\/wp\/v2\/product"}],"about":[{"href":"https:\/\/mydrink.ee\/et\/wp-json\/wp\/v2\/types\/product"}],"wp:featuredmedia":[{"embeddable":true,"href":"https:\/\/mydrink.ee\/et\/wp-json\/wp\/v2\/media\/8792"}],"wp:attachment":[{"href":"https:\/\/mydrink.ee\/et\/wp-json\/wp\/v2\/media?parent=926"}],"wp:term":[{"taxonomy":"product_brand","embeddable":true,"href":"https:\/\/mydrink.ee\/et\/wp-json\/wp\/v2\/product_brand?post=926"},{"taxonomy":"product_cat","embeddable":true,"href":"https:\/\/mydrink.ee\/et\/wp-json\/wp\/v2\/product_cat?post=926"},{"taxonomy":"product_tag","embeddable":true,"href":"https:\/\/mydrink.ee\/et\/wp-json\/wp\/v2\/product_tag?post=926"}],"curies":[{"name":"wp","href":"https:\/\/api.w.org\/{rel}","templated":true}]}}