{"id":940,"date":"2012-07-13T10:49:13","date_gmt":"2012-07-13T07:49:13","guid":{"rendered":"https:\/\/mydrink.ee\/product\/cinzano-rosso-15-100cl\/"},"modified":"2026-01-08T19:55:11","modified_gmt":"2026-01-08T17:55:11","slug":"cinzano-rosso-15-100cl","status":"publish","type":"product","link":"https:\/\/mydrink.ee\/et\/product\/cinzano-rosso-15-100cl\/","title":{"rendered":"CINZANO ROSSO 15% 100CL"},"content":{"rendered":"<p>Temperamentne, julge, rikkalik kuid samas nii \u00f5rn. Selline on t\u00f5eline itaallane, selline on Cinzano. Cinzano vermutite perekond pakub l\u00f5putult v\u00f5imalusi nautida erinevaid maitseid s\u00f5pradega, perekonnaringis v\u00f5i iseendaga. Cinzano vermutit valmistatakse Itaalia punaste ja valgete kvaliteetveinide baasil. Veinid maitsestatakse salajase maitsetaimede ning v\u00fcrtside seguga, mis annabki Cinzano vermutile selle p\u00e4ris \u00f5ige vermuti maitse. See \u00f5ige maitse avastati Giovanni Cinzano kaasabil juba aastal 1757 ning sellest ammusest ajast kuni t\u00e4nap\u00e4evani on Cinzano vermutid kvaliteedietaloniks terves maailmas. Valdavalt nauditakse vermuteid puhtalt j\u00e4\u00e4ga, kuid Cinzano ei kehtesta Sulle reegleid. Tunne ennast vabalt ja proovi julgelt Cinzanot segada soodavee, sidrunilimonaadi v\u00f5i m\u00f5ne mahlaga. V\u00f5ta aeg maha, lase fantaasial lennata ja tule seiklema vahemere maitsete maailma.<\/p>\n<p>AROOM JA MAITSE<br \/>\nKirglikult tumepunase v\u00e4rvusega Cinzano Rosso on intensiivse, kuid samas \u00f5rna aroomiga. Kerge tsitruse- ja marjamaitsega magus Rosso j\u00e4tab p\u00fcsiva ja m\u00f5nusalt m\u00f5rkja j\u00e4relmaitse. Rosso on eriti p\u00f5nev, ainulaadselt rikas ja julge.<\/p>\n<p>SERVEERIMISSOOVITUS<br \/>\nCinzano Rossot serveeri alati jahutatult.<br \/>\nK\u00f5ige levinum tava on nautida Rossot puhtalt j\u00e4\u00e4ga, aga seda sobib tarvitada ka Sinule meelep\u00e4rase pikendajaga. Proovida tasub lihtsat ja h\u00f5rku kokteili, milles on Cinzano Rossot, \u00f5unamahla ja pisut kaneeli, kuid pikendajana sobib<br \/>\nh\u00e4sti ka Sinu lemmiktoonik, sidrunilimonaad, mahl v\u00f5i soodavesi.<\/p>\n<p>KOKTEILISOOVITUS<br \/>\n\u2022 Cinzano Rosso j\u00f5hvikamahlaga<br \/>\n\u2022 Cinzano Rosso toonikuga<br \/>\n\u2022 Americano (1 osa Cinzano Rossot, 1 osa Camparit, 1 osa soodavett, j\u00e4\u00e4d, kaunistus)<br \/>\n\u2022 Negroni (1 osa Camparit, 1 osa Cinzano Vermouth Rossot, 1 osa d\u017einni, j\u00e4\u00e4d, kaunistus)<br \/>\n\u2022 Cinzano Rosso j\u00e4\u00e4 ja oliividega<\/p>\n<p>Rohkelt p\u00f5nevaid kokteiliretsepte leiad internetist: www.cinzano.com<\/p>\n","protected":false},"excerpt":{"rendered":"<p>Liik: Kange alkohol, Vermut<br \/>\nKastis: 12<br \/>\nMaht: 100CL<br \/>\nAlkoholisisaldus: 15%<br \/>\nP\u00e4ritolumaa: Itaalia<\/p>\n","protected":false},"featured_media":939,"template":"","meta":{"_acf_changed":false,"_kadence_starter_templates_imported_post":false,"_kad_post_transparent":"","_kad_post_title":"","_kad_post_layout":"","_kad_post_sidebar_id":"","_kad_post_content_style":"","_kad_post_vertical_padding":"","_kad_post_feature":"","_kad_post_feature_position":"","_kad_post_header":false,"_kad_post_footer":false},"product_brand":[],"product_cat":[26,96],"product_tag":[],"class_list":{"0":"post-940","1":"product","2":"type-product","3":"status-publish","4":"has-post-thumbnail","6":"product_cat-kange-alkohol","7":"product_cat-vermut","9":"first","10":"instock","11":"taxable","12":"shipping-taxable","13":"purchasable","14":"product-type-simple","15":"entry","16":"content-bg","17":"loop-entry"},"acf":[],"_links":{"self":[{"href":"https:\/\/mydrink.ee\/et\/wp-json\/wp\/v2\/product\/940","targetHints":{"allow":["GET"]}}],"collection":[{"href":"https:\/\/mydrink.ee\/et\/wp-json\/wp\/v2\/product"}],"about":[{"href":"https:\/\/mydrink.ee\/et\/wp-json\/wp\/v2\/types\/product"}],"wp:featuredmedia":[{"embeddable":true,"href":"https:\/\/mydrink.ee\/et\/wp-json\/wp\/v2\/media\/939"}],"wp:attachment":[{"href":"https:\/\/mydrink.ee\/et\/wp-json\/wp\/v2\/media?parent=940"}],"wp:term":[{"taxonomy":"product_brand","embeddable":true,"href":"https:\/\/mydrink.ee\/et\/wp-json\/wp\/v2\/product_brand?post=940"},{"taxonomy":"product_cat","embeddable":true,"href":"https:\/\/mydrink.ee\/et\/wp-json\/wp\/v2\/product_cat?post=940"},{"taxonomy":"product_tag","embeddable":true,"href":"https:\/\/mydrink.ee\/et\/wp-json\/wp\/v2\/product_tag?post=940"}],"curies":[{"name":"wp","href":"https:\/\/api.w.org\/{rel}","templated":true}]}}