{"id":972,"date":"2012-07-13T10:49:17","date_gmt":"2012-07-13T07:49:17","guid":{"rendered":"https:\/\/mydrink.ee\/product\/the-macallan-12yo-highland-single-malt-40-vol-70cl\/"},"modified":"2025-11-21T14:10:18","modified_gmt":"2025-11-21T12:10:18","slug":"the-macallan-12yo-highland-single-malt-40-vol-70cl","status":"publish","type":"product","link":"https:\/\/mydrink.ee\/et\/product\/the-macallan-12yo-highland-single-malt-40-vol-70cl\/","title":{"rendered":"THE MACALLAN 12YO HIGHLAND SINGLE MALT 40% vol 70CL"},"content":{"rendered":"<p>AJALUGU:\u00a0 <br \/>Macallani viskimaja asutati 18 sajandi alguses ja viski suur edu kannustas omanikku taotlema ametlikku tootmisluba ja see saadigi 1824 aastal. 1892 aastal ostab viskitehase Elgini kaupmees, Roderick Kemp, kellele kuulus ka Taliskeri viskitehas.<br \/>1968 aastal toimus viskitehases suur laiendamine ja r\u00f5hku pandi j\u00e4rjest rohkem valiklinnaseviski tootmisele. Laienemisega j\u00f5uti 1990 aastal niikaugele, et p\u00fcsti pandi Euroopa suurim viskiladu. <br \/>1994 aastal v\u00f5ttis The Macallani \u00fcle Highland Distillers ja Suntori (Jaapan). 2004 toodi turule Fine Oak linnaseviski valik.<\/p>\n<p>Tootmine:\u00a0 <br \/>Macallan on \u00fcks kahest viskitehasest kes kasutab siiani osaliselt \u201cGolden Promise\u201d odrasorti, mis on madala tootlikusega ja v\u00e4ga kallis, kuid v\u00e4ga omap\u00e4rase maitsega. K\u00f5ik Macallani Fine Oak linnaseviskid on hoitud Sherry ja Burboon viski vaadis. Reeglina hoitakse Macallani viskit Sherry vaadis viimased 18 kuud.<\/p>\n","protected":false},"excerpt":{"rendered":"<p>Liik: Viski<br \/>Kastis: 6<br \/>Maht: 70CL<br \/>Alkoholisisaldus: 40% vol<br \/>P&auml;ritolumaa: &Scaron;otimaa<br \/>P&otilde;hitunnused: 100% Macallan&acute;i linnaseviski. <br \/>Maitse: Ameerika burboon ja Euroopas kasutatud sherry vaatide kombinatsioon annab tulemuseks eriti pehme, delikaatse ja kerge linnaseviski.<\/p>\n","protected":false},"featured_media":971,"template":"","meta":{"_acf_changed":false,"_kadence_starter_templates_imported_post":false,"_kad_post_transparent":"","_kad_post_title":"","_kad_post_layout":"","_kad_post_sidebar_id":"","_kad_post_content_style":"","_kad_post_vertical_padding":"","_kad_post_feature":"","_kad_post_feature_position":"","_kad_post_header":false,"_kad_post_footer":false},"product_brand":[],"product_cat":[45,26],"product_tag":[],"class_list":{"0":"post-972","1":"product","2":"type-product","3":"status-publish","4":"has-post-thumbnail","6":"product_cat-viski","7":"product_cat-kange-alkohol","9":"first","10":"instock","11":"taxable","12":"shipping-taxable","13":"purchasable","14":"product-type-simple","15":"entry","16":"content-bg","17":"loop-entry"},"acf":[],"_links":{"self":[{"href":"https:\/\/mydrink.ee\/et\/wp-json\/wp\/v2\/product\/972","targetHints":{"allow":["GET"]}}],"collection":[{"href":"https:\/\/mydrink.ee\/et\/wp-json\/wp\/v2\/product"}],"about":[{"href":"https:\/\/mydrink.ee\/et\/wp-json\/wp\/v2\/types\/product"}],"wp:featuredmedia":[{"embeddable":true,"href":"https:\/\/mydrink.ee\/et\/wp-json\/wp\/v2\/media\/971"}],"wp:attachment":[{"href":"https:\/\/mydrink.ee\/et\/wp-json\/wp\/v2\/media?parent=972"}],"wp:term":[{"taxonomy":"product_brand","embeddable":true,"href":"https:\/\/mydrink.ee\/et\/wp-json\/wp\/v2\/product_brand?post=972"},{"taxonomy":"product_cat","embeddable":true,"href":"https:\/\/mydrink.ee\/et\/wp-json\/wp\/v2\/product_cat?post=972"},{"taxonomy":"product_tag","embeddable":true,"href":"https:\/\/mydrink.ee\/et\/wp-json\/wp\/v2\/product_tag?post=972"}],"curies":[{"name":"wp","href":"https:\/\/api.w.org\/{rel}","templated":true}]}}