{"id":9829,"date":"2026-04-09T15:10:53","date_gmt":"2026-04-09T12:10:53","guid":{"rendered":"https:\/\/mydrink.ee\/?post_type=product&#038;p=9829"},"modified":"2026-04-09T15:22:39","modified_gmt":"2026-04-09T12:22:39","slug":"ballet-carte-noire-brut-organic-115-vol-75cl","status":"publish","type":"product","link":"https:\/\/mydrink.ee\/et\/product\/ballet-carte-noire-brut-organic-115-vol-75cl\/","title":{"rendered":"Ballet Carte Noire Brut Organic 11,5% vol 75cl"},"content":{"rendered":"<style>.wp-block-kadence-advancedheading.kt-adv-heading9827_4696dd-b6, .wp-block-kadence-advancedheading.kt-adv-heading9827_4696dd-b6[data-kb-block=\"kb-adv-heading9827_4696dd-b6\"]{font-style:normal;}.wp-block-kadence-advancedheading.kt-adv-heading9827_4696dd-b6 mark.kt-highlight, .wp-block-kadence-advancedheading.kt-adv-heading9827_4696dd-b6[data-kb-block=\"kb-adv-heading9827_4696dd-b6\"] mark.kt-highlight{font-style:normal;color:#f76a0c;-webkit-box-decoration-break:clone;box-decoration-break:clone;padding-top:0px;padding-right:0px;padding-bottom:0px;padding-left:0px;}<\/style>\n<p class=\"kt-adv-heading9827_4696dd-b6 wp-block-kadence-advancedheading\" data-kb-block=\"kb-adv-heading9827_4696dd-b6\"><\/p>\n\n\n<style>.wp-block-kadence-advancedheading.kt-adv-heading9827_4b64a2-d2, .wp-block-kadence-advancedheading.kt-adv-heading9827_4b64a2-d2[data-kb-block=\"kb-adv-heading9827_4b64a2-d2\"]{font-style:normal;}.wp-block-kadence-advancedheading.kt-adv-heading9827_4b64a2-d2 mark.kt-highlight, .wp-block-kadence-advancedheading.kt-adv-heading9827_4b64a2-d2[data-kb-block=\"kb-adv-heading9827_4b64a2-d2\"] mark.kt-highlight{font-style:normal;color:#f76a0c;-webkit-box-decoration-break:clone;box-decoration-break:clone;padding-top:0px;padding-right:0px;padding-bottom:0px;padding-left:0px;}<\/style>\n<p class=\"kt-adv-heading9827_4b64a2-d2 wp-block-kadence-advancedheading\" data-kb-block=\"kb-adv-heading9827_4b64a2-d2\"><\/p>\n","protected":false},"excerpt":{"rendered":"<p>Liik: Orgaaniline vahuvein<br \/>\u00d6KO\u00a0FR-BIO-01<br \/>Kastis: 6 <br \/>Maht: 75CL <br \/>Alkoholisisaldus: 11,5% vol<br \/>P\u00e4ritolumaa: Prantsusmaa<br \/>Viinamarjasort: <a class=\"flex flex-row items-center w-fit h-full justify-center text-nowrap gap-2 font-semibold text-base text-primary-dark rounded-none border border-transparent underline underline-offset-1 hover:text-primary-red active:text-secondary-brown p-0 leading-5 border-none focus:outline-offset-4\" href=\"https:\/\/www.alko.fi\/fi\/tuotteet\/kuohuviinit-ja-samppanjat?grapeId=grape_airen\"><span class=\"flex break-all leading-none\">Air\u00e9n<\/span><\/a> <br \/>V\u00e4rv: Helekollane<br \/>Maitse: V<span class=\"HwtZe\" lang=\"et\"><span class=\"jCAhz ChMk0b\"><span class=\"ryNqvb\">\u00e4ga kuiv, keskmise happesusega, k\u00fcps tsitrus, kollane \u00f5un, kergelt karusmarjane, kergelt v\u00fcrtsikas.<\/span><\/span><\/span><br \/>Serveerimine: 7-8 C<\/p>\n<p>\u00d6KO\u00a0FR-BIO-01<\/p>\n","protected":false},"featured_media":9830,"template":"","meta":{"_acf_changed":false,"_kadence_starter_templates_imported_post":false,"_kad_post_transparent":"","_kad_post_title":"","_kad_post_layout":"","_kad_post_sidebar_id":"","_kad_post_content_style":"","_kad_post_vertical_padding":"","_kad_post_feature":"","_kad_post_feature_position":"","_kad_post_header":false,"_kad_post_footer":false},"product_brand":[],"product_cat":[123,24,80,87],"product_tag":[],"class_list":{"0":"post-9829","1":"product","2":"type-product","3":"status-publish","4":"has-post-thumbnail","6":"product_cat-vahuveinid-1","7":"product_cat-vahuveinid","8":"product_cat-prantsuse-1-2","9":"product_cat-frontpage","11":"first","12":"instock","13":"taxable","14":"shipping-taxable","15":"purchasable","16":"product-type-simple","17":"entry","18":"content-bg","19":"loop-entry"},"acf":[],"_links":{"self":[{"href":"https:\/\/mydrink.ee\/et\/wp-json\/wp\/v2\/product\/9829","targetHints":{"allow":["GET"]}}],"collection":[{"href":"https:\/\/mydrink.ee\/et\/wp-json\/wp\/v2\/product"}],"about":[{"href":"https:\/\/mydrink.ee\/et\/wp-json\/wp\/v2\/types\/product"}],"wp:featuredmedia":[{"embeddable":true,"href":"https:\/\/mydrink.ee\/et\/wp-json\/wp\/v2\/media\/9830"}],"wp:attachment":[{"href":"https:\/\/mydrink.ee\/et\/wp-json\/wp\/v2\/media?parent=9829"}],"wp:term":[{"taxonomy":"product_brand","embeddable":true,"href":"https:\/\/mydrink.ee\/et\/wp-json\/wp\/v2\/product_brand?post=9829"},{"taxonomy":"product_cat","embeddable":true,"href":"https:\/\/mydrink.ee\/et\/wp-json\/wp\/v2\/product_cat?post=9829"},{"taxonomy":"product_tag","embeddable":true,"href":"https:\/\/mydrink.ee\/et\/wp-json\/wp\/v2\/product_tag?post=9829"}],"curies":[{"name":"wp","href":"https:\/\/api.w.org\/{rel}","templated":true}]}}