{"id":9888,"date":"2026-04-16T11:34:51","date_gmt":"2026-04-16T08:34:51","guid":{"rendered":"https:\/\/mydrink.ee\/?post_type=product&#038;p=9888"},"modified":"2026-04-16T12:16:58","modified_gmt":"2026-04-16T09:16:58","slug":"matusalem-gran-reserva-23yo-40-70cl","status":"publish","type":"product","link":"https:\/\/mydrink.ee\/et\/product\/matusalem-gran-reserva-23yo-40-70cl\/","title":{"rendered":"Matusalem Gran Reserva 23YO 40% 70cl"},"content":{"rendered":"<style>.wp-block-kadence-advancedheading.kt-adv-heading9888_ffcca7-22, .wp-block-kadence-advancedheading.kt-adv-heading9888_ffcca7-22[data-kb-block=\"kb-adv-heading9888_ffcca7-22\"]{font-style:normal;}.wp-block-kadence-advancedheading.kt-adv-heading9888_ffcca7-22 mark.kt-highlight, .wp-block-kadence-advancedheading.kt-adv-heading9888_ffcca7-22[data-kb-block=\"kb-adv-heading9888_ffcca7-22\"] mark.kt-highlight{font-style:normal;color:#f76a0c;-webkit-box-decoration-break:clone;box-decoration-break:clone;padding-top:0px;padding-right:0px;padding-bottom:0px;padding-left:0px;}<\/style>\n<p class=\"kt-adv-heading9888_ffcca7-22 wp-block-kadence-advancedheading has-theme-palette-9-color has-text-color\" data-kb-block=\"kb-adv-heading9888_ffcca7-22\">Appleton<\/p>\n\n\n<style>.wp-block-kadence-advancedheading.kt-adv-heading9888_ea9f8e-31_0, .wp-block-kadence-advancedheading.kt-adv-heading9888_ea9f8e-31_0[data-kb-block=\"kb-adv-heading9888_ea9f8e-31_0\"]{font-style:normal;}.wp-block-kadence-advancedheading.kt-adv-heading9888_ea9f8e-31_0 mark.kt-highlight, .wp-block-kadence-advancedheading.kt-adv-heading9888_ea9f8e-31_0[data-kb-block=\"kb-adv-heading9888_ea9f8e-31_0\"] mark.kt-highlight{font-style:normal;color:#f76a0c;-webkit-box-decoration-break:clone;box-decoration-break:clone;padding-top:0px;padding-right:0px;padding-bottom:0px;padding-left:0px;}<\/style>\n<p class=\"kt-adv-heading9888_ea9f8e-31_0 wp-block-kadence-advancedheading\" data-kb-block=\"kb-adv-heading9888_ea9f8e-31_0\">Rummi laagerdatakse 23 aastat tammevaatides, mida on eelnevalt kasutatud br\u00e4ndi ja \u0161erri Solera tootmises. Rumm p\u00e4rineb algselt Kuubalt. Kui aga v\u00f5tmet\u00f6\u00f6tajad ja kaasomanikud ootamatult surid, \u00fcritas ettev\u00f5te USA-s kanda kinnitada. Kui see eba\u00f5nnestus, rajasid Claudio \u00c0lvarez ja Carmen Salazar suure p\u00fchendumuse ja visadusega j\u00e4rk-j\u00e4rgult oma Ron Matusalemi tootmise \u00fcles Dominikaani Vabariigis. Ron Matusalemit on seal toodetud alates 2016. aastast.<\/p>\n\n\n<style>.wp-block-kadence-advancedheading.kt-adv-heading9888_c986cd-6d, .wp-block-kadence-advancedheading.kt-adv-heading9888_c986cd-6d[data-kb-block=\"kb-adv-heading9888_c986cd-6d\"]{font-style:normal;}.wp-block-kadence-advancedheading.kt-adv-heading9888_c986cd-6d mark.kt-highlight, .wp-block-kadence-advancedheading.kt-adv-heading9888_c986cd-6d[data-kb-block=\"kb-adv-heading9888_c986cd-6d\"] mark.kt-highlight{font-style:normal;color:#f76a0c;-webkit-box-decoration-break:clone;box-decoration-break:clone;padding-top:0px;padding-right:0px;padding-bottom:0px;padding-left:0px;}<\/style>\n<p class=\"kt-adv-heading9888_c986cd-6d wp-block-kadence-advancedheading\" data-kb-block=\"kb-adv-heading9888_c986cd-6d\"><\/p>\n","protected":false},"excerpt":{"rendered":"<p>Liik: Rumm <br \/>Kastis: 6 Maht: 70CL <br \/>Alkoholisisaldus: 40% <br \/>P\u00e4ritolumaa:\u00a0Dominikaani Vabariik<br \/>Tootja: <span class=\"HwtZe\" lang=\"et\"><span class=\"jCAhz ChMk0b\"><span class=\"ryNqvb\">Oliver &amp; Oliver <\/span><\/span><\/span><br \/>T\u00fc\u00fcp: Tume <br \/>Stiil: Mahe-magus <br \/>V\u00e4rv: Tumeda merevaigukarva. <br \/>Aroom: <span class=\"HwtZe\" lang=\"et\"><span class=\"jCAhz ChMk0b\"><span class=\"ryNqvb\">Karamelli ja r\u00f6stitud p\u00e4hklite noodid, millele lisanduvad peened puuviljamaitsed ja magusad aktsendid.<\/span><\/span><\/span><br \/>Maitse: <span class=\"HwtZe\" lang=\"et\"><span class=\"jCAhz ChMk0b\"><span class=\"ryNqvb\">Meeldivalt magus, apelsini aroomiga, mida t\u00e4iendavad vanill ja karamell.<\/span><\/span><\/span><\/p>\n","protected":false},"featured_media":9889,"template":"","meta":{"_acf_changed":false,"_kadence_starter_templates_imported_post":false,"_kad_post_transparent":"","_kad_post_title":"","_kad_post_layout":"","_kad_post_sidebar_id":"","_kad_post_content_style":"","_kad_post_vertical_padding":"","_kad_post_feature":"","_kad_post_feature_position":"","_kad_post_header":false,"_kad_post_footer":false},"product_brand":[],"product_cat":[92,266,26,87],"product_tag":[],"class_list":{"0":"post-9888","1":"product","2":"type-product","3":"status-publish","4":"has-post-thumbnail","6":"product_cat-rumm","7":"product_cat-rumm-kingiideed","8":"product_cat-kange-alkohol","9":"product_cat-frontpage","11":"first","12":"instock","13":"sale","14":"taxable","15":"shipping-taxable","16":"purchasable","17":"product-type-simple","18":"entry","19":"content-bg","20":"loop-entry"},"acf":[],"_links":{"self":[{"href":"https:\/\/mydrink.ee\/et\/wp-json\/wp\/v2\/product\/9888","targetHints":{"allow":["GET"]}}],"collection":[{"href":"https:\/\/mydrink.ee\/et\/wp-json\/wp\/v2\/product"}],"about":[{"href":"https:\/\/mydrink.ee\/et\/wp-json\/wp\/v2\/types\/product"}],"wp:featuredmedia":[{"embeddable":true,"href":"https:\/\/mydrink.ee\/et\/wp-json\/wp\/v2\/media\/9889"}],"wp:attachment":[{"href":"https:\/\/mydrink.ee\/et\/wp-json\/wp\/v2\/media?parent=9888"}],"wp:term":[{"taxonomy":"product_brand","embeddable":true,"href":"https:\/\/mydrink.ee\/et\/wp-json\/wp\/v2\/product_brand?post=9888"},{"taxonomy":"product_cat","embeddable":true,"href":"https:\/\/mydrink.ee\/et\/wp-json\/wp\/v2\/product_cat?post=9888"},{"taxonomy":"product_tag","embeddable":true,"href":"https:\/\/mydrink.ee\/et\/wp-json\/wp\/v2\/product_tag?post=9888"}],"curies":[{"name":"wp","href":"https:\/\/api.w.org\/{rel}","templated":true}]}}