{"id":7707,"date":"2025-10-10T21:50:29","date_gmt":"2025-10-10T18:50:29","guid":{"rendered":"https:\/\/mydrink.ee\/?page_id=7707"},"modified":"2025-10-16T18:48:39","modified_gmt":"2025-10-16T15:48:39","slug":"7707-2","status":"publish","type":"page","link":"https:\/\/mydrink.ee\/fi\/7707-2\/","title":{"rendered":"Privacy Policy fi"},"content":{"rendered":"<p class=\"has-larger-font-size\">Henkil\u00f6tietojen k\u00e4sittely<\/p>\n\n\n<style>.wp-block-kadence-advancedheading.kt-adv-heading7707_5d4c60-e9, .wp-block-kadence-advancedheading.kt-adv-heading7707_5d4c60-e9[data-kb-block=\"kb-adv-heading7707_5d4c60-e9\"]{font-style:normal;}.wp-block-kadence-advancedheading.kt-adv-heading7707_5d4c60-e9 mark.kt-highlight, .wp-block-kadence-advancedheading.kt-adv-heading7707_5d4c60-e9[data-kb-block=\"kb-adv-heading7707_5d4c60-e9\"] mark.kt-highlight{font-style:normal;color:#f76a0c;-webkit-box-decoration-break:clone;box-decoration-break:clone;padding-top:0px;padding-right:0px;padding-bottom:0px;padding-left:0px;}<\/style>\n<p class=\"kt-adv-heading7707_5d4c60-e9 wp-block-kadence-advancedheading\" data-kb-block=\"kb-adv-heading7707_5d4c60-e9\">Verkkokaupan www.mydrink.ee henkil\u00f6tietojen vastuullinen k\u00e4sittelij\u00e4 on Asaro O\u00dc (y-tunnus 16778552), jonka osoite on Telliskivi 60, Tallinna 12011, s\u00e4hk\u00f6posti: info@mydrink.ee<\/p>\n\n\n\n<p>Emme s\u00e4ilyt\u00e4 henkil\u00f6tietoja pidemp\u00e4\u00e4n kuin laki edellytt\u00e4\u00e4 tai on tarpeen palvelun ja tehokkaan asiakaspalvelun varmistamiseksi.<\/p>\n\n\n<style>.wp-block-kadence-advancedheading.kt-adv-heading7707_b1bce4-42, .wp-block-kadence-advancedheading.kt-adv-heading7707_b1bce4-42[data-kb-block=\"kb-adv-heading7707_b1bce4-42\"]{font-style:normal;}.wp-block-kadence-advancedheading.kt-adv-heading7707_b1bce4-42 mark.kt-highlight, .wp-block-kadence-advancedheading.kt-adv-heading7707_b1bce4-42[data-kb-block=\"kb-adv-heading7707_b1bce4-42\"] mark.kt-highlight{font-style:normal;color:#f76a0c;-webkit-box-decoration-break:clone;box-decoration-break:clone;padding-top:0px;padding-right:0px;padding-bottom:0px;padding-left:0px;}<\/style>\n<p class=\"kt-adv-heading7707_b1bce4-42 wp-block-kadence-advancedheading\" data-kb-block=\"kb-adv-heading7707_b1bce4-42\">MIT\u00c4 HENKIL\u00d6TIETOJA K\u00c4SITELL\u00c4\u00c4N<\/p>\n\n\n\n<ul class=\"wp-block-list\">\n<li>etunimi ja sukunimi, henkil\u00f6tunnus, puhelinnumero ja s\u00e4hk\u00f6postiosoite<\/li>\n\n\n\n<li>toimitusosoite<\/li>\n\n\n\n<li>pankkitilin numero<\/li>\n\n\n\n<li>kaupade ja palveluiden kustannukset sek\u00e4 maksuihin liittyv\u00e4t tiedot (ostohistoria)<\/li>\n\n\n\n<li>asiakastuen tiedot<\/li>\n<\/ul>\n\n\n<style>.wp-block-kadence-advancedheading.kt-adv-heading7707_6c8c64-f1, .wp-block-kadence-advancedheading.kt-adv-heading7707_6c8c64-f1[data-kb-block=\"kb-adv-heading7707_6c8c64-f1\"]{font-style:normal;}.wp-block-kadence-advancedheading.kt-adv-heading7707_6c8c64-f1 mark.kt-highlight, .wp-block-kadence-advancedheading.kt-adv-heading7707_6c8c64-f1[data-kb-block=\"kb-adv-heading7707_6c8c64-f1\"] mark.kt-highlight{font-style:normal;color:#f76a0c;-webkit-box-decoration-break:clone;box-decoration-break:clone;padding-top:0px;padding-right:0px;padding-bottom:0px;padding-left:0px;}<\/style>\n<p class=\"kt-adv-heading7707_6c8c64-f1 wp-block-kadence-advancedheading\" data-kb-block=\"kb-adv-heading7707_6c8c64-f1\">MIK\u00c4 ON HENKIL\u00d6TIETOJEN K\u00c4SITTELYN TARKOITUS<\/p>\n\n\n\n<p>Henkil\u00f6tietoja k\u00e4ytet\u00e4\u00e4n asiakkaan tilausten hallintaan ja tavaran toimitukseen. Suostumus henkil\u00f6tietojen k\u00e4sittelyyn on v\u00e4ltt\u00e4m\u00e4t\u00f6n tilausten hallintaa varten, eik\u00e4 tilauksia voi tehd\u00e4 ilman sit\u00e4.<\/p>\n\n\n\n<p>Ostopaikkatiedot (ostop\u00e4iv\u00e4m\u00e4\u00e4r\u00e4, tuote, m\u00e4\u00e4r\u00e4, asiakastiedot) k\u00e4ytet\u00e4\u00e4n ostettujen tuotteiden ja palveluiden yleiskatsauksen laatimiseen sek\u00e4 asiakaspreferenssien analysointiin.<\/p>\n\n\n\n<p>Pankkitilinumerot k\u00e4ytet\u00e4\u00e4n asiakkaalle maksettavien palautusten tekemiseen.<\/p>\n\n\n\n<p>Henkil\u00f6tietoja, kuten etu- ja sukunimi, henkil\u00f6tunnus, puhelinnumero ja s\u00e4hk\u00f6postiosoite, k\u00e4sitell\u00e4\u00e4n tavaroiden ja palveluiden tarjoamiseen liittyvien asioiden ratkaisemiseksi (asiakastuki).<\/p>\n\n\n\n<p>Verkkokaupan k\u00e4ytt\u00e4j\u00e4n IP-osoitetta tai muita verkkoidentifikaattoreita k\u00e4sitell\u00e4\u00e4n verkkokaupassa tieto yhteiskuntapalvelun tarjoamiseksi sek\u00e4 verkkok\u00e4ytt\u00f6tilastojen laatimiseksi.<\/p>\n\n\n\n<p>Verkkosivusto k\u00e4ytt\u00e4\u00e4 ev\u00e4steit\u00e4 sek\u00e4 ostosession j\u00e4rjest\u00e4miseen ett\u00e4 k\u00e4ytt\u00f6tilastojen ker\u00e4\u00e4miseen. Tilauksen tekeminen on mahdollista vain, jos sallit viinarannasta.ee-sivuston ev\u00e4steet.<\/p>\n\n\n<style>.wp-block-kadence-advancedheading.kt-adv-heading7707_7db852-54, .wp-block-kadence-advancedheading.kt-adv-heading7707_7db852-54[data-kb-block=\"kb-adv-heading7707_7db852-54\"]{font-style:normal;}.wp-block-kadence-advancedheading.kt-adv-heading7707_7db852-54 mark.kt-highlight, .wp-block-kadence-advancedheading.kt-adv-heading7707_7db852-54[data-kb-block=\"kb-adv-heading7707_7db852-54\"] mark.kt-highlight{font-style:normal;color:#f76a0c;-webkit-box-decoration-break:clone;box-decoration-break:clone;padding-top:0px;padding-right:0px;padding-bottom:0px;padding-left:0px;}<\/style>\n<p class=\"kt-adv-heading7707_7db852-54 wp-block-kadence-advancedheading\" data-kb-block=\"kb-adv-heading7707_7db852-54\">OIKEUDELLINEN PERUSTE<\/p>\n\n\n\n<p>Henkil\u00f6tietojen k\u00e4sittely tapahtuu asiakkaan kanssa solmitun sopimuksen t\u00e4ytt\u00e4miseksi (Asetus nro 2016\/679\/EU artikla 6 1) b).<\/p>\n\n\n\n<p>Henkil\u00f6tietojen k\u00e4sittely tapahtuu oikeudellisen velvoitteen t\u00e4ytt\u00e4miseksi (esim. kirjanpito ja kuluttajariitojen ratkaiseminen) (Asetus nro 2016\/679\/EU johdanto-osa kohta 52, artikla 6 1) c).<\/p>\n\n\n<style>.wp-block-kadence-advancedheading.kt-adv-heading7707_aae18c-23, .wp-block-kadence-advancedheading.kt-adv-heading7707_aae18c-23[data-kb-block=\"kb-adv-heading7707_aae18c-23\"]{font-style:normal;}.wp-block-kadence-advancedheading.kt-adv-heading7707_aae18c-23 mark.kt-highlight, .wp-block-kadence-advancedheading.kt-adv-heading7707_aae18c-23[data-kb-block=\"kb-adv-heading7707_aae18c-23\"] mark.kt-highlight{font-style:normal;color:#f76a0c;-webkit-box-decoration-break:clone;box-decoration-break:clone;padding-top:0px;padding-right:0px;padding-bottom:0px;padding-left:0px;}<\/style>\n<p class=\"kt-adv-heading7707_aae18c-23 wp-block-kadence-advancedheading\" data-kb-block=\"kb-adv-heading7707_aae18c-23\">VASTAANOTTAJAT, JOILLE HENKIL\u00d6TIEDOT LUOVUTETAAN<\/p>\n\n\n\n<p>Henkil\u00f6tiedot v\u00e4litet\u00e4\u00e4n verkkokaupan asiakaspalvelulle ostosten ja ostohistorian hallintaa sek\u00e4 asiakasongelmien ratkaisemista varten.<\/p>\n\n\n\n<p>Etunimi ja sukunimi, henkil\u00f6tunnus, puhelinnumero sek\u00e4 s\u00e4hk\u00f6postiosoite v\u00e4litet\u00e4\u00e4n asiakkaan valitsemalle kuljetuspalveluntarjoajalle. Mik\u00e4li kyseess\u00e4 on kuriirilla toimitettava l\u00e4hetys, v\u00e4litet\u00e4\u00e4n yhteystietojen lis\u00e4ksi my\u00f6s asiakkaan osoite.<\/p>\n\n\n\n<p>Koska verkkokaupan kirjanpito hoidetaan palveluntarjoajan toimesta, henkil\u00f6tiedot luovutetaan palveluntarjoajalle kirjanpitotoimenpiteit\u00e4 varten.<\/p>\n\n\n\n<p>Henkil\u00f6tietoja voidaan siirt\u00e4\u00e4 tietotekniikkapalvelujen tarjoajille, jos se on tarpeen verkkokaupan toiminnallisuuden tai tietojen tallennuksen varmistamiseksi.<\/p>\n\n\n<style>.wp-block-kadence-advancedheading.kt-adv-heading7707_57c283-7e, .wp-block-kadence-advancedheading.kt-adv-heading7707_57c283-7e[data-kb-block=\"kb-adv-heading7707_57c283-7e\"]{font-style:normal;}.wp-block-kadence-advancedheading.kt-adv-heading7707_57c283-7e mark.kt-highlight, .wp-block-kadence-advancedheading.kt-adv-heading7707_57c283-7e[data-kb-block=\"kb-adv-heading7707_57c283-7e\"] mark.kt-highlight{font-style:normal;color:#f76a0c;-webkit-box-decoration-break:clone;box-decoration-break:clone;padding-top:0px;padding-right:0px;padding-bottom:0px;padding-left:0px;}<\/style>\n<p class=\"kt-adv-heading7707_57c283-7e wp-block-kadence-advancedheading\" data-kb-block=\"kb-adv-heading7707_57c283-7e\">TURVALLISUUS JA TIETOIHIN P\u00c4\u00c4SY<\/p>\n\n\n\n<p>Henkil\u00f6tietoihin p\u00e4\u00e4sy on verkkokaupan ty\u00f6ntekij\u00f6ill\u00e4, jotka voivat tutustua henkil\u00f6tietoihin ratkaistakseen verkkokaupan k\u00e4yt\u00f6n teknisi\u00e4 ongelmia ja tarjotakseen asiakastukea.<\/p>\n\n\n\n<p>Verkkokauppa toteuttaa asianmukaisia fyysisi\u00e4, organisatorisia ja tietoteknisi\u00e4 turvatoimia suojellakseen henkil\u00f6tietoja tahattomalta tai laittomalta tuhoutumiselta, katoamiselta, muuttamiselta sek\u00e4 luvattomalta p\u00e4\u00e4sylt\u00e4 ja julkistamiselta.<\/p>\n\n\n\n<p>Henkil\u00f6tietojen siirto verkkokaupan valtuutetuille k\u00e4sittelij\u00f6ille (esim. kuljetuspalvelun tarjoaja ja tietojen tallennus) henkil\u00f6tietojen k\u00e4sittely tapahtuu verkkokaupan ja valtuutettujen k\u00e4sittelij\u00f6iden v\u00e4lisill\u00e4 sopimuksilla. Valtuutettujen k\u00e4sittelij\u00f6iden on varmistettava asianmukaiset suojatoimet henkil\u00f6tietojen k\u00e4sittelyn yhteydess\u00e4.<\/p>\n\n\n<style>.wp-block-kadence-advancedheading.kt-adv-heading7707_5349a6-11, .wp-block-kadence-advancedheading.kt-adv-heading7707_5349a6-11[data-kb-block=\"kb-adv-heading7707_5349a6-11\"]{font-style:normal;}.wp-block-kadence-advancedheading.kt-adv-heading7707_5349a6-11 mark.kt-highlight, .wp-block-kadence-advancedheading.kt-adv-heading7707_5349a6-11[data-kb-block=\"kb-adv-heading7707_5349a6-11\"] mark.kt-highlight{font-style:normal;color:#f76a0c;-webkit-box-decoration-break:clone;box-decoration-break:clone;padding-top:0px;padding-right:0px;padding-bottom:0px;padding-left:0px;}<\/style>\n<p class=\"kt-adv-heading7707_5349a6-11 wp-block-kadence-advancedheading\" data-kb-block=\"kb-adv-heading7707_5349a6-11\">HENKIL\u00d6TIETOJEN TARKISTUS JA KORJAUS<\/p>\n\n\n\n<p>Henkil\u00f6tietoihin voi tutustua ottamalla yhteytt\u00e4 asiakaspalveluun.<\/p>\n\n\n<style>.wp-block-kadence-advancedheading.kt-adv-heading7707_7f18e7-35, .wp-block-kadence-advancedheading.kt-adv-heading7707_7f18e7-35[data-kb-block=\"kb-adv-heading7707_7f18e7-35\"]{font-style:normal;}.wp-block-kadence-advancedheading.kt-adv-heading7707_7f18e7-35 mark.kt-highlight, .wp-block-kadence-advancedheading.kt-adv-heading7707_7f18e7-35[data-kb-block=\"kb-adv-heading7707_7f18e7-35\"] mark.kt-highlight{font-style:normal;color:#f76a0c;-webkit-box-decoration-break:clone;box-decoration-break:clone;padding-top:0px;padding-right:0px;padding-bottom:0px;padding-left:0px;}<\/style>\n<p class=\"kt-adv-heading7707_7f18e7-35 wp-block-kadence-advancedheading\" data-kb-block=\"kb-adv-heading7707_7f18e7-35\">SUOSTUMUKSEN PERUUTTAMINEN<\/p>\n\n\n\n<p>Jos henkil\u00f6tietojen k\u00e4sittely perustuu asiakkaan suostumukseen, asiakkaalla on oikeus peruuttaa suostumus ilmoittamalla siit\u00e4 asiakastukeen s\u00e4hk\u00f6postitse. Suostumuksen peruuttaminen ei vaikuta ennen peruuttamista tapahtuneen k\u00e4sittelyn laillisuuteen. Suostumuksen peruuttamisen j\u00e4lkeen verkkokauppaa ei voi en\u00e4\u00e4 k\u00e4ytt\u00e4\u00e4.<\/p>\n\n\n<style>.wp-block-kadence-advancedheading.kt-adv-heading7707_e9938b-c7, .wp-block-kadence-advancedheading.kt-adv-heading7707_e9938b-c7[data-kb-block=\"kb-adv-heading7707_e9938b-c7\"]{font-style:normal;}.wp-block-kadence-advancedheading.kt-adv-heading7707_e9938b-c7 mark.kt-highlight, .wp-block-kadence-advancedheading.kt-adv-heading7707_e9938b-c7[data-kb-block=\"kb-adv-heading7707_e9938b-c7\"] mark.kt-highlight{font-style:normal;color:#f76a0c;-webkit-box-decoration-break:clone;box-decoration-break:clone;padding-top:0px;padding-right:0px;padding-bottom:0px;padding-left:0px;}<\/style>\n<p class=\"kt-adv-heading7707_e9938b-c7 wp-block-kadence-advancedheading\" data-kb-block=\"kb-adv-heading7707_e9938b-c7\">S\u00c4ILYTYS<\/p>\n\n\n\n<p>Verkkokaupan asiakastilin sulkemisen yhteydess\u00e4 henkil\u00f6tiedot poistetaan, paitsi jos tietoja on s\u00e4ilytett\u00e4v\u00e4 kirjanpitoa tai kuluttajariitojen ratkaisemista varten.<\/p>\n\n\n\n<p>Asiakasrekister\u00f6itym\u00e4tt\u00f6mien ostosten ostohistoria s\u00e4ilytet\u00e4\u00e4n kolmen vuoden ajan.<\/p>\n\n\n\n<p>Maksuihin ja kuluttajariitoihin liittyv\u00e4t henkil\u00f6tiedot s\u00e4ilytet\u00e4\u00e4n vaatimuksen t\u00e4ytt\u00e4miseen tai vanhentumisajan p\u00e4\u00e4ttymiseen asti (kolme vuotta).<\/p>\n\n\n\n<p>Kirjanpitoa varten tarvittavat henkil\u00f6tiedot s\u00e4ilytet\u00e4\u00e4n seitsem\u00e4n vuotta kalenterivuoden p\u00e4\u00e4ttymisest\u00e4.<\/p>\n\n\n<style>.wp-block-kadence-advancedheading.kt-adv-heading7707_6b8f86-df, .wp-block-kadence-advancedheading.kt-adv-heading7707_6b8f86-df[data-kb-block=\"kb-adv-heading7707_6b8f86-df\"]{font-style:normal;}.wp-block-kadence-advancedheading.kt-adv-heading7707_6b8f86-df mark.kt-highlight, .wp-block-kadence-advancedheading.kt-adv-heading7707_6b8f86-df[data-kb-block=\"kb-adv-heading7707_6b8f86-df\"] mark.kt-highlight{font-style:normal;color:#f76a0c;-webkit-box-decoration-break:clone;box-decoration-break:clone;padding-top:0px;padding-right:0px;padding-bottom:0px;padding-left:0px;}<\/style>\n<p class=\"kt-adv-heading7707_6b8f86-df wp-block-kadence-advancedheading\" data-kb-block=\"kb-adv-heading7707_6b8f86-df\">TIETOJEN K\u00c4YT\u00d6N RAJOITTAMINEN JA POISTAMINEN<\/p>\n\n\n\n<p>Henkil\u00f6tietojen k\u00e4yt\u00f6n rajoittamiseksi tai poistamiseksi tulee ottaa yhteytt\u00e4 asiakaspalveluun s\u00e4hk\u00f6postitse. Poistopyynt\u00f6\u00f6n vastataan viimeist\u00e4\u00e4n kuukauden kuluessa, ja tiedot poistamisen ajanjaksosta tarkennetaan. Sama koskee my\u00f6s henkil\u00f6tietojen k\u00e4yt\u00f6n rajoittamista.<\/p>\n\n\n<style>.wp-block-kadence-advancedheading.kt-adv-heading7707_235740-3a, .wp-block-kadence-advancedheading.kt-adv-heading7707_235740-3a[data-kb-block=\"kb-adv-heading7707_235740-3a\"]{font-style:normal;}.wp-block-kadence-advancedheading.kt-adv-heading7707_235740-3a mark.kt-highlight, .wp-block-kadence-advancedheading.kt-adv-heading7707_235740-3a[data-kb-block=\"kb-adv-heading7707_235740-3a\"] mark.kt-highlight{font-style:normal;color:#f76a0c;-webkit-box-decoration-break:clone;box-decoration-break:clone;padding-top:0px;padding-right:0px;padding-bottom:0px;padding-left:0px;}<\/style>\n<p class=\"kt-adv-heading7707_235740-3a wp-block-kadence-advancedheading\" data-kb-block=\"kb-adv-heading7707_235740-3a\">SIIRTO<\/p>\n\n\n\n<p>S\u00e4hk\u00f6postitse l\u00e4hetettyyn siirtohakemukseen vastataan viimeist\u00e4\u00e4n kuukauden kuluessa. Asiakastuki varmistaa henkil\u00f6llisyyden ja tiedottaa siirtoon liittyvist\u00e4 henkil\u00f6tiedoista.<\/p>\n\n\n<style>.wp-block-kadence-advancedheading.kt-adv-heading7707_60d238-ac, .wp-block-kadence-advancedheading.kt-adv-heading7707_60d238-ac[data-kb-block=\"kb-adv-heading7707_60d238-ac\"]{font-style:normal;}.wp-block-kadence-advancedheading.kt-adv-heading7707_60d238-ac mark.kt-highlight, .wp-block-kadence-advancedheading.kt-adv-heading7707_60d238-ac[data-kb-block=\"kb-adv-heading7707_60d238-ac\"] mark.kt-highlight{font-style:normal;color:#f76a0c;-webkit-box-decoration-break:clone;box-decoration-break:clone;padding-top:0px;padding-right:0px;padding-bottom:0px;padding-left:0px;}<\/style>\n<p class=\"kt-adv-heading7707_60d238-ac wp-block-kadence-advancedheading\" data-kb-block=\"kb-adv-heading7707_60d238-ac\">OTSETURVALLISUUSTIEDOT<\/p>\n\n\n\n<p>S\u00e4hk\u00f6postiosoitetta ja puhelinnumeroa k\u00e4ytet\u00e4\u00e4n suoramarkkinointiviestien l\u00e4hett\u00e4miseen, mik\u00e4li asiakas on antanut siihen suostumuksensa. Jos asiakas ei en\u00e4\u00e4 halua vastaanottaa suoramarkkinointiviestej\u00e4, tulee ottaa yhteytt\u00e4 asiakaspalveluun.<\/p>\n\n\n\n<p>Jos henkil\u00f6tietoja k\u00e4sitell\u00e4\u00e4n suoramarkkinointitarkoituksessa (profilointi), asiakkaalla on oikeus milloin tahansa vastustaa henkil\u00f6tietojensa alkuper\u00e4ist\u00e4 ja jatkok\u00e4sittely\u00e4, mukaan lukien suoramarkkinointiin liittyv\u00e4n profiilianalyysin tekeminen, ilmoittamalla siit\u00e4 asiakastukeen s\u00e4hk\u00f6postitse.<\/p>\n\n\n<style>.wp-block-kadence-advancedheading.kt-adv-heading7707_3c750e-9a, .wp-block-kadence-advancedheading.kt-adv-heading7707_3c750e-9a[data-kb-block=\"kb-adv-heading7707_3c750e-9a\"]{font-style:normal;}.wp-block-kadence-advancedheading.kt-adv-heading7707_3c750e-9a mark.kt-highlight, .wp-block-kadence-advancedheading.kt-adv-heading7707_3c750e-9a[data-kb-block=\"kb-adv-heading7707_3c750e-9a\"] mark.kt-highlight{font-style:normal;color:#f76a0c;-webkit-box-decoration-break:clone;box-decoration-break:clone;padding-top:0px;padding-right:0px;padding-bottom:0px;padding-left:0px;}<\/style>\n<p class=\"kt-adv-heading7707_3c750e-9a wp-block-kadence-advancedheading\" data-kb-block=\"kb-adv-heading7707_3c750e-9a\">RIIDANRATKAISU<\/p>\n\n\n\n<p>J\u00e4relevalveasutus on Eesti Andmekaitse Inspektsioon: info@aki.ee<br><br><br><br><\/p>","protected":false},"excerpt":{"rendered":"<p>Henkil\u00f6tietojen k\u00e4sittely Verkkokaupan www.mydrink.ee henkil\u00f6tietojen vastuullinen k\u00e4sittelij\u00e4 on Asaro O\u00dc (y-tunnus 16778552), jonka osoite on Telliskivi 60, Tallinna 12011, s\u00e4hk\u00f6posti: info@mydrink.ee Emme s\u00e4ilyt\u00e4 henkil\u00f6tietoja pidemp\u00e4\u00e4n kuin laki edellytt\u00e4\u00e4 tai on tarpeen palvelun ja tehokkaan asiakaspalvelun varmistamiseksi. MIT\u00c4 HENKIL\u00d6TIETOJA K\u00c4SITELL\u00c4\u00c4N MIK\u00c4 ON HENKIL\u00d6TIETOJEN K\u00c4SITTELYN TARKOITUS Henkil\u00f6tietoja k\u00e4ytet\u00e4\u00e4n asiakkaan tilausten hallintaan ja tavaran toimitukseen. Suostumus henkil\u00f6tietojen k\u00e4sittelyyn&#8230;<\/p>","protected":false},"author":1,"featured_media":0,"parent":0,"menu_order":0,"comment_status":"closed","ping_status":"closed","template":"","meta":{"_acf_changed":false,"_kadence_starter_templates_imported_post":false,"_kad_post_transparent":"","_kad_post_title":"","_kad_post_layout":"","_kad_post_sidebar_id":"","_kad_post_content_style":"","_kad_post_vertical_padding":"","_kad_post_feature":"","_kad_post_feature_position":"","_kad_post_header":false,"_kad_post_footer":false,"footnotes":""},"class_list":["post-7707","page","type-page","status-publish","hentry"],"acf":[],"_links":{"self":[{"href":"https:\/\/mydrink.ee\/fi\/wp-json\/wp\/v2\/pages\/7707","targetHints":{"allow":["GET"]}}],"collection":[{"href":"https:\/\/mydrink.ee\/fi\/wp-json\/wp\/v2\/pages"}],"about":[{"href":"https:\/\/mydrink.ee\/fi\/wp-json\/wp\/v2\/types\/page"}],"author":[{"embeddable":true,"href":"https:\/\/mydrink.ee\/fi\/wp-json\/wp\/v2\/users\/1"}],"replies":[{"embeddable":true,"href":"https:\/\/mydrink.ee\/fi\/wp-json\/wp\/v2\/comments?post=7707"}],"version-history":[{"count":0,"href":"https:\/\/mydrink.ee\/fi\/wp-json\/wp\/v2\/pages\/7707\/revisions"}],"wp:attachment":[{"href":"https:\/\/mydrink.ee\/fi\/wp-json\/wp\/v2\/media?parent=7707"}],"curies":[{"name":"wp","href":"https:\/\/api.w.org\/{rel}","templated":true}]}}