{"id":103,"date":"2012-07-13T10:47:48","date_gmt":"2012-07-13T07:47:48","guid":{"rendered":"https:\/\/mydrink.ee\/product\/calvados-coquerel-xo-40-70cl\/"},"modified":"2025-11-27T14:18:40","modified_gmt":"2025-11-27T12:18:40","slug":"calvados-coquerel-xo-40-70cl","status":"publish","type":"product","link":"https:\/\/mydrink.ee\/fi\/product\/calvados-coquerel-xo-40-70cl\/","title":{"rendered":"CALVADOS COQUEREL XO 40% vol 70CL"},"content":{"rendered":"<p>V\u00e4rvus: merevaik<br \/>\nMaitse:  rikkalik, pehme, kergelt vanilline, pika j\u00e4relmaitsega<br \/>\nServeerimine: puhtalt, v\u00f5ib kasutada ka kokteilides <\/p>\n<p>Coquerel X.O on segu 8 kuni 15 aastat laagerdunud kalvadostest. Esmalt uutes tammevaatides hoitud kalvados villitakse hiljem kasutatud v\u00e4ikestesse vaatidesse, mis annb joogile t\u00e4iusliku lihvi ja pehmuse. Toode on kuldse merevaigu-v\u00e4rvi, rikkalik, kergelt vanillise buketi ning kauakestva pehme maitsega. <\/p>\n<p>Coquerel\u2019i kalvadosi m\u00f5is asub Milly\u2019s Domfront\u2019i l\u00e4hedal. See on piirkond kus traditsiooniliselt valmistatakse kalvadosi valdavalt pirnist, seevastu Coquerel on keskendunud \u00f5unale. Coquerel\u2019i ajalugu algab aastast 1937 kui Ren\u00e9 Gilbert asutas Coquerel\u2019i kalvadosi m\u00f5isa. Coquerel\u2019i tootmist on viiel korral autasustatud Grand Prix d\u2019Honneur\u2019ga, mis on Prantsusmaa presindendi auhind parimatele kalvadosi tootjatele.<br \/>\nCoquerel on suuruselt kolmas kalvadosi tootja Prantsusmaal. \u00dcle poole Coquerel\u2019i toodangust eksporditakse. Suurimad eksportturud on Hispaania, Saksamaa, Belgia, Jaapan, USA jt.<br \/>\nCalvados Coquerel on Eestis enimm\u00fc\u00fcdav kalvados, mille sortimenti kuulub Fine, V.S.O.P, X.O ja Pomme D\u2019Eve kvaliteedis tooted.<\/p>\n\n<style>.wp-block-kadence-advancedheading.kt-adv-heading103_e1efdc-80, .wp-block-kadence-advancedheading.kt-adv-heading103_e1efdc-80[data-kb-block=\"kb-adv-heading103_e1efdc-80\"]{font-style:normal;}.wp-block-kadence-advancedheading.kt-adv-heading103_e1efdc-80 mark.kt-highlight, .wp-block-kadence-advancedheading.kt-adv-heading103_e1efdc-80[data-kb-block=\"kb-adv-heading103_e1efdc-80\"] mark.kt-highlight{font-style:normal;color:#f76a0c;-webkit-box-decoration-break:clone;box-decoration-break:clone;padding-top:0px;padding-right:0px;padding-bottom:0px;padding-left:0px;}<\/style>\n<p class=\"kt-adv-heading103_e1efdc-80 wp-block-kadence-advancedheading\" data-kb-block=\"kb-adv-heading103_e1efdc-80\"><\/p>","protected":false},"excerpt":{"rendered":"<p>Liik: Kalvados<br \/>\nKastis: 6<br \/>\nMaht: 70CL<br \/>\nAlkoholisisaldus: 40% vol<br \/>\nP\u00e4ritolumaa: Prantsusmaa<\/p>","protected":false},"featured_media":8599,"template":"","meta":{"_acf_changed":false,"_kadence_starter_templates_imported_post":false,"_kad_post_transparent":"","_kad_post_title":"","_kad_post_layout":"","_kad_post_sidebar_id":"","_kad_post_content_style":"","_kad_post_vertical_padding":"","_kad_post_feature":"","_kad_post_feature_position":"","_kad_post_header":false,"_kad_post_footer":false},"product_brand":[],"product_cat":[41,26],"product_tag":[],"class_list":{"0":"post-103","1":"product","2":"type-product","3":"status-publish","4":"has-post-thumbnail","6":"product_cat-kalvados","7":"product_cat-kange-alkohol","9":"first","10":"instock","11":"taxable","12":"shipping-taxable","13":"purchasable","14":"product-type-simple","15":"entry","16":"content-bg","17":"loop-entry"},"acf":[],"_links":{"self":[{"href":"https:\/\/mydrink.ee\/fi\/wp-json\/wp\/v2\/product\/103","targetHints":{"allow":["GET"]}}],"collection":[{"href":"https:\/\/mydrink.ee\/fi\/wp-json\/wp\/v2\/product"}],"about":[{"href":"https:\/\/mydrink.ee\/fi\/wp-json\/wp\/v2\/types\/product"}],"wp:featuredmedia":[{"embeddable":true,"href":"https:\/\/mydrink.ee\/fi\/wp-json\/wp\/v2\/media\/8599"}],"wp:attachment":[{"href":"https:\/\/mydrink.ee\/fi\/wp-json\/wp\/v2\/media?parent=103"}],"wp:term":[{"taxonomy":"product_brand","embeddable":true,"href":"https:\/\/mydrink.ee\/fi\/wp-json\/wp\/v2\/product_brand?post=103"},{"taxonomy":"product_cat","embeddable":true,"href":"https:\/\/mydrink.ee\/fi\/wp-json\/wp\/v2\/product_cat?post=103"},{"taxonomy":"product_tag","embeddable":true,"href":"https:\/\/mydrink.ee\/fi\/wp-json\/wp\/v2\/product_tag?post=103"}],"curies":[{"name":"wp","href":"https:\/\/api.w.org\/{rel}","templated":true}]}}